{"id":67465,"date":"2025-10-09T08:55:13","date_gmt":"2025-10-09T12:55:13","guid":{"rendered":"https:\/\/www.petitecabane.com\/cart\/"},"modified":"2026-04-13T11:40:00","modified_gmt":"2026-04-13T15:40:00","slug":"cart","status":"publish","type":"page","link":"https:\/\/www.petitecabane.com\/en\/cart\/","title":{"rendered":"Cart"},"content":{"rendered":"<div class=\"wpb-content-wrapper\"><p>[vc_row][vc_column][vc_column_text css=&#8221;.vc_custom_1773665688368{padding-bottom: 15px !important;}&#8221;]<\/p>\n<p><strong>Shipping to Nunavut, the Northwest Territories, and Yukon must be calculated manually.<\/strong><\/p>\n<p><br data-start=\"983\" data-end=\"986\"><strong>Please contact us at <a class=\"decorated-link cursor-pointer\" href=\"mailto:info@petitecabane.com\" rel=\"noopener\" data-start=\"1014\" data-end=\"1035\">info@petitecabane.com<\/a> before completing your order to get an estimate of the shipping costs.<\/strong><\/p>\n<p>&nbsp;<\/p>\n<p>[\/vc_column_text][vc_column_text]<\/p>\n<\/p>\r\n<div data-block-name=\"woocommerce\/cart\" class=\"wp-block-woocommerce-cart alignwide is-loading\">\r\n<div data-block-name=\"woocommerce\/filled-cart-block\" class=\"wp-block-woocommerce-filled-cart-block\">\r\n<div data-block-name=\"woocommerce\/cart-items-block\" class=\"wp-block-woocommerce-cart-items-block\">\r\n<div data-block-name=\"woocommerce\/cart-line-items-block\" data-translated-with-w-p-m-l-t-m=\"1\" class=\"wp-block-woocommerce-cart-line-items-block\"> <\/div>\r\n\r\n\r\n\r\n<div data-block-name=\"woocommerce\/cart-cross-sells-block\" class=\"wp-block-woocommerce-cart-cross-sells-block\">&#13;\n<h2 class=\"wp-block-heading has-large-font-size\">You might also like&#8230;<\/h2>&#13;\n\r\n\r\n\r\n<div data-block-name=\"woocommerce\/cart-cross-sells-products-block\" data-translated-with-w-p-m-l-t-m=\"1\" class=\"wp-block-woocommerce-cart-cross-sells-products-block\"> <\/div>\r\n<p><\/p>\r\n<\/div>\r\n<p><\/p>\r\n<\/div>\r\n\r\n\r\n\r\n<div data-block-name=\"woocommerce\/cart-totals-block\" class=\"wp-block-woocommerce-cart-totals-block\">\r\n<div data-block-name=\"woocommerce\/cart-order-summary-block\" class=\"wp-block-woocommerce-cart-order-summary-block\">\r\n<div data-block-name=\"woocommerce\/cart-order-summary-heading-block\" class=\"wp-block-woocommerce-cart-order-summary-heading-block\">\u00a0<\/div>\r\n\r\n\r\n\r\n<div data-block-name=\"woocommerce\/cart-order-summary-coupon-form-block\" data-translated-with-w-p-m-l-t-m=\"1\" class=\"wp-block-woocommerce-cart-order-summary-coupon-form-block\"> <\/div>\r\n\r\n\r\n\r\n\r\n\r\n\r\n\r\n\r\n\r\n\r\n\r\n\r\n\r\n\r\n\r\n\r\n\r\n\r\n\r\n<div data-block-name=\"woocommerce\/cart-order-summary-totals-block\" class=\"wp-block-woocommerce-cart-order-summary-totals-block\">\n<div data-block-name=\"woocommerce\/cart-order-summary-subtotal-block\" data-translated-with-w-p-m-l-t-m=\"1\" class=\"wp-block-woocommerce-cart-order-summary-subtotal-block\"> <\/div>\n<div data-block-name=\"woocommerce\/cart-order-summary-discount-block\" data-translated-with-w-p-m-l-t-m=\"1\" class=\"wp-block-woocommerce-cart-order-summary-discount-block\"> <\/div>\n<div data-block-name=\"woocommerce\/cart-order-summary-fee-block\" data-translated-with-w-p-m-l-t-m=\"1\" class=\"wp-block-woocommerce-cart-order-summary-fee-block\"> <\/div>\n<div data-block-name=\"woocommerce\/cart-order-summary-shipping-block\" data-translated-with-w-p-m-l-t-m=\"1\" class=\"wp-block-woocommerce-cart-order-summary-shipping-block\"> <\/div>\n<div data-block-name=\"woocommerce\/cart-order-summary-taxes-block\" data-translated-with-w-p-m-l-t-m=\"1\" class=\"wp-block-woocommerce-cart-order-summary-taxes-block\"> <\/div><\/div>\r\n<p><\/p>\r\n<\/div>\r\n\r\n\r\n\r\n<div data-block-name=\"woocommerce\/cart-express-payment-block\" data-button-border-radius=\"4\" data-button-height=\"48\" data-show-button-styles=\"false\" data-translated-with-w-p-m-l-t-m=\"1\" class=\"wp-block-woocommerce-cart-express-payment-block\"> <\/div>\r\n\r\n\r\n\r\n<div data-block-name=\"woocommerce\/proceed-to-checkout-block\" class=\"wp-block-woocommerce-proceed-to-checkout-block\">\u00a0<\/div>\r\n\r\n\r\n\r\n<div data-block-name=\"woocommerce\/cart-accepted-payment-methods-block\" data-translated-with-w-p-m-l-t-m=\"1\" class=\"wp-block-woocommerce-cart-accepted-payment-methods-block\"> <\/div>\r\n<p><\/p>\r\n<\/div>\r\n<p><\/p>\r\n<\/div>\r\n\r\n\r\n\r\n<div data-block-name=\"woocommerce\/empty-cart-block\" class=\"wp-block-woocommerce-empty-cart-block\">&#13;\n<h2 class=\"wp-block-heading has-text-align-center with-empty-cart-icon wc-block-cart__empty-cart__title\">Your shopping cart is currently empty!<\/h2>&#13;\n\r\n\r\n<hr class=\"wp-block-separator has-alpha-channel-opacity is-style-dots\" \/>\r\n\r\n&#13;\n<h2 class=\"wp-block-heading has-text-align-center\">New in the Shop<\/h2>&#13;\n\r\n<div data-block-name=\"woocommerce\/product-new\" data-columns=\"4\" data-rows=\"1\" class=\"wc-block-grid wp-block-product-new wp-block-woocommerce-product-new wc-block-product-new has-4-columns\"><ul class=\"wc-block-grid__products\"><li class=\"wc-block-grid__product\">\n\t\t\t\t<a href=\"https:\/\/www.petitecabane.com\/en\/produit\/maple-pancake-and-waffle-mix\/\" class=\"wc-block-grid__product-link\">\n\t\t\t\t\t\n\t\t\t\t\t<div class=\"wc-block-grid__product-image\"><img decoding=\"async\" width=\"270\" height=\"270\" src=\"https:\/\/www.petitecabane.com\/wp-content\/uploads\/2025\/11\/Fichier-47-270x270.png\" class=\"attachment-woocommerce_thumbnail size-woocommerce_thumbnail\" alt=\"Maple Pancake and Waffle Mix\" srcset=\"https:\/\/www.petitecabane.com\/wp-content\/uploads\/2025\/11\/Fichier-47-270x270.png 270w, https:\/\/www.petitecabane.com\/wp-content\/uploads\/2025\/11\/Fichier-47-300x300.png 300w, https:\/\/www.petitecabane.com\/wp-content\/uploads\/2025\/11\/Fichier-47-1024x1024.png 1024w, https:\/\/www.petitecabane.com\/wp-content\/uploads\/2025\/11\/Fichier-47-150x150.png 150w, https:\/\/www.petitecabane.com\/wp-content\/uploads\/2025\/11\/Fichier-47-600x600.png 600w, https:\/\/www.petitecabane.com\/wp-content\/uploads\/2025\/11\/Fichier-47-100x100.png 100w, https:\/\/www.petitecabane.com\/wp-content\/uploads\/2025\/11\/Fichier-47.png 1202w\" sizes=\"(max-width: 270px) 100vw, 270px\" \/><\/div>\n\t\t\t\t\t<div class=\"wc-block-grid__product-title\">Maple Pancake and Waffle Mix<\/div>\n\t\t\t\t<\/a>\n\t\t\t\t<div class=\"wc-block-grid__product-price price\"><span class=\"woocommerce-Price-amount amount\" aria-hidden=\"true\">6,95&nbsp;<span class=\"woocommerce-Price-currencySymbol\">&#036;<\/span><\/span> <span aria-hidden=\"true\">&ndash;<\/span> <span class=\"woocommerce-Price-amount amount\" aria-hidden=\"true\">12,95&nbsp;<span class=\"woocommerce-Price-currencySymbol\">&#036;<\/span><\/span><span class=\"screen-reader-text\">Price range: 6,95&nbsp;&#036; through 12,95&nbsp;&#036;<\/span><\/div>\n\t\t\t\t\n\t\t\t\t<div class=\"wp-block-button wc-block-grid__product-add-to-cart\"><a href=\"https:\/\/www.petitecabane.com\/en\/produit\/maple-pancake-and-waffle-mix\/\" aria-label=\"Select options for &ldquo;Maple Pancake and Waffle Mix&rdquo;\" data-quantity=\"1\" data-product_id=\"68547\" data-product_sku=\"\" data-price=\"6.95\" rel=\"nofollow\" class=\"wp-block-button__link  add_to_cart_button\">Read more<\/a><\/div>\n\t\t\t<\/li><li class=\"wc-block-grid__product\">\n\t\t\t\t<a href=\"https:\/\/www.petitecabane.com\/en\/produit\/maple-salt\/\" class=\"wc-block-grid__product-link\">\n\t\t\t\t\t\n\t\t\t\t\t<div class=\"wc-block-grid__product-image\"><img decoding=\"async\" width=\"270\" height=\"270\" src=\"https:\/\/www.petitecabane.com\/wp-content\/uploads\/2025\/11\/epices-sel-erable-270x270.jpg\" class=\"attachment-woocommerce_thumbnail size-woocommerce_thumbnail\" alt=\"Maple Salt\" srcset=\"https:\/\/www.petitecabane.com\/wp-content\/uploads\/2025\/11\/epices-sel-erable-270x270.jpg 270w, https:\/\/www.petitecabane.com\/wp-content\/uploads\/2025\/11\/epices-sel-erable-300x300.jpg 300w, https:\/\/www.petitecabane.com\/wp-content\/uploads\/2025\/11\/epices-sel-erable-1024x1024.jpg 1024w, https:\/\/www.petitecabane.com\/wp-content\/uploads\/2025\/11\/epices-sel-erable-150x150.jpg 150w, https:\/\/www.petitecabane.com\/wp-content\/uploads\/2025\/11\/epices-sel-erable-1536x1536.jpg 1536w, https:\/\/www.petitecabane.com\/wp-content\/uploads\/2025\/11\/epices-sel-erable-2048x2048.jpg 2048w, https:\/\/www.petitecabane.com\/wp-content\/uploads\/2025\/11\/epices-sel-erable-600x600.jpg 600w, https:\/\/www.petitecabane.com\/wp-content\/uploads\/2025\/11\/epices-sel-erable-100x100.jpg 100w\" sizes=\"(max-width: 270px) 100vw, 270px\" \/><\/div>\n\t\t\t\t\t<div class=\"wc-block-grid__product-title\">Maple Salt<\/div>\n\t\t\t\t<\/a>\n\t\t\t\t<div class=\"wc-block-grid__product-price price\"><\/div>\n\t\t\t\t\n\t\t\t\t<div class=\"wp-block-button wc-block-grid__product-add-to-cart\"><a href=\"https:\/\/www.petitecabane.com\/en\/produit\/maple-salt\/\" aria-label=\"Read more about &ldquo;Maple Salt&rdquo;\" data-quantity=\"1\" data-product_id=\"68545\" data-product_sku=\"\" data-price=\"0\" rel=\"nofollow\" class=\"wp-block-button__link  add_to_cart_button\">Read more<\/a><\/div>\n\t\t\t<\/li><li class=\"wc-block-grid__product\">\n\t\t\t\t<a href=\"https:\/\/www.petitecabane.com\/en\/produit\/maple-pepper\/\" class=\"wc-block-grid__product-link\">\n\t\t\t\t\t\n\t\t\t\t\t<div class=\"wc-block-grid__product-image\"><img decoding=\"async\" width=\"270\" height=\"270\" src=\"https:\/\/www.petitecabane.com\/wp-content\/uploads\/2025\/11\/epices-poivre-erable-270x270.jpg\" class=\"attachment-woocommerce_thumbnail size-woocommerce_thumbnail\" alt=\"Maple Pepper\" srcset=\"https:\/\/www.petitecabane.com\/wp-content\/uploads\/2025\/11\/epices-poivre-erable-270x270.jpg 270w, https:\/\/www.petitecabane.com\/wp-content\/uploads\/2025\/11\/epices-poivre-erable-300x300.jpg 300w, https:\/\/www.petitecabane.com\/wp-content\/uploads\/2025\/11\/epices-poivre-erable-1024x1024.jpg 1024w, https:\/\/www.petitecabane.com\/wp-content\/uploads\/2025\/11\/epices-poivre-erable-150x150.jpg 150w, https:\/\/www.petitecabane.com\/wp-content\/uploads\/2025\/11\/epices-poivre-erable-1536x1536.jpg 1536w, https:\/\/www.petitecabane.com\/wp-content\/uploads\/2025\/11\/epices-poivre-erable-2048x2048.jpg 2048w, https:\/\/www.petitecabane.com\/wp-content\/uploads\/2025\/11\/epices-poivre-erable-600x600.jpg 600w, https:\/\/www.petitecabane.com\/wp-content\/uploads\/2025\/11\/epices-poivre-erable-100x100.jpg 100w\" sizes=\"(max-width: 270px) 100vw, 270px\" \/><\/div>\n\t\t\t\t\t<div class=\"wc-block-grid__product-title\">Maple Pepper<\/div>\n\t\t\t\t<\/a>\n\t\t\t\t<div class=\"wc-block-grid__product-price price\"><span class=\"woocommerce-Price-amount amount\">9,95&nbsp;<span class=\"woocommerce-Price-currencySymbol\">&#036;<\/span><\/span><\/div>\n\t\t\t\t\n\t\t\t\t<div class=\"wp-block-button wc-block-grid__product-add-to-cart\"><a href=\"\/en\/wp-json\/wp\/v2\/pages\/67465?add-to-cart=68541\" aria-label=\"Add to cart: &ldquo;Maple Pepper&rdquo;\" data-quantity=\"1\" data-product_id=\"68541\" data-product_sku=\"\" data-price=\"9.95\" rel=\"nofollow\" class=\"wp-block-button__link  add_to_cart_button ajax_add_to_cart\">Read more<\/a><\/div>\n\t\t\t<\/li><li class=\"wc-block-grid__product\">\n\t\t\t\t<a href=\"https:\/\/www.petitecabane.com\/en\/produit\/spices-sugar-shack-blend\/\" class=\"wc-block-grid__product-link\">\n\t\t\t\t\t\n\t\t\t\t\t<div class=\"wc-block-grid__product-image\"><img decoding=\"async\" width=\"270\" height=\"270\" src=\"https:\/\/www.petitecabane.com\/wp-content\/uploads\/2025\/11\/epices-melange-cabane-270x270.jpg\" class=\"attachment-woocommerce_thumbnail size-woocommerce_thumbnail\" alt=\"Sugar Shack Blend\" srcset=\"https:\/\/www.petitecabane.com\/wp-content\/uploads\/2025\/11\/epices-melange-cabane-270x270.jpg 270w, https:\/\/www.petitecabane.com\/wp-content\/uploads\/2025\/11\/epices-melange-cabane-300x300.jpg 300w, https:\/\/www.petitecabane.com\/wp-content\/uploads\/2025\/11\/epices-melange-cabane-1024x1024.jpg 1024w, https:\/\/www.petitecabane.com\/wp-content\/uploads\/2025\/11\/epices-melange-cabane-150x150.jpg 150w, https:\/\/www.petitecabane.com\/wp-content\/uploads\/2025\/11\/epices-melange-cabane-1536x1536.jpg 1536w, https:\/\/www.petitecabane.com\/wp-content\/uploads\/2025\/11\/epices-melange-cabane-2048x2048.jpg 2048w, https:\/\/www.petitecabane.com\/wp-content\/uploads\/2025\/11\/epices-melange-cabane-600x600.jpg 600w, https:\/\/www.petitecabane.com\/wp-content\/uploads\/2025\/11\/epices-melange-cabane-100x100.jpg 100w\" sizes=\"(max-width: 270px) 100vw, 270px\" \/><\/div>\n\t\t\t\t\t<div class=\"wc-block-grid__product-title\">Sugar Shack Blend<\/div>\n\t\t\t\t<\/a>\n\t\t\t\t<div class=\"wc-block-grid__product-price price\"><span class=\"woocommerce-Price-amount amount\">9,95&nbsp;<span class=\"woocommerce-Price-currencySymbol\">&#036;<\/span><\/span><\/div>\n\t\t\t\t\n\t\t\t\t<div class=\"wp-block-button wc-block-grid__product-add-to-cart\"><a href=\"\/en\/wp-json\/wp\/v2\/pages\/67465?add-to-cart=68536\" aria-label=\"Add to cart: &ldquo;Sugar Shack Blend&rdquo;\" data-quantity=\"1\" data-product_id=\"68536\" data-product_sku=\"\" data-price=\"9.95\" rel=\"nofollow\" class=\"wp-block-button__link  add_to_cart_button ajax_add_to_cart\">Read more<\/a><\/div>\n\t\t\t<\/li><\/ul><\/div>\r\n<\/div>\r\n<p><\/p>\r\n<\/div>\r\n<p><p>[\/vc_column_text][\/vc_column][\/vc_row]<\/p>\n<\/div>","protected":false},"excerpt":{"rendered":"<p>[vc_row][vc_column][vc_column_text css=&#8221;.vc_custom_1773665688368{padding-bottom: 15px !important;}&#8221;] Shipping to Nunavut, the Northwest Territories, and Yukon must be calculated manually. Please contact us at info@petitecabane.com before completing your order to get an estimate of the shipping costs. &nbsp; [\/vc_column_text][vc_column_text] [\/vc_column_text][\/vc_column][\/vc_row]<\/p>\n","protected":false},"author":1,"featured_media":0,"parent":0,"menu_order":0,"comment_status":"closed","ping_status":"closed","template":"","meta":{"footnotes":""},"class_list":["post-67465","page","type-page","status-publish","hentry"],"yoast_head":"<!-- This site is optimized with the Yoast SEO plugin v27.2 - https:\/\/yoast.com\/product\/yoast-seo-wordpress\/ -->\n<title>Cart<\/title>\n<meta name=\"robots\" content=\"index, follow, max-snippet:-1, max-image-preview:large, max-video-preview:-1\" \/>\n<link rel=\"canonical\" href=\"https:\/\/www.petitecabane.com\/en\/cart\/\" \/>\n<meta property=\"og:locale\" content=\"en_US\" \/>\n<meta property=\"og:type\" content=\"article\" \/>\n<meta property=\"og:title\" content=\"Cart\" \/>\n<meta property=\"og:description\" content=\"[vc_row][vc_column][vc_column_text css=&#8221;.vc_custom_1773665688368{padding-bottom: 15px !important;}&#8221;] Shipping to Nunavut, the Northwest Territories, and Yukon must be calculated manually. Please contact us at info@petitecabane.com before completing your order to get an estimate of the shipping costs. &nbsp; [\/vc_column_text][vc_column_text] [\/vc_column_text][\/vc_column][\/vc_row]\" \/>\n<meta property=\"og:url\" content=\"https:\/\/www.petitecabane.com\/en\/cart\/\" \/>\n<meta property=\"og:site_name\" content=\"La Petite Cabane \u00e0 Sucre de Qu\u00e9bec\" \/>\n<meta property=\"article:publisher\" content=\"https:\/\/www.facebook.com\/petitecabaneasucredeQuebec\" \/>\n<meta property=\"article:modified_time\" content=\"2026-04-13T15:40:00+00:00\" \/>\n<meta property=\"og:image\" content=\"https:\/\/petitecabane.com\/wp-content\/uploads\/2014\/05\/screenshot.png\" \/>\n<script type=\"application\/ld+json\" class=\"yoast-schema-graph\">{\"@context\":\"https:\/\/schema.org\",\"@graph\":[{\"@type\":\"WebPage\",\"@id\":\"https:\/\/www.petitecabane.com\/en\/cart\/\",\"url\":\"https:\/\/www.petitecabane.com\/en\/cart\/\",\"name\":\"Cart\",\"isPartOf\":{\"@id\":\"https:\/\/www.petitecabane.com\/en\/#website\"},\"datePublished\":\"2025-10-09T12:55:13+00:00\",\"dateModified\":\"2026-04-13T15:40:00+00:00\",\"breadcrumb\":{\"@id\":\"https:\/\/www.petitecabane.com\/en\/cart\/#breadcrumb\"},\"inLanguage\":\"en-US\",\"potentialAction\":[{\"@type\":\"ReadAction\",\"target\":[\"https:\/\/www.petitecabane.com\/en\/cart\/\"]}]},{\"@type\":\"BreadcrumbList\",\"@id\":\"https:\/\/www.petitecabane.com\/en\/cart\/#breadcrumb\",\"itemListElement\":[{\"@type\":\"ListItem\",\"position\":1,\"name\":\"Home\",\"item\":\"https:\/\/www.petitecabane.com\/en\/home\/\"},{\"@type\":\"ListItem\",\"position\":2,\"name\":\"Cart\"}]},{\"@type\":\"WebSite\",\"@id\":\"https:\/\/www.petitecabane.com\/en\/#website\",\"url\":\"https:\/\/www.petitecabane.com\/en\/\",\"name\":\"La Petite Cabane \u00e0 Sucre de Qu\u00e9bec\",\"description\":\"Boutique sp\u00e9cialis\u00e9e de produits d\u2019\u00e9rable\",\"potentialAction\":[{\"@type\":\"SearchAction\",\"target\":{\"@type\":\"EntryPoint\",\"urlTemplate\":\"https:\/\/www.petitecabane.com\/en\/?s={search_term_string}\"},\"query-input\":{\"@type\":\"PropertyValueSpecification\",\"valueRequired\":true,\"valueName\":\"search_term_string\"}}],\"inLanguage\":\"en-US\"}]}<\/script>\n<!-- \/ Yoast SEO plugin. -->","yoast_head_json":{"title":"Cart","robots":{"index":"index","follow":"follow","max-snippet":"max-snippet:-1","max-image-preview":"max-image-preview:large","max-video-preview":"max-video-preview:-1"},"canonical":"https:\/\/www.petitecabane.com\/en\/cart\/","og_locale":"en_US","og_type":"article","og_title":"Cart","og_description":"[vc_row][vc_column][vc_column_text css=&#8221;.vc_custom_1773665688368{padding-bottom: 15px !important;}&#8221;] Shipping to Nunavut, the Northwest Territories, and Yukon must be calculated manually. Please contact us at info@petitecabane.com before completing your order to get an estimate of the shipping costs. &nbsp; [\/vc_column_text][vc_column_text] [\/vc_column_text][\/vc_column][\/vc_row]","og_url":"https:\/\/www.petitecabane.com\/en\/cart\/","og_site_name":"La Petite Cabane \u00e0 Sucre de Qu\u00e9bec","article_publisher":"https:\/\/www.facebook.com\/petitecabaneasucredeQuebec","article_modified_time":"2026-04-13T15:40:00+00:00","og_image":[{"url":"https:\/\/petitecabane.com\/wp-content\/uploads\/2014\/05\/screenshot.png","type":"","width":"","height":""}],"schema":{"@context":"https:\/\/schema.org","@graph":[{"@type":"WebPage","@id":"https:\/\/www.petitecabane.com\/en\/cart\/","url":"https:\/\/www.petitecabane.com\/en\/cart\/","name":"Cart","isPartOf":{"@id":"https:\/\/www.petitecabane.com\/en\/#website"},"datePublished":"2025-10-09T12:55:13+00:00","dateModified":"2026-04-13T15:40:00+00:00","breadcrumb":{"@id":"https:\/\/www.petitecabane.com\/en\/cart\/#breadcrumb"},"inLanguage":"en-US","potentialAction":[{"@type":"ReadAction","target":["https:\/\/www.petitecabane.com\/en\/cart\/"]}]},{"@type":"BreadcrumbList","@id":"https:\/\/www.petitecabane.com\/en\/cart\/#breadcrumb","itemListElement":[{"@type":"ListItem","position":1,"name":"Home","item":"https:\/\/www.petitecabane.com\/en\/home\/"},{"@type":"ListItem","position":2,"name":"Cart"}]},{"@type":"WebSite","@id":"https:\/\/www.petitecabane.com\/en\/#website","url":"https:\/\/www.petitecabane.com\/en\/","name":"La Petite Cabane \u00e0 Sucre de Qu\u00e9bec","description":"Boutique sp\u00e9cialis\u00e9e de produits d\u2019\u00e9rable","potentialAction":[{"@type":"SearchAction","target":{"@type":"EntryPoint","urlTemplate":"https:\/\/www.petitecabane.com\/en\/?s={search_term_string}"},"query-input":{"@type":"PropertyValueSpecification","valueRequired":true,"valueName":"search_term_string"}}],"inLanguage":"en-US"}]}},"_links":{"self":[{"href":"https:\/\/www.petitecabane.com\/en\/wp-json\/wp\/v2\/pages\/67465","targetHints":{"allow":["GET"]}}],"collection":[{"href":"https:\/\/www.petitecabane.com\/en\/wp-json\/wp\/v2\/pages"}],"about":[{"href":"https:\/\/www.petitecabane.com\/en\/wp-json\/wp\/v2\/types\/page"}],"author":[{"embeddable":true,"href":"https:\/\/www.petitecabane.com\/en\/wp-json\/wp\/v2\/users\/1"}],"replies":[{"embeddable":true,"href":"https:\/\/www.petitecabane.com\/en\/wp-json\/wp\/v2\/comments?post=67465"}],"version-history":[{"count":6,"href":"https:\/\/www.petitecabane.com\/en\/wp-json\/wp\/v2\/pages\/67465\/revisions"}],"predecessor-version":[{"id":69248,"href":"https:\/\/www.petitecabane.com\/en\/wp-json\/wp\/v2\/pages\/67465\/revisions\/69248"}],"wp:attachment":[{"href":"https:\/\/www.petitecabane.com\/en\/wp-json\/wp\/v2\/media?parent=67465"}],"curies":[{"name":"wp","href":"https:\/\/api.w.org\/{rel}","templated":true}]}}