{"id":67729,"date":"2025-10-22T08:11:02","date_gmt":"2025-10-22T12:11:02","guid":{"rendered":"https:\/\/www.petitecabane.com\/cookie-policy\/"},"modified":"2025-10-22T08:11:02","modified_gmt":"2025-10-22T12:11:02","slug":"cookie-policy","status":"publish","type":"page","link":"https:\/\/www.petitecabane.com\/en\/cookie-policy\/","title":{"rendered":"Cookie Policy"},"content":{"rendered":"<p>&nbsp;<\/p>\n<div class=\"cookie-policy-date-container\">\n<p>Effective Date: October 10, 2025<\/p>\n<p>Last Updated: October 10, 2025<\/p>\n<\/div>\n<p>&nbsp;<\/p>\n<h2>What are Cookies?<\/h2>\n<div class=\"cookie-policy-p\">\n<p>This policy explains what cookies are, how we use them, what types of cookies we use (i.e., the information we collect using cookies and how this information is used), as well as how to manage your cookie settings.<\/p>\n<p>Cookies are small text files used to store small pieces of information. They are stored on your device when you load a website in your browser. Cookies help us ensure the website functions properly, enhance security, improve user experience, and analyze performance to identify functional elements and areas where improvements are needed.<\/p>\n<\/div>\n<p>&nbsp;<\/p>\n<h2>How Do We Use Cookies?<\/h2>\n<div class=\"cookie-policy-p\">\n<p>Like most online services, our website uses both first-party and third-party cookies for various purposes. First-party cookies are primarily necessary for the website to function properly and do not collect any personally identifiable user data.<\/p>\n<p>Third-party cookies used on our website primarily help us understand how the site performs, track how you interact with it, maintain the security of our services, deliver relevant advertisements, and enhance your overall user experience, while also optimizing the speed of your future interactions with our site.<\/p>\n<\/div>\n<p>&nbsp;<\/p>\n<h2>Types of Cookies We Use<\/h2>\n<div class=\"cky-audit-table-element\"><\/div>\n<p>&nbsp;<\/p>\n<h2 style=\"margin-bottom: 20px;\">Manage Cookie Preferences<\/h2>\n<p><a class=\"cky-banner-element\">Consent Preferences<\/a><\/p>\n<div>\n<p>You can change your cookie settings at any time by clicking the &#8220;Consent Preferences&#8221; button above. This will allow you to revisit the cookie consent banner, update your preferences, or withdraw your consent immediately.<\/p>\n<p>Additionally, different browsers offer different methods to block and delete cookies used by websites. You can adjust your browser settings to block or delete cookies. Below are links to support documents on how to manage and delete cookies on major web browsers.<\/p>\n<p>Chrome: <a href=\"https:\/\/support.google.com\/accounts\/answer\/32050\" target=\"_blank\" rel=\"noopener noreferrer\">https:\/\/support.google.com\/accounts\/answer\/32050<\/a><\/p>\n<p>Safari: <a href=\"https:\/\/support.apple.com\/en-in\/guide\/safari\/sfri11471\/mac\" target=\"_blank\" rel=\"noopener noreferrer\">https:\/\/support.apple.com\/en-in\/guide\/safari\/sfri11471\/mac<\/a><\/p>\n<p>Firefox: <a href=\"https:\/\/support.mozilla.org\/en-US\/kb\/clear-cookies-and-site-data-firefox?redirectslug=delete-cookies-remove-info-websites-stored&amp;redirectlocale=en-US\" target=\"_blank\" rel=\"noopener noreferrer\">https:\/\/support.mozilla.org\/en-US\/kb\/clear-cookies-and-site-data-firefox?redirectslug=delete-cookies-remove-info-websites-stored&amp;redirectlocale=en-US<\/a><\/p>\n<p>Internet Explorer: <a href=\"https:\/\/support.microsoft.com\/en-us\/topic\/how-to-delete-cookie-files-in-internet-explorer-bca9446f-d873-78de-77ba-d42645fa52fc\" target=\"_blank\" rel=\"noopener noreferrer\">https:\/\/support.microsoft.com\/en-us\/topic\/how-to-delete-cookie-files-in-internet-explorer-bca9446f-d873-78de-77ba-d42645fa52fc<\/a><\/p>\n<p>If you are using another browser, please refer to its official documentation.<\/p>\n<\/div>\n<p>&nbsp;<\/p>\n<p class=\"cookie-policy-p\">Cookie Policy generated by <a href=\"https:\/\/www.cookieyes.com\/?utm_source=CP&amp;utm_medium=footer&amp;utm_campaign=UW\" target=\"_blank\" rel=\"noopener noreferrer\">CookieYes &#8211; Cookie Policy Generator<\/a><\/p>\n<p>&nbsp;<\/p>\n<p>&nbsp;<\/p>\n","protected":false},"excerpt":{"rendered":"<p>&nbsp; Effective Date: October 10, 2025 Last Updated: October 10, 2025 &nbsp; What are Cookies? This policy explains what cookies are, how we use them, what types of cookies we use (i.e., the information we collect using cookies and how this information is used), as well as how to manage your cookie settings. Cookies are [&hellip;]<\/p>\n","protected":false},"author":3480,"featured_media":0,"parent":0,"menu_order":0,"comment_status":"closed","ping_status":"closed","template":"","meta":{"footnotes":""},"class_list":["post-67729","page","type-page","status-publish","hentry"],"yoast_head":"<!-- This site is optimized with the Yoast SEO plugin v27.2 - https:\/\/yoast.com\/product\/yoast-seo-wordpress\/ -->\n<title>Cookie Policy<\/title>\n<meta name=\"robots\" content=\"index, follow, max-snippet:-1, max-image-preview:large, max-video-preview:-1\" \/>\n<link rel=\"canonical\" href=\"https:\/\/www.petitecabane.com\/en\/cookie-policy\/\" \/>\n<meta property=\"og:locale\" content=\"en_US\" \/>\n<meta property=\"og:type\" content=\"article\" \/>\n<meta property=\"og:title\" content=\"Cookie Policy\" \/>\n<meta property=\"og:description\" content=\"&nbsp; Effective Date: October 10, 2025 Last Updated: October 10, 2025 &nbsp; What are Cookies? This policy explains what cookies are, how we use them, what types of cookies we use (i.e., the information we collect using cookies and how this information is used), as well as how to manage your cookie settings. Cookies are [&hellip;]\" \/>\n<meta property=\"og:url\" content=\"https:\/\/www.petitecabane.com\/en\/cookie-policy\/\" \/>\n<meta property=\"og:site_name\" content=\"La Petite Cabane \u00e0 Sucre de Qu\u00e9bec\" \/>\n<meta property=\"article:publisher\" content=\"https:\/\/www.facebook.com\/petitecabaneasucredeQuebec\" \/>\n<meta property=\"og:image\" content=\"https:\/\/petitecabane.com\/wp-content\/uploads\/2014\/05\/screenshot.png\" \/>\n<script type=\"application\/ld+json\" class=\"yoast-schema-graph\">{\"@context\":\"https:\/\/schema.org\",\"@graph\":[{\"@type\":\"WebPage\",\"@id\":\"https:\/\/www.petitecabane.com\/en\/cookie-policy\/\",\"url\":\"https:\/\/www.petitecabane.com\/en\/cookie-policy\/\",\"name\":\"Cookie Policy\",\"isPartOf\":{\"@id\":\"https:\/\/www.petitecabane.com\/en\/#website\"},\"datePublished\":\"2025-10-22T12:11:02+00:00\",\"breadcrumb\":{\"@id\":\"https:\/\/www.petitecabane.com\/en\/cookie-policy\/#breadcrumb\"},\"inLanguage\":\"en-US\",\"potentialAction\":[{\"@type\":\"ReadAction\",\"target\":[\"https:\/\/www.petitecabane.com\/en\/cookie-policy\/\"]}]},{\"@type\":\"BreadcrumbList\",\"@id\":\"https:\/\/www.petitecabane.com\/en\/cookie-policy\/#breadcrumb\",\"itemListElement\":[{\"@type\":\"ListItem\",\"position\":1,\"name\":\"Home\",\"item\":\"https:\/\/www.petitecabane.com\/en\/home\/\"},{\"@type\":\"ListItem\",\"position\":2,\"name\":\"Cookie Policy\"}]},{\"@type\":\"WebSite\",\"@id\":\"https:\/\/www.petitecabane.com\/en\/#website\",\"url\":\"https:\/\/www.petitecabane.com\/en\/\",\"name\":\"La Petite Cabane \u00e0 Sucre de Qu\u00e9bec\",\"description\":\"Boutique sp\u00e9cialis\u00e9e de produits d\u2019\u00e9rable\",\"potentialAction\":[{\"@type\":\"SearchAction\",\"target\":{\"@type\":\"EntryPoint\",\"urlTemplate\":\"https:\/\/www.petitecabane.com\/en\/?s={search_term_string}\"},\"query-input\":{\"@type\":\"PropertyValueSpecification\",\"valueRequired\":true,\"valueName\":\"search_term_string\"}}],\"inLanguage\":\"en-US\"}]}<\/script>\n<!-- \/ Yoast SEO plugin. -->","yoast_head_json":{"title":"Cookie Policy","robots":{"index":"index","follow":"follow","max-snippet":"max-snippet:-1","max-image-preview":"max-image-preview:large","max-video-preview":"max-video-preview:-1"},"canonical":"https:\/\/www.petitecabane.com\/en\/cookie-policy\/","og_locale":"en_US","og_type":"article","og_title":"Cookie Policy","og_description":"&nbsp; Effective Date: October 10, 2025 Last Updated: October 10, 2025 &nbsp; What are Cookies? This policy explains what cookies are, how we use them, what types of cookies we use (i.e., the information we collect using cookies and how this information is used), as well as how to manage your cookie settings. Cookies are [&hellip;]","og_url":"https:\/\/www.petitecabane.com\/en\/cookie-policy\/","og_site_name":"La Petite Cabane \u00e0 Sucre de Qu\u00e9bec","article_publisher":"https:\/\/www.facebook.com\/petitecabaneasucredeQuebec","og_image":[{"url":"https:\/\/petitecabane.com\/wp-content\/uploads\/2014\/05\/screenshot.png","type":"","width":"","height":""}],"schema":{"@context":"https:\/\/schema.org","@graph":[{"@type":"WebPage","@id":"https:\/\/www.petitecabane.com\/en\/cookie-policy\/","url":"https:\/\/www.petitecabane.com\/en\/cookie-policy\/","name":"Cookie Policy","isPartOf":{"@id":"https:\/\/www.petitecabane.com\/en\/#website"},"datePublished":"2025-10-22T12:11:02+00:00","breadcrumb":{"@id":"https:\/\/www.petitecabane.com\/en\/cookie-policy\/#breadcrumb"},"inLanguage":"en-US","potentialAction":[{"@type":"ReadAction","target":["https:\/\/www.petitecabane.com\/en\/cookie-policy\/"]}]},{"@type":"BreadcrumbList","@id":"https:\/\/www.petitecabane.com\/en\/cookie-policy\/#breadcrumb","itemListElement":[{"@type":"ListItem","position":1,"name":"Home","item":"https:\/\/www.petitecabane.com\/en\/home\/"},{"@type":"ListItem","position":2,"name":"Cookie Policy"}]},{"@type":"WebSite","@id":"https:\/\/www.petitecabane.com\/en\/#website","url":"https:\/\/www.petitecabane.com\/en\/","name":"La Petite Cabane \u00e0 Sucre de Qu\u00e9bec","description":"Boutique sp\u00e9cialis\u00e9e de produits d\u2019\u00e9rable","potentialAction":[{"@type":"SearchAction","target":{"@type":"EntryPoint","urlTemplate":"https:\/\/www.petitecabane.com\/en\/?s={search_term_string}"},"query-input":{"@type":"PropertyValueSpecification","valueRequired":true,"valueName":"search_term_string"}}],"inLanguage":"en-US"}]}},"_links":{"self":[{"href":"https:\/\/www.petitecabane.com\/en\/wp-json\/wp\/v2\/pages\/67729","targetHints":{"allow":["GET"]}}],"collection":[{"href":"https:\/\/www.petitecabane.com\/en\/wp-json\/wp\/v2\/pages"}],"about":[{"href":"https:\/\/www.petitecabane.com\/en\/wp-json\/wp\/v2\/types\/page"}],"author":[{"embeddable":true,"href":"https:\/\/www.petitecabane.com\/en\/wp-json\/wp\/v2\/users\/3480"}],"replies":[{"embeddable":true,"href":"https:\/\/www.petitecabane.com\/en\/wp-json\/wp\/v2\/comments?post=67729"}],"version-history":[{"count":0,"href":"https:\/\/www.petitecabane.com\/en\/wp-json\/wp\/v2\/pages\/67729\/revisions"}],"wp:attachment":[{"href":"https:\/\/www.petitecabane.com\/en\/wp-json\/wp\/v2\/media?parent=67729"}],"curies":[{"name":"wp","href":"https:\/\/api.w.org\/{rel}","templated":true}]}}