{"id":67730,"date":"2025-10-22T08:11:12","date_gmt":"2025-10-22T12:11:12","guid":{"rendered":"https:\/\/www.petitecabane.com\/hospitals-and-senior-residences\/"},"modified":"2025-10-23T11:06:19","modified_gmt":"2025-10-23T15:06:19","slug":"hospitals-and-senior-residences","status":"publish","type":"page","link":"https:\/\/www.petitecabane.com\/en\/mobile-maple-taffy\/hospitals-and-senior-residences\/","title":{"rendered":"Hospitals and Senior Residences"},"content":{"rendered":"<div class=\"wpb-content-wrapper\"><p>[vc_row css=&#8221;.vc_custom_1648496326379{padding-top: 12px !important;padding-bottom: 12px !important;background-color: #ed3126 !important;}&#8221;][vc_column css=&#8221;.vc_custom_1648496159707{padding-left: 4% !important;}&#8221;][vc_column_text]<\/p>\n<h4 style=\"color: white; text-align: left; font-size: 26px;\">*Book the Mobile Maple Taffy Now, Spaces are Limited!*<\/h4>\n<p>[\/vc_column_text][\/vc_column][\/vc_row][vc_row css=&#8221;.vc_custom_1555682885496{margin-top: 0px !important;margin-bottom: 0px !important;padding-top: 0px !important;padding-bottom: 0px !important;background-position: center !important;background-repeat: no-repeat !important;background-size: cover !important;}&#8221;][vc_column width=&#8221;1\/2&#8243; css=&#8221;.vc_custom_1555683037849{padding-top: 10% !important;padding-right: 10% !important;padding-bottom: 10% !important;padding-left: 10% !important;}&#8221;][vc_column_text]<\/p>\n<h3>Mobile Maple Taffy<\/h3>\n<h4 style=\"color: #ed3126;\">INTERESTED?<\/h4>\n<p>&nbsp;<\/p>\n<p>Our truck sets up directly in your establishment&#8217;s yard to offer our famous maple taffy, which has delighted our customers at <a href=\"https:\/\/www.petitecabane.com\/en\/hospitals-and-senior-residences\/\">our shop<\/a> for 25 years. A traditional activity enjoyed by all that brings joy and brings people together.[\/vc_column_text][vc_column_text css=&#8221;.vc_custom_1647285634015{padding-top: 15px !important;}&#8221;]The mobile maple taffy activity allows you to entertain your residents and reward your staff with an event reminiscent of a day at the sugar shack![\/vc_column_text][\/vc_column][vc_column parallax=&#8221;content-moving&#8221; parallax_image=&#8221;65725&#8243; width=&#8221;1\/2&#8243; css=&#8221;.vc_custom_1643654873641{margin-top: 0px !important;margin-bottom: 0px !important;padding-top: 70% !important;padding-bottom: 0px !important;background-position: center !important;background-repeat: no-repeat !important;background-size: cover !important;}&#8221;][\/vc_column][\/vc_row][vc_row css=&#8221;.vc_custom_1555683203026{margin-right: 0px !important;margin-left: 0px !important;}&#8221;][vc_column width=&#8221;1\/5&#8243; css=&#8221;.vc_custom_1555683266666{margin-right: 0px !important;margin-left: 0px !important;padding-right: 0px !important;padding-left: 0px !important;}&#8221;][vc_single_image image=&#8221;67798&#8243; img_size=&#8221;500&#215;500&#8243;][\/vc_column][vc_column width=&#8221;1\/5&#8243; css=&#8221;.vc_custom_1555683277013{margin-right: 0px !important;margin-left: 0px !important;padding-right: 0px !important;padding-left: 0px !important;}&#8221;][vc_single_image image=&#8221;67770&#8243; img_size=&#8221;500&#215;500&#8243; alignment=&#8221;center&#8221;][\/vc_column][vc_column width=&#8221;1\/5&#8243; css=&#8221;.vc_custom_1555683282442{margin-right: 0px !important;margin-left: 0px !important;padding-right: 0px !important;padding-left: 0px !important;}&#8221;][vc_single_image image=&#8221;67813&#8243; img_size=&#8221;500&#215;500&#8243; alignment=&#8221;center&#8221;][\/vc_column][vc_column width=&#8221;1\/5&#8243; css=&#8221;.vc_custom_1555683287640{margin-right: 0px !important;margin-left: 0px !important;padding-right: 0px !important;padding-left: 0px !important;}&#8221;][vc_single_image image=&#8221;67744&#8243; img_size=&#8221;500&#215;500&#8243; alignment=&#8221;center&#8221;][\/vc_column][vc_column width=&#8221;1\/5&#8243; css=&#8221;.vc_custom_1555683294058{margin-right: 0px !important;margin-left: 0px !important;padding-right: 0px !important;padding-left: 0px !important;}&#8221;][vc_single_image image=&#8221;67747&#8243; img_size=&#8221;500&#215;500&#8243; alignment=&#8221;center&#8221;][\/vc_column][\/vc_row][vc_row layout=&#8221;boxed&#8221; el_id=&#8221;Schools&#8221;][vc_column][vc_empty_space height=&#8221;35px&#8221;][vc_column_text]<\/p>\n<h3 style=\"text-align: center;\">Want to Offer your Residents a Guaranteed Treat?<\/h3>\n<h4 style=\"text-align: center;\"><span style=\"color: #ed3126;\">We Do it for You.<\/span><\/h4>\n<p>[\/vc_column_text][vc_column_text]<\/p>\n<p style=\"text-align: center; font-size: 16px; color: #ed3126;\">For our mobile maple taffy truck to come to your school for an event,<\/p>\n<p style=\"text-align: center; font-size: 16px; color: #ed3126;\"><strong>a minimum of 250 servings is required<\/strong> for the activity to take place.<\/p>\n<p>[\/vc_column_text][vc_empty_space height=&#8221;35px&#8221;][vc_row_inner][vc_column_inner width=&#8221;1\/2&#8243;][vc_column_text]We set up directly on your property and provide the necessary equipment according to your requests for the activity. We will notify you of any special requirements. The mobile maple taffy can be set up indoors if needed, provided you have a suitable space.[\/vc_column_text][\/vc_column_inner][vc_column_inner width=&#8221;1\/2&#8243;][vc_column_text]We also adapt the activity based on the number of attendees and your event&#8217;s needs. The method of distributing maple taffy sticks can also vary depending on your residents&#8217; condition. Several options are available to create an activity to your liking.[\/vc_column_text][\/vc_column_inner][\/vc_row_inner][vc_empty_space height=&#8221;35px&#8221;][\/vc_column][\/vc_row][vc_row css=&#8221;.vc_custom_1555682748241{padding-top: 5% !important;padding-bottom: 5% !important;background-color: #f2f2f2 !important;}&#8221;][vc_column][vc_single_image image=&#8221;67799&#8243; img_size=&#8221;117&#215;110&#8243; alignment=&#8221;center&#8221; css=&#8221;.vc_custom_1643818904058{padding-bottom: 15px !important;}&#8221;][vc_column_text css=&#8221;.vc_custom_1663786649887{padding-right: 5% !important;padding-left: 5% !important;}&#8221;]<\/p>\n<h3 style=\"text-align: center;\">Ideas for Services to Enhance your Activity<\/h3>\n<p style=\"text-align: center;\">We offer you the possibility to add various services and products in addition to the mobile maple taffy to create the activity you desire. We are open to all requests, do not hesitate<br \/>\nto share your ideas with us so that we can provide you with a custom quote.<\/p>\n<p>[\/vc_column_text][vc_empty_space][vc_row_inner layout=&#8221;boxed&#8221;][vc_column_inner width=&#8221;1\/3&#8243;][vc_column_text]<\/p>\n<h6>Gifts to Go<\/h6>\n<ul>\n<li>Maple Syrup<\/li>\n<li>Maple Candies<\/li>\n<li>Fine Maple-Flavored Products<\/li>\n<li>Maple Butter<\/li>\n<\/ul>\n<p>[\/vc_column_text][\/vc_column_inner][vc_column_inner width=&#8221;1\/3&#8243;][vc_column_text]<\/p>\n<h6>Product Tasting<\/h6>\n<ul>\n<li>Maple Syrup<\/li>\n<li>Maple Butter<\/li>\n<li>Maple Caramel<\/li>\n<li>Maple Water<\/li>\n<\/ul>\n<p>[\/vc_column_text][\/vc_column_inner][vc_column_inner width=&#8221;1\/3&#8243;][vc_column_text]<\/p>\n<h6>Product Sales<\/h6>\n<ul>\n<li>Full Range of 100% Pure Maple Products<\/li>\n<\/ul>\n<p>[\/vc_column_text][\/vc_column_inner][\/vc_row_inner][\/vc_column][\/vc_row][vc_row overlay_set=&#8221;show_overlay_color&#8221; overlay_color=&#8221;#000000&#8243; overlay_opacity=&#8221;70&#8243; css=&#8221;.vc_custom_1643396219667{padding-top: 5% !important;padding-right: 5% !important;padding-bottom: 5% !important;padding-left: 5% !important;background-image: url(https:\/\/petitecabane.com\/wp-content\/uploads\/2019\/04\/activite-tire-erable-mobile-petite-cabane-mobile.jpg?id=65445) !important;background-position: center !important;background-repeat: no-repeat !important;background-size: cover !important;}&#8221;][vc_column][vc_column_text]<\/p>\n<h3 style=\"text-align: center;\"><span style=\"color: #ed3126;\">Maple Taffy at your Service!<\/span><\/h3>\n<h4 style=\"color: #ed3126; text-align: center;\"><span style=\"color: #ffffff;\">We Offer You 100% Pure, High-Quality Maple Taffy.<\/span><\/h4>\n<p>[\/vc_column_text][vc_empty_space][vc_btn title=&#8221;REQUEST A QUOTE&#8221; style=&#8221;outline&#8221; shape=&#8221;square&#8221; color=&#8221;white&#8221; size=&#8221;lg&#8221; align=&#8221;center&#8221; css=&#8221;&#8221; link=&#8221;url:https%3A%2F%2Fwww.petitecabane.com%2Fen%2Fmobile-maple-taffy-info%2F|target:_blank&#8221;][\/vc_column][\/vc_row]<\/p>\n<\/div>","protected":false},"excerpt":{"rendered":"<p>[vc_row css=&#8221;.vc_custom_1648496326379{padding-top: 12px !important;padding-bottom: 12px !important;background-color: #ed3126 !important;}&#8221;][vc_column css=&#8221;.vc_custom_1648496159707{padding-left: 4% !important;}&#8221;][vc_column_text] *Book the Mobile Maple Taffy Now, Spaces are Limited!* [\/vc_column_text][\/vc_column][\/vc_row][vc_row css=&#8221;.vc_custom_1555682885496{margin-top: 0px !important;margin-bottom: 0px !important;padding-top: 0px !important;padding-bottom: 0px !important;background-position: center !important;background-repeat: no-repeat !important;background-size: cover !important;}&#8221;][vc_column width=&#8221;1\/2&#8243; css=&#8221;.vc_custom_1555683037849{padding-top: 10% !important;padding-right: 10% !important;padding-bottom: 10% !important;padding-left: 10% !important;}&#8221;][vc_column_text] Mobile Maple Taffy INTERESTED? &nbsp; Our truck sets up [&hellip;]<\/p>\n","protected":false},"author":1,"featured_media":0,"parent":67742,"menu_order":0,"comment_status":"closed","ping_status":"closed","template":"","meta":{"footnotes":""},"class_list":["post-67730","page","type-page","status-publish","hentry"],"yoast_head":"<!-- This site is optimized with the Yoast SEO plugin v27.2 - https:\/\/yoast.com\/product\/yoast-seo-wordpress\/ -->\n<title>Hospitals and Senior Residences<\/title>\n<meta name=\"robots\" content=\"index, follow, max-snippet:-1, max-image-preview:large, max-video-preview:-1\" \/>\n<link rel=\"canonical\" href=\"https:\/\/www.petitecabane.com\/en\/mobile-maple-taffy\/hospitals-and-senior-residences\/\" \/>\n<meta property=\"og:locale\" content=\"en_US\" \/>\n<meta property=\"og:type\" content=\"article\" \/>\n<meta property=\"og:title\" content=\"Hospitals and Senior Residences\" \/>\n<meta property=\"og:description\" content=\"[vc_row css=&#8221;.vc_custom_1648496326379{padding-top: 12px !important;padding-bottom: 12px !important;background-color: #ed3126 !important;}&#8221;][vc_column css=&#8221;.vc_custom_1648496159707{padding-left: 4% !important;}&#8221;][vc_column_text] *Book the Mobile Maple Taffy Now, Spaces are Limited!* [\/vc_column_text][\/vc_column][\/vc_row][vc_row css=&#8221;.vc_custom_1555682885496{margin-top: 0px !important;margin-bottom: 0px !important;padding-top: 0px !important;padding-bottom: 0px !important;background-position: center !important;background-repeat: no-repeat !important;background-size: cover !important;}&#8221;][vc_column width=&#8221;1\/2&#8243; css=&#8221;.vc_custom_1555683037849{padding-top: 10% !important;padding-right: 10% !important;padding-bottom: 10% !important;padding-left: 10% !important;}&#8221;][vc_column_text] Mobile Maple Taffy INTERESTED? &nbsp; Our truck sets up [&hellip;]\" \/>\n<meta property=\"og:url\" content=\"https:\/\/www.petitecabane.com\/en\/mobile-maple-taffy\/hospitals-and-senior-residences\/\" \/>\n<meta property=\"og:site_name\" content=\"La Petite Cabane \u00e0 Sucre de Qu\u00e9bec\" \/>\n<meta property=\"article:publisher\" content=\"https:\/\/www.facebook.com\/petitecabaneasucredeQuebec\" \/>\n<meta property=\"article:modified_time\" content=\"2025-10-23T15:06:19+00:00\" \/>\n<meta property=\"og:image\" content=\"https:\/\/petitecabane.com\/wp-content\/uploads\/2014\/05\/screenshot.png\" \/>\n<script type=\"application\/ld+json\" class=\"yoast-schema-graph\">{\"@context\":\"https:\/\/schema.org\",\"@graph\":[{\"@type\":\"WebPage\",\"@id\":\"https:\/\/www.petitecabane.com\/en\/mobile-maple-taffy\/hospitals-and-senior-residences\/\",\"url\":\"https:\/\/www.petitecabane.com\/en\/mobile-maple-taffy\/hospitals-and-senior-residences\/\",\"name\":\"Hospitals and Senior Residences\",\"isPartOf\":{\"@id\":\"https:\/\/www.petitecabane.com\/en\/#website\"},\"datePublished\":\"2025-10-22T12:11:12+00:00\",\"dateModified\":\"2025-10-23T15:06:19+00:00\",\"breadcrumb\":{\"@id\":\"https:\/\/www.petitecabane.com\/en\/mobile-maple-taffy\/hospitals-and-senior-residences\/#breadcrumb\"},\"inLanguage\":\"en-US\",\"potentialAction\":[{\"@type\":\"ReadAction\",\"target\":[\"https:\/\/www.petitecabane.com\/en\/mobile-maple-taffy\/hospitals-and-senior-residences\/\"]}]},{\"@type\":\"BreadcrumbList\",\"@id\":\"https:\/\/www.petitecabane.com\/en\/mobile-maple-taffy\/hospitals-and-senior-residences\/#breadcrumb\",\"itemListElement\":[{\"@type\":\"ListItem\",\"position\":1,\"name\":\"Home\",\"item\":\"https:\/\/www.petitecabane.com\/en\/home\/\"},{\"@type\":\"ListItem\",\"position\":2,\"name\":\"Mobile Maple Taffy\",\"item\":\"https:\/\/www.petitecabane.com\/en\/mobile-maple-taffy\/\"},{\"@type\":\"ListItem\",\"position\":3,\"name\":\"Hospitals and Senior Residences\"}]},{\"@type\":\"WebSite\",\"@id\":\"https:\/\/www.petitecabane.com\/en\/#website\",\"url\":\"https:\/\/www.petitecabane.com\/en\/\",\"name\":\"La Petite Cabane \u00e0 Sucre de Qu\u00e9bec\",\"description\":\"Boutique sp\u00e9cialis\u00e9e de produits d\u2019\u00e9rable\",\"potentialAction\":[{\"@type\":\"SearchAction\",\"target\":{\"@type\":\"EntryPoint\",\"urlTemplate\":\"https:\/\/www.petitecabane.com\/en\/?s={search_term_string}\"},\"query-input\":{\"@type\":\"PropertyValueSpecification\",\"valueRequired\":true,\"valueName\":\"search_term_string\"}}],\"inLanguage\":\"en-US\"}]}<\/script>\n<!-- \/ Yoast SEO plugin. -->","yoast_head_json":{"title":"Hospitals and Senior Residences","robots":{"index":"index","follow":"follow","max-snippet":"max-snippet:-1","max-image-preview":"max-image-preview:large","max-video-preview":"max-video-preview:-1"},"canonical":"https:\/\/www.petitecabane.com\/en\/mobile-maple-taffy\/hospitals-and-senior-residences\/","og_locale":"en_US","og_type":"article","og_title":"Hospitals and Senior Residences","og_description":"[vc_row css=&#8221;.vc_custom_1648496326379{padding-top: 12px !important;padding-bottom: 12px !important;background-color: #ed3126 !important;}&#8221;][vc_column css=&#8221;.vc_custom_1648496159707{padding-left: 4% !important;}&#8221;][vc_column_text] *Book the Mobile Maple Taffy Now, Spaces are Limited!* [\/vc_column_text][\/vc_column][\/vc_row][vc_row css=&#8221;.vc_custom_1555682885496{margin-top: 0px !important;margin-bottom: 0px !important;padding-top: 0px !important;padding-bottom: 0px !important;background-position: center !important;background-repeat: no-repeat !important;background-size: cover !important;}&#8221;][vc_column width=&#8221;1\/2&#8243; css=&#8221;.vc_custom_1555683037849{padding-top: 10% !important;padding-right: 10% !important;padding-bottom: 10% !important;padding-left: 10% !important;}&#8221;][vc_column_text] Mobile Maple Taffy INTERESTED? &nbsp; Our truck sets up [&hellip;]","og_url":"https:\/\/www.petitecabane.com\/en\/mobile-maple-taffy\/hospitals-and-senior-residences\/","og_site_name":"La Petite Cabane \u00e0 Sucre de Qu\u00e9bec","article_publisher":"https:\/\/www.facebook.com\/petitecabaneasucredeQuebec","article_modified_time":"2025-10-23T15:06:19+00:00","og_image":[{"url":"https:\/\/petitecabane.com\/wp-content\/uploads\/2014\/05\/screenshot.png","type":"","width":"","height":""}],"schema":{"@context":"https:\/\/schema.org","@graph":[{"@type":"WebPage","@id":"https:\/\/www.petitecabane.com\/en\/mobile-maple-taffy\/hospitals-and-senior-residences\/","url":"https:\/\/www.petitecabane.com\/en\/mobile-maple-taffy\/hospitals-and-senior-residences\/","name":"Hospitals and Senior Residences","isPartOf":{"@id":"https:\/\/www.petitecabane.com\/en\/#website"},"datePublished":"2025-10-22T12:11:12+00:00","dateModified":"2025-10-23T15:06:19+00:00","breadcrumb":{"@id":"https:\/\/www.petitecabane.com\/en\/mobile-maple-taffy\/hospitals-and-senior-residences\/#breadcrumb"},"inLanguage":"en-US","potentialAction":[{"@type":"ReadAction","target":["https:\/\/www.petitecabane.com\/en\/mobile-maple-taffy\/hospitals-and-senior-residences\/"]}]},{"@type":"BreadcrumbList","@id":"https:\/\/www.petitecabane.com\/en\/mobile-maple-taffy\/hospitals-and-senior-residences\/#breadcrumb","itemListElement":[{"@type":"ListItem","position":1,"name":"Home","item":"https:\/\/www.petitecabane.com\/en\/home\/"},{"@type":"ListItem","position":2,"name":"Mobile Maple Taffy","item":"https:\/\/www.petitecabane.com\/en\/mobile-maple-taffy\/"},{"@type":"ListItem","position":3,"name":"Hospitals and Senior Residences"}]},{"@type":"WebSite","@id":"https:\/\/www.petitecabane.com\/en\/#website","url":"https:\/\/www.petitecabane.com\/en\/","name":"La Petite Cabane \u00e0 Sucre de Qu\u00e9bec","description":"Boutique sp\u00e9cialis\u00e9e de produits d\u2019\u00e9rable","potentialAction":[{"@type":"SearchAction","target":{"@type":"EntryPoint","urlTemplate":"https:\/\/www.petitecabane.com\/en\/?s={search_term_string}"},"query-input":{"@type":"PropertyValueSpecification","valueRequired":true,"valueName":"search_term_string"}}],"inLanguage":"en-US"}]}},"_links":{"self":[{"href":"https:\/\/www.petitecabane.com\/en\/wp-json\/wp\/v2\/pages\/67730","targetHints":{"allow":["GET"]}}],"collection":[{"href":"https:\/\/www.petitecabane.com\/en\/wp-json\/wp\/v2\/pages"}],"about":[{"href":"https:\/\/www.petitecabane.com\/en\/wp-json\/wp\/v2\/types\/page"}],"author":[{"embeddable":true,"href":"https:\/\/www.petitecabane.com\/en\/wp-json\/wp\/v2\/users\/1"}],"replies":[{"embeddable":true,"href":"https:\/\/www.petitecabane.com\/en\/wp-json\/wp\/v2\/comments?post=67730"}],"version-history":[{"count":5,"href":"https:\/\/www.petitecabane.com\/en\/wp-json\/wp\/v2\/pages\/67730\/revisions"}],"predecessor-version":[{"id":68198,"href":"https:\/\/www.petitecabane.com\/en\/wp-json\/wp\/v2\/pages\/67730\/revisions\/68198"}],"up":[{"embeddable":true,"href":"https:\/\/www.petitecabane.com\/en\/wp-json\/wp\/v2\/pages\/67742"}],"wp:attachment":[{"href":"https:\/\/www.petitecabane.com\/en\/wp-json\/wp\/v2\/media?parent=67730"}],"curies":[{"name":"wp","href":"https:\/\/api.w.org\/{rel}","templated":true}]}}