{"id":67735,"date":"2025-10-22T08:11:17","date_gmt":"2025-10-22T12:11:17","guid":{"rendered":"https:\/\/www.petitecabane.com\/la-petite-cabane-a-sucre\/"},"modified":"2025-10-23T09:57:04","modified_gmt":"2025-10-23T13:57:04","slug":"la-petite-cabane-a-sucre","status":"publish","type":"page","link":"https:\/\/www.petitecabane.com\/en\/la-petite-cabane-a-sucre\/","title":{"rendered":"La Petite Cabane \u00e0 Sucre"},"content":{"rendered":"<div class=\"wpb-content-wrapper\"><p>[vc_row css=&#8221;.vc_custom_1555682885496{margin-top: 0px !important;margin-bottom: 0px !important;padding-top: 0px !important;padding-bottom: 0px !important;background-position: center !important;background-repeat: no-repeat !important;background-size: cover !important;}&#8221;][vc_column width=&#8221;1\/2&#8243; css=&#8221;.vc_custom_1555683037849{padding-top: 10% !important;padding-right: 10% !important;padding-bottom: 10% !important;padding-left: 10% !important;}&#8221;][vc_column_text]<\/p>\n<h3>A Quick Visit to the Shop,<\/h3>\n<h4 style=\"color: #ed3126;\">HOW ABOUT IT?<\/h4>\n<p>&nbsp;<\/p>\n<p>La Petite Cabane \u00e0 Sucre de Qu\u00e9bec is a shop specializing in the sale of maple products and local produce, located on the most beautiful and oldest street in North America. Since 1996, we have been offering our maple taffy to an international and Quebec tourist clientele. We look forward to seeing you at 94 Petit Champlain in Quebec City.[\/vc_column_text][\/vc_column][vc_column parallax=&#8221;content-moving&#8221; parallax_image=&#8221;65347&#8243; width=&#8221;1\/2&#8243; css=&#8221;.vc_custom_1555683042886{margin-top: 0px !important;margin-bottom: 0px !important;padding-top: 70% !important;padding-bottom: 0px !important;background-position: center !important;background-repeat: no-repeat !important;background-size: cover !important;}&#8221;][\/vc_column][\/vc_row][vc_row css=&#8221;.vc_custom_1555683203026{margin-right: 0px !important;margin-left: 0px !important;}&#8221;][vc_column width=&#8221;1\/5&#8243; css=&#8221;.vc_custom_1555683266666{margin-right: 0px !important;margin-left: 0px !important;padding-right: 0px !important;padding-left: 0px !important;}&#8221;][vc_single_image image=&#8221;67770&#8243; img_size=&#8221;500&#215;500&#8243; alignment=&#8221;center&#8221;][\/vc_column][vc_column width=&#8221;1\/5&#8243; css=&#8221;.vc_custom_1555683277013{margin-right: 0px !important;margin-left: 0px !important;padding-right: 0px !important;padding-left: 0px !important;}&#8221;][vc_single_image image=&#8221;67744&#8243; img_size=&#8221;500&#215;500&#8243; alignment=&#8221;center&#8221;][\/vc_column][vc_column width=&#8221;1\/5&#8243; css=&#8221;.vc_custom_1555683282442{margin-right: 0px !important;margin-left: 0px !important;padding-right: 0px !important;padding-left: 0px !important;}&#8221;][vc_single_image image=&#8221;67738&#8243; img_size=&#8221;500&#215;500&#8243; alignment=&#8221;center&#8221;][\/vc_column][vc_column width=&#8221;1\/5&#8243; css=&#8221;.vc_custom_1555683287640{margin-right: 0px !important;margin-left: 0px !important;padding-right: 0px !important;padding-left: 0px !important;}&#8221;][vc_single_image image=&#8221;67764&#8243; img_size=&#8221;500&#215;500&#8243; alignment=&#8221;center&#8221;][\/vc_column][vc_column width=&#8221;1\/5&#8243; css=&#8221;.vc_custom_1555683294058{margin-right: 0px !important;margin-left: 0px !important;padding-right: 0px !important;padding-left: 0px !important;}&#8221;][vc_single_image image=&#8221;67736&#8243; img_size=&#8221;500&#215;500&#8243; alignment=&#8221;center&#8221;][\/vc_column][\/vc_row][vc_row css=&#8221;.vc_custom_1555682748241{padding-top: 5% !important;padding-bottom: 5% !important;background-color: #f2f2f2 !important;}&#8221;][vc_column][vc_single_image image=&#8221;67737&#8243; img_size=&#8221;150&#215;150&#8243; alignment=&#8221;center&#8221;][vc_column_text]<\/p>\n<h3 style=\"text-align: center;\">Some Products You Will Find in Store<\/h3>\n<p>[\/vc_column_text][vc_empty_space][vc_row_inner layout=&#8221;boxed&#8221;][vc_column_inner width=&#8221;1\/4&#8243;][vc_column_text]<\/p>\n<ul>\n<li>Maple syrup<\/li>\n<li>Maple lollipops<\/li>\n<li>Maple candies<\/li>\n<li>Maple butter<\/li>\n<\/ul>\n<p>[\/vc_column_text][\/vc_column_inner][vc_column_inner width=&#8221;1\/4&#8243;][vc_column_text]<\/p>\n<ul>\n<li>Granulated maple sugar<\/li>\n<li>Maple cookies<\/li>\n<li>Maple cranberries<\/li>\n<li>Maple tea<\/li>\n<\/ul>\n<p>[\/vc_column_text][\/vc_column_inner][vc_column_inner width=&#8221;1\/4&#8243;][vc_column_text]<\/p>\n<ul>\n<li>Maple herbal tea<\/li>\n<li>Maple green tea<\/li>\n<li>Ice wine tea<\/li>\n<li>Maple vinegar<\/li>\n<\/ul>\n<p>[\/vc_column_text][\/vc_column_inner][vc_column_inner width=&#8221;1\/4&#8243;][vc_column_text]<\/p>\n<ul>\n<li>Maple caramel<\/li>\n<li>Musical spoon<\/li>\n<li>And many gift ideas<\/li>\n<\/ul>\n<p>[\/vc_column_text][\/vc_column_inner][\/vc_row_inner][\/vc_column][\/vc_row][vc_row overlay_set=&#8221;show_overlay_color&#8221; overlay_color=&#8221;#ed3126&#8243; overlay_opacity=&#8221;70&#8243; css=&#8221;.vc_custom_1555682348882{padding-top: 5% !important;padding-right: 5% !important;padding-bottom: 5% !important;padding-left: 5% !important;background-image: url(https:\/\/petitecabane.com\/wp-content\/uploads\/2017\/10\/petite-cabane-a-sucre_petit-champlain.jpg?id=65346) !important;background-position: center !important;background-repeat: no-repeat !important;background-size: cover !important;}&#8221;][vc_column][vc_column_text]<\/p>\n<h3 style=\"text-align: center;\"><span style=\"color: #ffffff;\">We Await You At<\/span><\/h3>\n<h4 style=\"color: #ed3126; text-align: center;\"><span style=\"color: #000000;\">94 Petit-Champlain Street in Quebec City!<\/span><\/h4>\n<p>[\/vc_column_text][vc_empty_space][vc_btn title=&#8221;FIND US&#8221; style=&#8221;outline&#8221; shape=&#8221;square&#8221; color=&#8221;white&#8221; size=&#8221;lg&#8221; align=&#8221;center&#8221; link=&#8221;url:https%3A%2F%2Fwww.google.com%2Fmaps%2Fplace%2FLa%2BPetite%2BCabane%2B%25C3%25A0%2BSucre%2Bde%2BQu%25C3%25A9bec%2F%4046.810883%2C-71.2057258%2C17z%2Fdata%3D%214m13%211m7%213m6%211s0x4cb895dca3ac4fd3%3A0xb899ad9348b0bd2e%212s94%2BRue%2Bdu%2BPetit%2BChamplain%2C%2BQu%25C3%25A9bec%2C%2BQC%2BG1K%2B4H5%213b1%218m2%213d46.810883%214d-71.2035371%213m4%211s0x4cb895dcbd35f14b%3A0x3ce9599a5e1a27a7%218m2%213d46.81089%214d-71.203567|target:%20_blank|&#8221;][\/vc_column][\/vc_row]<\/p>\n<\/div>","protected":false},"excerpt":{"rendered":"<p>[vc_row css=&#8221;.vc_custom_1555682885496{margin-top: 0px !important;margin-bottom: 0px !important;padding-top: 0px !important;padding-bottom: 0px !important;background-position: center !important;background-repeat: no-repeat !important;background-size: cover !important;}&#8221;][vc_column width=&#8221;1\/2&#8243; css=&#8221;.vc_custom_1555683037849{padding-top: 10% !important;padding-right: 10% !important;padding-bottom: 10% !important;padding-left: 10% !important;}&#8221;][vc_column_text] A Quick Visit to the Shop, HOW ABOUT IT? &nbsp; La Petite Cabane \u00e0 Sucre de Qu\u00e9bec is a shop specializing in the sale of maple products and local [&hellip;]<\/p>\n","protected":false},"author":1,"featured_media":0,"parent":0,"menu_order":0,"comment_status":"closed","ping_status":"closed","template":"","meta":{"footnotes":""},"class_list":["post-67735","page","type-page","status-publish","hentry"],"yoast_head":"<!-- This site is optimized with the Yoast SEO plugin v27.2 - https:\/\/yoast.com\/product\/yoast-seo-wordpress\/ -->\n<title>Discover a Wide Selection of Pure Maple Products in Store.<\/title>\n<meta name=\"description\" content=\"La Petite Cabane \u00e0 Sucre offers an endless range of maple products, provides year-round tasting, and allows you to enjoy maple taffy all year.\" \/>\n<meta name=\"robots\" content=\"index, follow, max-snippet:-1, max-image-preview:large, max-video-preview:-1\" \/>\n<link rel=\"canonical\" href=\"https:\/\/www.petitecabane.com\/en\/la-petite-cabane-a-sucre\/\" \/>\n<meta property=\"og:locale\" content=\"en_US\" \/>\n<meta property=\"og:type\" content=\"article\" \/>\n<meta property=\"og:title\" content=\"Discover a Wide Selection of Pure Maple Products in Store.\" \/>\n<meta property=\"og:description\" content=\"La Petite Cabane \u00e0 Sucre offers an endless range of maple products, provides year-round tasting, and allows you to enjoy maple taffy all year.\" \/>\n<meta property=\"og:url\" content=\"https:\/\/www.petitecabane.com\/en\/la-petite-cabane-a-sucre\/\" \/>\n<meta property=\"og:site_name\" content=\"La Petite Cabane \u00e0 Sucre de Qu\u00e9bec\" \/>\n<meta property=\"article:publisher\" content=\"https:\/\/www.facebook.com\/petitecabaneasucredeQuebec\" \/>\n<meta property=\"article:modified_time\" content=\"2025-10-23T13:57:04+00:00\" \/>\n<meta property=\"og:image\" content=\"https:\/\/petitecabane.com\/wp-content\/uploads\/2014\/05\/screenshot.png\" \/>\n<script type=\"application\/ld+json\" class=\"yoast-schema-graph\">{\"@context\":\"https:\/\/schema.org\",\"@graph\":[{\"@type\":\"WebPage\",\"@id\":\"https:\/\/www.petitecabane.com\/en\/la-petite-cabane-a-sucre\/\",\"url\":\"https:\/\/www.petitecabane.com\/en\/la-petite-cabane-a-sucre\/\",\"name\":\"Discover a Wide Selection of Pure Maple Products in Store.\",\"isPartOf\":{\"@id\":\"https:\/\/www.petitecabane.com\/en\/#website\"},\"datePublished\":\"2025-10-22T12:11:17+00:00\",\"dateModified\":\"2025-10-23T13:57:04+00:00\",\"description\":\"La Petite Cabane \u00e0 Sucre offers an endless range of maple products, provides year-round tasting, and allows you to enjoy maple taffy all year.\",\"breadcrumb\":{\"@id\":\"https:\/\/www.petitecabane.com\/en\/la-petite-cabane-a-sucre\/#breadcrumb\"},\"inLanguage\":\"en-US\",\"potentialAction\":[{\"@type\":\"ReadAction\",\"target\":[\"https:\/\/www.petitecabane.com\/en\/la-petite-cabane-a-sucre\/\"]}]},{\"@type\":\"BreadcrumbList\",\"@id\":\"https:\/\/www.petitecabane.com\/en\/la-petite-cabane-a-sucre\/#breadcrumb\",\"itemListElement\":[{\"@type\":\"ListItem\",\"position\":1,\"name\":\"Home\",\"item\":\"https:\/\/www.petitecabane.com\/en\/home\/\"},{\"@type\":\"ListItem\",\"position\":2,\"name\":\"La Petite Cabane \u00e0 Sucre\"}]},{\"@type\":\"WebSite\",\"@id\":\"https:\/\/www.petitecabane.com\/en\/#website\",\"url\":\"https:\/\/www.petitecabane.com\/en\/\",\"name\":\"La Petite Cabane \u00e0 Sucre de Qu\u00e9bec\",\"description\":\"Boutique sp\u00e9cialis\u00e9e de produits d\u2019\u00e9rable\",\"potentialAction\":[{\"@type\":\"SearchAction\",\"target\":{\"@type\":\"EntryPoint\",\"urlTemplate\":\"https:\/\/www.petitecabane.com\/en\/?s={search_term_string}\"},\"query-input\":{\"@type\":\"PropertyValueSpecification\",\"valueRequired\":true,\"valueName\":\"search_term_string\"}}],\"inLanguage\":\"en-US\"}]}<\/script>\n<!-- \/ Yoast SEO plugin. -->","yoast_head_json":{"title":"Discover a Wide Selection of Pure Maple Products in Store.","description":"La Petite Cabane \u00e0 Sucre offers an endless range of maple products, provides year-round tasting, and allows you to enjoy maple taffy all year.","robots":{"index":"index","follow":"follow","max-snippet":"max-snippet:-1","max-image-preview":"max-image-preview:large","max-video-preview":"max-video-preview:-1"},"canonical":"https:\/\/www.petitecabane.com\/en\/la-petite-cabane-a-sucre\/","og_locale":"en_US","og_type":"article","og_title":"Discover a Wide Selection of Pure Maple Products in Store.","og_description":"La Petite Cabane \u00e0 Sucre offers an endless range of maple products, provides year-round tasting, and allows you to enjoy maple taffy all year.","og_url":"https:\/\/www.petitecabane.com\/en\/la-petite-cabane-a-sucre\/","og_site_name":"La Petite Cabane \u00e0 Sucre de Qu\u00e9bec","article_publisher":"https:\/\/www.facebook.com\/petitecabaneasucredeQuebec","article_modified_time":"2025-10-23T13:57:04+00:00","og_image":[{"url":"https:\/\/petitecabane.com\/wp-content\/uploads\/2014\/05\/screenshot.png","type":"","width":"","height":""}],"schema":{"@context":"https:\/\/schema.org","@graph":[{"@type":"WebPage","@id":"https:\/\/www.petitecabane.com\/en\/la-petite-cabane-a-sucre\/","url":"https:\/\/www.petitecabane.com\/en\/la-petite-cabane-a-sucre\/","name":"Discover a Wide Selection of Pure Maple Products in Store.","isPartOf":{"@id":"https:\/\/www.petitecabane.com\/en\/#website"},"datePublished":"2025-10-22T12:11:17+00:00","dateModified":"2025-10-23T13:57:04+00:00","description":"La Petite Cabane \u00e0 Sucre offers an endless range of maple products, provides year-round tasting, and allows you to enjoy maple taffy all year.","breadcrumb":{"@id":"https:\/\/www.petitecabane.com\/en\/la-petite-cabane-a-sucre\/#breadcrumb"},"inLanguage":"en-US","potentialAction":[{"@type":"ReadAction","target":["https:\/\/www.petitecabane.com\/en\/la-petite-cabane-a-sucre\/"]}]},{"@type":"BreadcrumbList","@id":"https:\/\/www.petitecabane.com\/en\/la-petite-cabane-a-sucre\/#breadcrumb","itemListElement":[{"@type":"ListItem","position":1,"name":"Home","item":"https:\/\/www.petitecabane.com\/en\/home\/"},{"@type":"ListItem","position":2,"name":"La Petite Cabane \u00e0 Sucre"}]},{"@type":"WebSite","@id":"https:\/\/www.petitecabane.com\/en\/#website","url":"https:\/\/www.petitecabane.com\/en\/","name":"La Petite Cabane \u00e0 Sucre de Qu\u00e9bec","description":"Boutique sp\u00e9cialis\u00e9e de produits d\u2019\u00e9rable","potentialAction":[{"@type":"SearchAction","target":{"@type":"EntryPoint","urlTemplate":"https:\/\/www.petitecabane.com\/en\/?s={search_term_string}"},"query-input":{"@type":"PropertyValueSpecification","valueRequired":true,"valueName":"search_term_string"}}],"inLanguage":"en-US"}]}},"_links":{"self":[{"href":"https:\/\/www.petitecabane.com\/en\/wp-json\/wp\/v2\/pages\/67735","targetHints":{"allow":["GET"]}}],"collection":[{"href":"https:\/\/www.petitecabane.com\/en\/wp-json\/wp\/v2\/pages"}],"about":[{"href":"https:\/\/www.petitecabane.com\/en\/wp-json\/wp\/v2\/types\/page"}],"author":[{"embeddable":true,"href":"https:\/\/www.petitecabane.com\/en\/wp-json\/wp\/v2\/users\/1"}],"replies":[{"embeddable":true,"href":"https:\/\/www.petitecabane.com\/en\/wp-json\/wp\/v2\/comments?post=67735"}],"version-history":[{"count":6,"href":"https:\/\/www.petitecabane.com\/en\/wp-json\/wp\/v2\/pages\/67735\/revisions"}],"predecessor-version":[{"id":68067,"href":"https:\/\/www.petitecabane.com\/en\/wp-json\/wp\/v2\/pages\/67735\/revisions\/68067"}],"wp:attachment":[{"href":"https:\/\/www.petitecabane.com\/en\/wp-json\/wp\/v2\/media?parent=67735"}],"curies":[{"name":"wp","href":"https:\/\/api.w.org\/{rel}","templated":true}]}}