{"id":67742,"date":"2025-10-22T08:11:19","date_gmt":"2025-10-22T12:11:19","guid":{"rendered":"https:\/\/www.petitecabane.com\/mobile-maple-taffy\/"},"modified":"2025-10-23T11:01:33","modified_gmt":"2025-10-23T15:01:33","slug":"mobile-maple-taffy","status":"publish","type":"page","link":"https:\/\/www.petitecabane.com\/en\/mobile-maple-taffy\/","title":{"rendered":"Mobile Maple Taffy"},"content":{"rendered":"<div class=\"wpb-content-wrapper\"><p>[vc_row css=&#8221;.vc_custom_1648496254396{margin-bottom: 25px !important;padding-top: 12px !important;padding-bottom: 12px !important;background-color: #ed3126 !important;}&#8221;][vc_column css=&#8221;.vc_custom_1648496159707{padding-left: 4% !important;}&#8221;][vc_column_text]<\/p>\n<h4 style=\"color: white; text-align: left; font-size: 26px;\">*Book the Mobile Taffy Now, Hurry, Spots are Limited!*<\/h4>\n<p>[\/vc_column_text][\/vc_column][\/vc_row][vc_row layout=&#8221;boxed&#8221; css=&#8221;.vc_custom_1555685807029{background-position: center !important;background-repeat: no-repeat !important;background-size: cover !important;}&#8221;][vc_column css=&#8221;.vc_custom_1647877293054{padding-top: 0px !important;padding-right: 10% !important;padding-bottom: 3.5% !important;padding-left: 10% !important;}&#8221;][vc_single_image image=&#8221;67748&#8243; img_size=&#8221;55&#215;120&#8243; alignment=&#8221;center&#8221; css=&#8221;.vc_custom_1643753841816{padding-bottom: 15px !important;}&#8221;][vc_column_text css=&#8221;.vc_custom_1731966149845{padding-bottom: 15px !important;}&#8221;]<\/p>\n<h2 style=\"text-align: center;\">We Bring the Maple to You<\/h2>\n<h4 style=\"color: #ed3126; text-align: center;\">The Mobile Maple Taffy Activity Delights Everyone,<br \/>\nYoung and Old<\/h4>\n<p>&nbsp;<\/p>\n<h5 style=\"text-align: center;\"><strong>Mobile Maple Taffy is Available all Year round!<\/strong><\/h5>\n<p>[\/vc_column_text][vc_column_text]<\/p>\n<p style=\"text-align: center;\">Whether for schools, businesses, healthcare centers, or residences, mobile maple taffy is the solution for a unique and successful activity. We also offer our services for corporate events or any other public events.<\/p>\n<p>[\/vc_column_text][vc_column_text css=&#8221;.vc_custom_1722427300176{padding-top: 10px !important;}&#8221;]<\/p>\n<p style=\"text-align: center;\">In addition to the taffy tasting, we offer several services, such as the sale of our range of maple products, maple cones, tastings, gifts for participants, and more!<br \/>\n<strong>We adapt our service offering to your needs.<\/strong><\/p>\n<p>[\/vc_column_text][vc_row_inner css=&#8221;.vc_custom_1640205358924{padding-top: 25px !important;}&#8221;][vc_column_inner][vc_btn title=&#8221;REQUEST A QUOTE&#8221; style=&#8221;outline&#8221; shape=&#8221;square&#8221; color=&#8221;black&#8221; align=&#8221;center&#8221; css=&#8221;&#8221; link=&#8221;url:https%3A%2F%2Fwww.petitecabane.com%2Fen%2Fmobile-maple-taffy-info%2F&#8221;][\/vc_column_inner][\/vc_row_inner][vc_column_text css=&#8221;.vc_custom_1704985523754{padding-top: 20px !important;}&#8221;]<\/p>\n<p style=\"text-align: center; font-size: 16px; color: #ed3126;\">For our mobile maple taffy truck to travel for an activity, <strong>a minimum of 250 bites is required <\/strong>for the event to take place.<\/p>\n<p>[\/vc_column_text][\/vc_column][\/vc_row][vc_row el_class=&#8221;hide&#8221;][vc_column css=&#8221;.vc_custom_1647878364319{padding-bottom: 6.5% !important;}&#8221;][vc_empty_space height=&#8221;300px&#8221; css=&#8221;.vc_custom_1647877038014{background-image: url(https:\/\/www.petitecabane.com\/wp-content\/uploads\/2022\/03\/tires.jpeg?id=65808) !important;background-position: center !important;background-repeat: no-repeat !important;background-size: cover !important;}&#8221;][vc_column_text css=&#8221;.vc_custom_1647878350343{padding-top: 25px !important;padding-right: 10% !important;padding-left: 10% !important;}&#8221;]<\/p>\n<h3 style=\"text-align: center;\">Are You a Small Group but Still Want to Enjoy our Delicious Maple Taffy?<\/h3>\n<p>The turnkey maple taffy kit is for you! You can easily recreate the mobile maple taffy activity yourself with our ready-to-use kit. Simply heat the taffy and enjoy!<\/p>\n<p>We provide all the necessary equipment, including the taffy bucket and the number of sticks needed for your activity. Here are the taffy bucket sizes we offer:<\/p>\n<ul>\n<li>Small bucket (2 kilos): 30 to 40 maple taffy bites<\/li>\n<li>Large bucket (5 kilos): 90 to 100 maple taffy bites<\/li>\n<\/ul>\n<p>[\/vc_column_text][vc_btn title=&#8221;CONTACT US&#8221; style=&#8221;outline&#8221; shape=&#8221;square&#8221; color=&#8221;black&#8221; align=&#8221;center&#8221; css=&#8221;&#8221; link=&#8221;url:https%3A%2F%2Fwww.petitecabane.com%2Fen%2Fmobile-maple-taffy-info%2F&#8221;][\/vc_column][\/vc_row][vc_row css=&#8221;.vc_custom_1555684480406{margin-right: 0px !important;margin-left: 0px !important;padding-bottom: 3% !important;}&#8221;][vc_column width=&#8221;1\/5&#8243; css=&#8221;.vc_custom_1555683266666{margin-right: 0px !important;margin-left: 0px !important;padding-right: 0px !important;padding-left: 0px !important;}&#8221;][vc_single_image image=&#8221;65440&#8243; img_size=&#8221;500&#215;500&#8243; alignment=&#8221;center&#8221; style=&#8221;vc_box_circle&#8221;][\/vc_column][vc_column width=&#8221;1\/5&#8243; css=&#8221;.vc_custom_1555683277013{margin-right: 0px !important;margin-left: 0px !important;padding-right: 0px !important;padding-left: 0px !important;}&#8221;][vc_single_image image=&#8221;67744&#8243; img_size=&#8221;500&#215;500&#8243; alignment=&#8221;center&#8221; style=&#8221;vc_box_circle&#8221;][\/vc_column][vc_column width=&#8221;1\/5&#8243; css=&#8221;.vc_custom_1555685505889{margin-right: 0px !important;margin-left: 0px !important;padding-right: 0px !important;padding-left: 0px !important;}&#8221;][vc_single_image image=&#8221;67813&#8243; img_size=&#8221;500&#215;500&#8243; alignment=&#8221;center&#8221; style=&#8221;vc_box_circle&#8221;][\/vc_column][vc_column width=&#8221;1\/5&#8243; css=&#8221;.vc_custom_1555683287640{margin-right: 0px !important;margin-left: 0px !important;padding-right: 0px !important;padding-left: 0px !important;}&#8221;][vc_single_image image=&#8221;67764&#8243; img_size=&#8221;500&#215;500&#8243; alignment=&#8221;center&#8221; style=&#8221;vc_box_circle&#8221;][\/vc_column][vc_column width=&#8221;1\/5&#8243; css=&#8221;.vc_custom_1555685513631{margin-right: 0px !important;margin-left: 0px !important;padding-right: 0px !important;padding-left: 0px !important;}&#8221;][vc_single_image image=&#8221;67798&#8243; img_size=&#8221;500&#215;500&#8243; alignment=&#8221;center&#8221; style=&#8221;vc_box_circle&#8221;][\/vc_column][\/vc_row][vc_row el_class=&#8221;x-hide-md x-hide-sm x-hide-xs&#8221; el_id=&#8221;syrup&#8221; css=&#8221;.vc_custom_1643660340772{padding-top: 50px !important;}&#8221;][vc_column width=&#8221;1\/2&#8243; css=&#8221;.vc_custom_1722428444778{background-image: url(https:\/\/www.petitecabane.com\/wp-content\/uploads\/2024\/07\/tire-mobile-scolaire.jpg?id=66029) !important;background-position: center !important;background-repeat: no-repeat !important;background-size: cover !important;}&#8221;][vc_empty_space height=&#8221;415px&#8221; css=&#8221;.vc_custom_1643392960313{background-position: center !important;background-repeat: no-repeat !important;background-size: cover !important;}&#8221;][\/vc_column][vc_column width=&#8221;1\/2&#8243; el_class=&#8221;col-md-6 col-sm-12 content-middle-column md-full-height sm-height-800 xs-height-500&#8243; css=&#8221;.vc_custom_1643392935763{background-position: 0 0 !important;background-repeat: repeat !important;}&#8221;]            <div class=\"wolverine-heading style2 dark text-center \" >\n                                    <h2>Educational establishments<\/h2>\n                                            <p>A wide range of possibilities for organizing a maple taffy activity suitable for your students aged 5 and up.<\/p>\n<p>This activity is offered in elementary schools and above; unfortunately, the service is not available for childcare centers and daycares.<\/p>\n                                <\/div>\n            [vc_empty_space][vc_row_inner el_class=&#8221;center&#8221;][vc_column_inner]            <a  class=\"wolverine-button style6 button-2x \"  href=\"https:\/\/www.petitecabane.com\/en\/mobile-maple-taffy\/schools-and-youth-groups\/\" title=\"LEARN MORE\" target=\"_self\">LEARN MORE<\/a>\n            [\/vc_column_inner][\/vc_row_inner][\/vc_column][\/vc_row][vc_row el_id=&#8221;school-mobile&#8221; css=&#8221;.vc_custom_1643660300671{padding-top: 50px !important;}&#8221; el_class=&#8221;x-hide-lg x-hide-xl&#8221;][vc_column width=&#8221;1\/2&#8243; css=&#8221;.vc_custom_1643660436127{background-image: url(https:\/\/www.petitecabane.com\/wp-content\/uploads\/2022\/01\/img-tire-ecoles.jpg?id=65661) !important;background-position: center !important;background-repeat: no-repeat !important;background-size: cover !important;}&#8221;][vc_empty_space height=&#8221;415px&#8221; css=&#8221;.vc_custom_1643392960313{background-position: center !important;background-repeat: no-repeat !important;background-size: cover !important;}&#8221;][\/vc_column][vc_column width=&#8221;1\/2&#8243; el_class=&#8221;col-md-6 col-sm-12 content-middle-column md-full-height sm-height-800 xs-height-500&#8243; css=&#8221;.vc_custom_1643660426443{background-position: center !important;background-repeat: no-repeat !important;background-size: cover !important;}&#8221;]            <div class=\"wolverine-heading style2 dark text-center \" >\n                                    <h2>Educational establishments<\/h2>\n                                            <p>A wide range of possibilities for organizing a maple taffy activity suitable for your students aged 5 and up.<\/p>\n<p>This activity is offered in elementary schools and above; unfortunately, the service is not available for childcare centers and daycares.<\/p>\n                                <\/div>\n            [vc_empty_space][vc_row_inner el_class=&#8221;center&#8221;][vc_column_inner]            <a  class=\"wolverine-button style6 button-2x \"  href=\"https:\/\/www.petitecabane.com\/en\/mobile-maple-taffy\/schools-and-youth-groups\/\" title=\"LEARN MORE\" target=\"_self\">LEARN MORE<\/a>\n            [\/vc_column_inner][\/vc_row_inner][\/vc_column][\/vc_row][vc_row el_class=&#8221;x-hide-md x-hide-sm x-hide-xs&#8221;][vc_column width=&#8221;1\/2&#8243; css=&#8221;.vc_custom_1647523161619{padding-right: 15px !important;padding-left: 15px !important;background-position: center !important;background-repeat: no-repeat !important;background-size: cover !important;}&#8221; el_class=&#8221;col-md-6 col-sm-12 content-middle-column md-full-height sm-height-800 xs-height-500&#8243;]            <div class=\"wolverine-heading style2 dark text-center \" >\n                                    <h2>Public, Corporate, and Business Events<\/h2>\n                                            <p>Want to treat your employees to a sugar shack-style happy hour or a festive afternoon? Want to add a special touch to a corporate event or in your store? Mobile maple taffy is the perfect activity to wow!<\/p>\n<p>We can cater to all types of events and adapt to your clientele and employees.<\/p>\n                                <\/div>\n            [vc_empty_space][vc_row_inner el_class=&#8221;center&#8221;][vc_column_inner]            <a  class=\"wolverine-button style6 button-2x \"  href=\"https:\/\/www.petitecabane.com\/en\/mobile-maple-taffy\/public-corporate-and-business-events\/\" title=\"LEARN MORE\" target=\"_self\">LEARN MORE<\/a>\n            [\/vc_column_inner][\/vc_row_inner][\/vc_column][vc_column width=&#8221;1\/2&#8243; css=&#8221;.vc_custom_1643393005399{background-image: url(https:\/\/www.petitecabane.com\/wp-content\/uploads\/2022\/01\/img-tire-corpo2.jpg?id=65676) !important;background-position: center !important;background-repeat: no-repeat !important;background-size: cover !important;}&#8221;][vc_empty_space height=&#8221;415px&#8221;][\/vc_column][\/vc_row][vc_row el_class=&#8221;x-hide-lg x-hide-xl&#8221; el_id=&#8221;corporate-mobile&#8221;][vc_column width=&#8221;1\/2&#8243; css=&#8221;.vc_custom_1643660135337{background-image: url(https:\/\/www.petitecabane.com\/wp-content\/uploads\/2022\/01\/img-tire-corpo2.jpg?id=65676) !important;background-position: center !important;background-repeat: no-repeat !important;background-size: cover !important;}&#8221;][vc_empty_space height=&#8221;415px&#8221;][\/vc_column][vc_column width=&#8221;1\/2&#8243; css=&#8221;.vc_custom_1647523202947{background-position: center !important;background-repeat: no-repeat !important;background-size: cover !important;}&#8221; el_class=&#8221;col-md-6 col-sm-12 content-middle-column md-full-height sm-height-800 xs-height-500&#8243;]            <div class=\"wolverine-heading style2 dark text-center \" >\n                                    <h2>Public, Corporate, and Business Events<\/h2>\n                                            <p>Want to treat your employees to a sugar shack-style happy hour or a festive afternoon? Want to add a special touch to a corporate event or in your store? Mobile maple taffy is the perfect activity to wow!<\/p>\n<p>We can cater to all types of events and adapt to your clientele and employees.<\/p>\n                                <\/div>\n            [vc_empty_space][vc_row_inner el_class=&#8221;center&#8221;][vc_column_inner]            <a  class=\"wolverine-button style6 button-2x \"  href=\"https:\/\/www.petitecabane.com\/en\/mobile-maple-taffy\/public-corporate-and-business-events\/\" title=\"LEARN MORE\" target=\"_self\">LEARN MORE<\/a>\n            [\/vc_column_inner][\/vc_row_inner][\/vc_column][\/vc_row][vc_row el_class=&#8221;x-hide-md x-hide-sm x-hide-xs&#8221;][vc_column width=&#8221;1\/2&#8243; css=&#8221;.vc_custom_1643393853951{background-image: url(https:\/\/www.petitecabane.com\/wp-content\/uploads\/2022\/01\/hh-the-hamlets.jpg?id=65683) !important;background-position: center !important;background-repeat: no-repeat !important;background-size: cover !important;}&#8221;][vc_empty_space height=&#8221;415px&#8221; css=&#8221;.vc_custom_1643392960313{background-position: center !important;background-repeat: no-repeat !important;background-size: cover !important;}&#8221;][\/vc_column][vc_column width=&#8221;1\/2&#8243; el_class=&#8221;col-md-6 col-sm-12 content-middle-column md-full-height sm-height-800 xs-height-500&#8243; css=&#8221;.vc_custom_1643392935763{background-position: 0 0 !important;background-repeat: repeat !important;}&#8221;]            <div class=\"wolverine-heading style2 dark text-center \" >\n                                    <h2>Hospitals and Senior Residences<\/h2>\n                                            <p>Use the mobile taffy service to bring your residents together for an activity they'll love.<\/p>\n<p>In addition to your residents, all your employees will also be able to enjoy this sweet treat!<\/p>\n                                <\/div>\n            [vc_empty_space][vc_row_inner el_class=&#8221;center&#8221;][vc_column_inner]            <a  class=\"wolverine-button style6 button-2x \"  href=\"https:\/\/www.petitecabane.com\/en\/mobile-maple-taffy\/hospitals-and-senior-residences\/\" title=\"LEARN MORE\" target=\"_self\">LEARN MORE<\/a>\n            [\/vc_column_inner][\/vc_row_inner][\/vc_column][\/vc_row][vc_row el_class=&#8221;x-hide-lg x-hide-xl&#8221; el_id=&#8221;residence-mobile&#8221;][vc_column width=&#8221;1\/2&#8243; css=&#8221;.vc_custom_1643660164203{background-image: url(https:\/\/www.petitecabane.com\/wp-content\/uploads\/2022\/01\/hh-the-hamlets.jpg?id=65683) !important;background-position: center !important;background-repeat: no-repeat !important;background-size: cover !important;}&#8221;][vc_empty_space height=&#8221;415px&#8221; css=&#8221;.vc_custom_1643392960313{background-position: center !important;background-repeat: no-repeat !important;background-size: cover !important;}&#8221;][\/vc_column][vc_column width=&#8221;1\/2&#8243; el_class=&#8221;col-md-6 col-sm-12 content-middle-column md-full-height sm-height-800 xs-height-500&#8243; css=&#8221;.vc_custom_1643660156277{background-position: center !important;background-repeat: no-repeat !important;background-size: cover !important;}&#8221;]            <div class=\"wolverine-heading style2 dark text-center \" >\n                                    <h2>Hospitals and Senior Residences<\/h2>\n                                            <p>Use the mobile taffy service to bring your residents together for an activity they'll love.<\/p>\n<p>In addition to your residents, all your employees will also be able to enjoy this sweet treat!<\/p>\n                                <\/div>\n            [vc_empty_space][vc_row_inner el_class=&#8221;center&#8221;][vc_column_inner]            <a  class=\"wolverine-button style6 button-2x \"  href=\"https:\/\/www.petitecabane.com\/en\/mobile-maple-taffy\/hospitals-and-senior-residences\/\" title=\"LEARN MORE\" target=\"_self\">LEARN MORE<\/a>\n            [\/vc_column_inner][\/vc_row_inner][\/vc_column][\/vc_row][vc_row overlay_set=&#8221;show_overlay_color&#8221; overlay_color=&#8221;#000000&#8243; overlay_opacity=&#8221;70&#8243; css=&#8221;.vc_custom_1643396282518{padding-top: 5% !important;padding-right: 5% !important;padding-bottom: 5% !important;padding-left: 5% !important;background-image: url(https:\/\/petitecabane.com\/wp-content\/uploads\/2019\/04\/activite-tire-erable-mobile-petite-cabane-mobile.jpg?id=65445) !important;background-position: center !important;background-repeat: no-repeat !important;background-size: cover !important;}&#8221;][vc_column][vc_column_text]<\/p>\n<h3 style=\"text-align: center;\"><span style=\"color: #ed3126;\">The Taffy at your Disposal!<\/span><\/h3>\n<h4 style=\"color: #ed3126; text-align: center;\"><span style=\"color: #ffffff;\">We Offer You 100% Pure, High-Quality Maple Taffy.<\/span><\/h4>\n<p>[\/vc_column_text][vc_empty_space][vc_btn title=&#8221;REQUEST A QUOTE&#8221; style=&#8221;outline&#8221; shape=&#8221;square&#8221; color=&#8221;white&#8221; size=&#8221;lg&#8221; align=&#8221;center&#8221; css=&#8221;&#8221; link=&#8221;url:https%3A%2F%2Fwww.petitecabane.com%2Fen%2Fmobile-maple-taffy-info%2F|title:Mobile%20Maple%20Taffy%20Info|target:_blank&#8221;][\/vc_column][\/vc_row]<\/p>\n<\/div>","protected":false},"excerpt":{"rendered":"<p>[vc_row css=&#8221;.vc_custom_1648496254396{margin-bottom: 25px !important;padding-top: 12px !important;padding-bottom: 12px !important;background-color: #ed3126 !important;}&#8221;][vc_column css=&#8221;.vc_custom_1648496159707{padding-left: 4% !important;}&#8221;][vc_column_text] *Book the Mobile Taffy Now, Hurry, Spots are Limited!* [\/vc_column_text][\/vc_column][\/vc_row][vc_row layout=&#8221;boxed&#8221; css=&#8221;.vc_custom_1555685807029{background-position: center !important;background-repeat: no-repeat !important;background-size: cover !important;}&#8221;][vc_column css=&#8221;.vc_custom_1647877293054{padding-top: 0px !important;padding-right: 10% !important;padding-bottom: 3.5% !important;padding-left: 10% !important;}&#8221;][vc_single_image image=&#8221;67748&#8243; img_size=&#8221;55&#215;120&#8243; alignment=&#8221;center&#8221; css=&#8221;.vc_custom_1643753841816{padding-bottom: 15px !important;}&#8221;][vc_column_text css=&#8221;.vc_custom_1731966149845{padding-bottom: 15px !important;}&#8221;] We Bring the Maple to You [&hellip;]<\/p>\n","protected":false},"author":1,"featured_media":0,"parent":0,"menu_order":0,"comment_status":"closed","ping_status":"closed","template":"","meta":{"footnotes":""},"class_list":["post-67742","page","type-page","status-publish","hentry"],"yoast_head":"<!-- This site is optimized with the Yoast SEO plugin v27.2 - https:\/\/yoast.com\/product\/yoast-seo-wordpress\/ -->\n<title>Mobile Maple Taffy Activity at your Location<\/title>\n<meta name=\"description\" content=\"Book a mobile maple taffy activity for schools, senior residences, businesses, or corporate events.\" \/>\n<meta name=\"robots\" content=\"index, follow, max-snippet:-1, max-image-preview:large, max-video-preview:-1\" \/>\n<link rel=\"canonical\" href=\"https:\/\/www.petitecabane.com\/en\/mobile-maple-taffy\/\" \/>\n<meta property=\"og:locale\" content=\"en_US\" \/>\n<meta property=\"og:type\" content=\"article\" \/>\n<meta property=\"og:title\" content=\"Mobile Maple Taffy Activity at your Location\" \/>\n<meta property=\"og:description\" content=\"Book a mobile maple taffy activity for schools, senior residences, businesses, or corporate events.\" \/>\n<meta property=\"og:url\" content=\"https:\/\/www.petitecabane.com\/en\/mobile-maple-taffy\/\" \/>\n<meta property=\"og:site_name\" content=\"La Petite Cabane \u00e0 Sucre de Qu\u00e9bec\" \/>\n<meta property=\"article:publisher\" content=\"https:\/\/www.facebook.com\/petitecabaneasucredeQuebec\" \/>\n<meta property=\"article:modified_time\" content=\"2025-10-23T15:01:33+00:00\" \/>\n<meta property=\"og:image\" content=\"https:\/\/petitecabane.com\/wp-content\/uploads\/2014\/05\/screenshot.png\" \/>\n<script type=\"application\/ld+json\" class=\"yoast-schema-graph\">{\"@context\":\"https:\/\/schema.org\",\"@graph\":[{\"@type\":\"WebPage\",\"@id\":\"https:\/\/www.petitecabane.com\/en\/mobile-maple-taffy\/\",\"url\":\"https:\/\/www.petitecabane.com\/en\/mobile-maple-taffy\/\",\"name\":\"Mobile Maple Taffy Activity at your Location\",\"isPartOf\":{\"@id\":\"https:\/\/www.petitecabane.com\/en\/#website\"},\"datePublished\":\"2025-10-22T12:11:19+00:00\",\"dateModified\":\"2025-10-23T15:01:33+00:00\",\"description\":\"Book a mobile maple taffy activity for schools, senior residences, businesses, or corporate events.\",\"breadcrumb\":{\"@id\":\"https:\/\/www.petitecabane.com\/en\/mobile-maple-taffy\/#breadcrumb\"},\"inLanguage\":\"en-US\",\"potentialAction\":[{\"@type\":\"ReadAction\",\"target\":[\"https:\/\/www.petitecabane.com\/en\/mobile-maple-taffy\/\"]}]},{\"@type\":\"BreadcrumbList\",\"@id\":\"https:\/\/www.petitecabane.com\/en\/mobile-maple-taffy\/#breadcrumb\",\"itemListElement\":[{\"@type\":\"ListItem\",\"position\":1,\"name\":\"Home\",\"item\":\"https:\/\/www.petitecabane.com\/en\/home\/\"},{\"@type\":\"ListItem\",\"position\":2,\"name\":\"Mobile Maple Taffy\"}]},{\"@type\":\"WebSite\",\"@id\":\"https:\/\/www.petitecabane.com\/en\/#website\",\"url\":\"https:\/\/www.petitecabane.com\/en\/\",\"name\":\"La Petite Cabane \u00e0 Sucre de Qu\u00e9bec\",\"description\":\"Boutique sp\u00e9cialis\u00e9e de produits d\u2019\u00e9rable\",\"potentialAction\":[{\"@type\":\"SearchAction\",\"target\":{\"@type\":\"EntryPoint\",\"urlTemplate\":\"https:\/\/www.petitecabane.com\/en\/?s={search_term_string}\"},\"query-input\":{\"@type\":\"PropertyValueSpecification\",\"valueRequired\":true,\"valueName\":\"search_term_string\"}}],\"inLanguage\":\"en-US\"}]}<\/script>\n<!-- \/ Yoast SEO plugin. -->","yoast_head_json":{"title":"Mobile Maple Taffy Activity at your Location","description":"Book a mobile maple taffy activity for schools, senior residences, businesses, or corporate events.","robots":{"index":"index","follow":"follow","max-snippet":"max-snippet:-1","max-image-preview":"max-image-preview:large","max-video-preview":"max-video-preview:-1"},"canonical":"https:\/\/www.petitecabane.com\/en\/mobile-maple-taffy\/","og_locale":"en_US","og_type":"article","og_title":"Mobile Maple Taffy Activity at your Location","og_description":"Book a mobile maple taffy activity for schools, senior residences, businesses, or corporate events.","og_url":"https:\/\/www.petitecabane.com\/en\/mobile-maple-taffy\/","og_site_name":"La Petite Cabane \u00e0 Sucre de Qu\u00e9bec","article_publisher":"https:\/\/www.facebook.com\/petitecabaneasucredeQuebec","article_modified_time":"2025-10-23T15:01:33+00:00","og_image":[{"url":"https:\/\/petitecabane.com\/wp-content\/uploads\/2014\/05\/screenshot.png","type":"","width":"","height":""}],"schema":{"@context":"https:\/\/schema.org","@graph":[{"@type":"WebPage","@id":"https:\/\/www.petitecabane.com\/en\/mobile-maple-taffy\/","url":"https:\/\/www.petitecabane.com\/en\/mobile-maple-taffy\/","name":"Mobile Maple Taffy Activity at your Location","isPartOf":{"@id":"https:\/\/www.petitecabane.com\/en\/#website"},"datePublished":"2025-10-22T12:11:19+00:00","dateModified":"2025-10-23T15:01:33+00:00","description":"Book a mobile maple taffy activity for schools, senior residences, businesses, or corporate events.","breadcrumb":{"@id":"https:\/\/www.petitecabane.com\/en\/mobile-maple-taffy\/#breadcrumb"},"inLanguage":"en-US","potentialAction":[{"@type":"ReadAction","target":["https:\/\/www.petitecabane.com\/en\/mobile-maple-taffy\/"]}]},{"@type":"BreadcrumbList","@id":"https:\/\/www.petitecabane.com\/en\/mobile-maple-taffy\/#breadcrumb","itemListElement":[{"@type":"ListItem","position":1,"name":"Home","item":"https:\/\/www.petitecabane.com\/en\/home\/"},{"@type":"ListItem","position":2,"name":"Mobile Maple Taffy"}]},{"@type":"WebSite","@id":"https:\/\/www.petitecabane.com\/en\/#website","url":"https:\/\/www.petitecabane.com\/en\/","name":"La Petite Cabane \u00e0 Sucre de Qu\u00e9bec","description":"Boutique sp\u00e9cialis\u00e9e de produits d\u2019\u00e9rable","potentialAction":[{"@type":"SearchAction","target":{"@type":"EntryPoint","urlTemplate":"https:\/\/www.petitecabane.com\/en\/?s={search_term_string}"},"query-input":{"@type":"PropertyValueSpecification","valueRequired":true,"valueName":"search_term_string"}}],"inLanguage":"en-US"}]}},"_links":{"self":[{"href":"https:\/\/www.petitecabane.com\/en\/wp-json\/wp\/v2\/pages\/67742","targetHints":{"allow":["GET"]}}],"collection":[{"href":"https:\/\/www.petitecabane.com\/en\/wp-json\/wp\/v2\/pages"}],"about":[{"href":"https:\/\/www.petitecabane.com\/en\/wp-json\/wp\/v2\/types\/page"}],"author":[{"embeddable":true,"href":"https:\/\/www.petitecabane.com\/en\/wp-json\/wp\/v2\/users\/1"}],"replies":[{"embeddable":true,"href":"https:\/\/www.petitecabane.com\/en\/wp-json\/wp\/v2\/comments?post=67742"}],"version-history":[{"count":9,"href":"https:\/\/www.petitecabane.com\/en\/wp-json\/wp\/v2\/pages\/67742\/revisions"}],"predecessor-version":[{"id":68193,"href":"https:\/\/www.petitecabane.com\/en\/wp-json\/wp\/v2\/pages\/67742\/revisions\/68193"}],"wp:attachment":[{"href":"https:\/\/www.petitecabane.com\/en\/wp-json\/wp\/v2\/media?parent=67742"}],"curies":[{"name":"wp","href":"https:\/\/api.w.org\/{rel}","templated":true}]}}