{"id":67755,"date":"2025-10-22T08:11:26","date_gmt":"2025-10-22T12:11:26","guid":{"rendered":"https:\/\/www.petitecabane.com\/our-maple-products\/"},"modified":"2025-10-22T08:11:26","modified_gmt":"2025-10-22T12:11:26","slug":"our-maple-products","status":"publish","type":"page","link":"https:\/\/www.petitecabane.com\/en\/our-maple-products\/","title":{"rendered":"Our Maple Products"},"content":{"rendered":"<div class=\"wpb-content-wrapper\"><p>[vc_row layout=&#8221;boxed&#8221;][vc_column][vc_icon color=&#8221;custom&#8221; size=&#8221;xl&#8221; align=&#8221;center&#8221; icon_wolverine=&#8221;wicon icon-shopping111&#8243; custom_color=&#8221;#ed3126&#8243;]            <div class=\"wolverine-heading style1 dark text-center \" >\n                                    <h2>Revenez bient\u00f4t pour magasiner en ligne!<\/h2>\n                                <\/div>\n            [vc_separator color=&#8221;black&#8221; style=&#8221;dotted&#8221; border_width=&#8221;2&#8243; el_width=&#8221;60&#8243;][vc_empty_space][vc_column_text]<\/p>\n<h4 style=\"text-align: center;\"><span style=\"color: #ed3126;\">Hundreds of Quality Maple Products<\/span><\/h4>\n<p style=\"text-align: center;\">In addition to supplying our La Petite Cabane \u00e0 Sucre de Qu\u00e9bec store on Rue du Petit Champlain and our online store, we are a major supplier in the Quebec maple syrup industry. Our clients include many renowned companies in Quebec and Canada.<\/p>\n<p>[\/vc_column_text][\/vc_column][\/vc_row][vc_row][vc_column][vc_single_image image=&#8221;67757&#8243; img_size=&#8221;full&#8221; alignment=&#8221;center&#8221;][\/vc_column][\/vc_row]<\/p>\n<\/div>","protected":false},"excerpt":{"rendered":"<p>[vc_row layout=&#8221;boxed&#8221;][vc_column][vc_icon color=&#8221;custom&#8221; size=&#8221;xl&#8221; align=&#8221;center&#8221; icon_wolverine=&#8221;wicon icon-shopping111&#8243; custom_color=&#8221;#ed3126&#8243;][vc_separator color=&#8221;black&#8221; style=&#8221;dotted&#8221; border_width=&#8221;2&#8243; el_width=&#8221;60&#8243;][vc_empty_space][vc_column_text] Hundreds of Quality Maple Products In addition to supplying our La Petite Cabane \u00e0 Sucre de Qu\u00e9bec store on Rue du Petit Champlain and our online store, we are a major supplier in the Quebec maple syrup industry. Our clients include many renowned [&hellip;]<\/p>\n","protected":false},"author":1,"featured_media":0,"parent":0,"menu_order":0,"comment_status":"closed","ping_status":"closed","template":"","meta":{"footnotes":""},"class_list":["post-67755","page","type-page","status-publish","hentry"],"yoast_head":"<!-- This site is optimized with the Yoast SEO plugin v27.2 - https:\/\/yoast.com\/product\/yoast-seo-wordpress\/ -->\n<title>Our Maple Products<\/title>\n<meta name=\"robots\" content=\"index, follow, max-snippet:-1, max-image-preview:large, max-video-preview:-1\" \/>\n<link rel=\"canonical\" href=\"https:\/\/www.petitecabane.com\/en\/our-maple-products\/\" \/>\n<meta property=\"og:locale\" content=\"en_US\" \/>\n<meta property=\"og:type\" content=\"article\" \/>\n<meta property=\"og:title\" content=\"Our Maple Products\" \/>\n<meta property=\"og:description\" content=\"[vc_row layout=&#8221;boxed&#8221;][vc_column][vc_icon color=&#8221;custom&#8221; size=&#8221;xl&#8221; align=&#8221;center&#8221; icon_wolverine=&#8221;wicon icon-shopping111&#8243; custom_color=&#8221;#ed3126&#8243;][vc_separator color=&#8221;black&#8221; style=&#8221;dotted&#8221; border_width=&#8221;2&#8243; el_width=&#8221;60&#8243;][vc_empty_space][vc_column_text] Hundreds of Quality Maple Products In addition to supplying our La Petite Cabane \u00e0 Sucre de Qu\u00e9bec store on Rue du Petit Champlain and our online store, we are a major supplier in the Quebec maple syrup industry. Our clients include many renowned [&hellip;]\" \/>\n<meta property=\"og:url\" content=\"https:\/\/www.petitecabane.com\/en\/our-maple-products\/\" \/>\n<meta property=\"og:site_name\" content=\"La Petite Cabane \u00e0 Sucre de Qu\u00e9bec\" \/>\n<meta property=\"article:publisher\" content=\"https:\/\/www.facebook.com\/petitecabaneasucredeQuebec\" \/>\n<meta property=\"og:image\" content=\"https:\/\/petitecabane.com\/wp-content\/uploads\/2014\/05\/screenshot.png\" \/>\n<script type=\"application\/ld+json\" class=\"yoast-schema-graph\">{\"@context\":\"https:\/\/schema.org\",\"@graph\":[{\"@type\":\"WebPage\",\"@id\":\"https:\/\/www.petitecabane.com\/en\/our-maple-products\/\",\"url\":\"https:\/\/www.petitecabane.com\/en\/our-maple-products\/\",\"name\":\"Our Maple Products\",\"isPartOf\":{\"@id\":\"https:\/\/www.petitecabane.com\/en\/#website\"},\"datePublished\":\"2025-10-22T12:11:26+00:00\",\"breadcrumb\":{\"@id\":\"https:\/\/www.petitecabane.com\/en\/our-maple-products\/#breadcrumb\"},\"inLanguage\":\"en-US\",\"potentialAction\":[{\"@type\":\"ReadAction\",\"target\":[\"https:\/\/www.petitecabane.com\/en\/our-maple-products\/\"]}]},{\"@type\":\"BreadcrumbList\",\"@id\":\"https:\/\/www.petitecabane.com\/en\/our-maple-products\/#breadcrumb\",\"itemListElement\":[{\"@type\":\"ListItem\",\"position\":1,\"name\":\"Home\",\"item\":\"https:\/\/www.petitecabane.com\/en\/home\/\"},{\"@type\":\"ListItem\",\"position\":2,\"name\":\"Our Maple Products\"}]},{\"@type\":\"WebSite\",\"@id\":\"https:\/\/www.petitecabane.com\/en\/#website\",\"url\":\"https:\/\/www.petitecabane.com\/en\/\",\"name\":\"La Petite Cabane \u00e0 Sucre de Qu\u00e9bec\",\"description\":\"Boutique sp\u00e9cialis\u00e9e de produits d\u2019\u00e9rable\",\"potentialAction\":[{\"@type\":\"SearchAction\",\"target\":{\"@type\":\"EntryPoint\",\"urlTemplate\":\"https:\/\/www.petitecabane.com\/en\/?s={search_term_string}\"},\"query-input\":{\"@type\":\"PropertyValueSpecification\",\"valueRequired\":true,\"valueName\":\"search_term_string\"}}],\"inLanguage\":\"en-US\"}]}<\/script>\n<!-- \/ Yoast SEO plugin. -->","yoast_head_json":{"title":"Our Maple Products","robots":{"index":"index","follow":"follow","max-snippet":"max-snippet:-1","max-image-preview":"max-image-preview:large","max-video-preview":"max-video-preview:-1"},"canonical":"https:\/\/www.petitecabane.com\/en\/our-maple-products\/","og_locale":"en_US","og_type":"article","og_title":"Our Maple Products","og_description":"[vc_row layout=&#8221;boxed&#8221;][vc_column][vc_icon color=&#8221;custom&#8221; size=&#8221;xl&#8221; align=&#8221;center&#8221; icon_wolverine=&#8221;wicon icon-shopping111&#8243; custom_color=&#8221;#ed3126&#8243;][vc_separator color=&#8221;black&#8221; style=&#8221;dotted&#8221; border_width=&#8221;2&#8243; el_width=&#8221;60&#8243;][vc_empty_space][vc_column_text] Hundreds of Quality Maple Products In addition to supplying our La Petite Cabane \u00e0 Sucre de Qu\u00e9bec store on Rue du Petit Champlain and our online store, we are a major supplier in the Quebec maple syrup industry. Our clients include many renowned [&hellip;]","og_url":"https:\/\/www.petitecabane.com\/en\/our-maple-products\/","og_site_name":"La Petite Cabane \u00e0 Sucre de Qu\u00e9bec","article_publisher":"https:\/\/www.facebook.com\/petitecabaneasucredeQuebec","og_image":[{"url":"https:\/\/petitecabane.com\/wp-content\/uploads\/2014\/05\/screenshot.png","type":"","width":"","height":""}],"schema":{"@context":"https:\/\/schema.org","@graph":[{"@type":"WebPage","@id":"https:\/\/www.petitecabane.com\/en\/our-maple-products\/","url":"https:\/\/www.petitecabane.com\/en\/our-maple-products\/","name":"Our Maple Products","isPartOf":{"@id":"https:\/\/www.petitecabane.com\/en\/#website"},"datePublished":"2025-10-22T12:11:26+00:00","breadcrumb":{"@id":"https:\/\/www.petitecabane.com\/en\/our-maple-products\/#breadcrumb"},"inLanguage":"en-US","potentialAction":[{"@type":"ReadAction","target":["https:\/\/www.petitecabane.com\/en\/our-maple-products\/"]}]},{"@type":"BreadcrumbList","@id":"https:\/\/www.petitecabane.com\/en\/our-maple-products\/#breadcrumb","itemListElement":[{"@type":"ListItem","position":1,"name":"Home","item":"https:\/\/www.petitecabane.com\/en\/home\/"},{"@type":"ListItem","position":2,"name":"Our Maple Products"}]},{"@type":"WebSite","@id":"https:\/\/www.petitecabane.com\/en\/#website","url":"https:\/\/www.petitecabane.com\/en\/","name":"La Petite Cabane \u00e0 Sucre de Qu\u00e9bec","description":"Boutique sp\u00e9cialis\u00e9e de produits d\u2019\u00e9rable","potentialAction":[{"@type":"SearchAction","target":{"@type":"EntryPoint","urlTemplate":"https:\/\/www.petitecabane.com\/en\/?s={search_term_string}"},"query-input":{"@type":"PropertyValueSpecification","valueRequired":true,"valueName":"search_term_string"}}],"inLanguage":"en-US"}]}},"_links":{"self":[{"href":"https:\/\/www.petitecabane.com\/en\/wp-json\/wp\/v2\/pages\/67755","targetHints":{"allow":["GET"]}}],"collection":[{"href":"https:\/\/www.petitecabane.com\/en\/wp-json\/wp\/v2\/pages"}],"about":[{"href":"https:\/\/www.petitecabane.com\/en\/wp-json\/wp\/v2\/types\/page"}],"author":[{"embeddable":true,"href":"https:\/\/www.petitecabane.com\/en\/wp-json\/wp\/v2\/users\/1"}],"replies":[{"embeddable":true,"href":"https:\/\/www.petitecabane.com\/en\/wp-json\/wp\/v2\/comments?post=67755"}],"version-history":[{"count":3,"href":"https:\/\/www.petitecabane.com\/en\/wp-json\/wp\/v2\/pages\/67755\/revisions"}],"predecessor-version":[{"id":67760,"href":"https:\/\/www.petitecabane.com\/en\/wp-json\/wp\/v2\/pages\/67755\/revisions\/67760"}],"wp:attachment":[{"href":"https:\/\/www.petitecabane.com\/en\/wp-json\/wp\/v2\/media?parent=67755"}],"curies":[{"name":"wp","href":"https:\/\/api.w.org\/{rel}","templated":true}]}}