{"id":67785,"date":"2025-10-22T08:12:00","date_gmt":"2025-10-22T12:12:00","guid":{"rendered":"https:\/\/www.petitecabane.com\/about\/"},"modified":"2025-10-28T11:14:47","modified_gmt":"2025-10-28T15:14:47","slug":"about","status":"publish","type":"page","link":"https:\/\/www.petitecabane.com\/en\/about\/","title":{"rendered":"About"},"content":{"rendered":"<div class=\"wpb-content-wrapper\"><p>[vc_row layout=&#8221;boxed&#8221; css=&#8221;.vc_custom_1555681798750{padding-bottom: 2% !important;}&#8221;][vc_column width=&#8221;2\/3&#8243;][vc_column_text]<\/p>\n<h3>Get to Know Us,<\/h3>\n<h4 style=\"color: #ed3126;\">A DIFFERENCE!<\/h4>\n<p>Passionate and professional maple producers, Carole and Mario Fortier are heirs to a rich family tradition where maple syrup holds a significant place. Like a close-knit clan, they have gathered a team passionate about maple, dedicated to showcasing the qualities of Quebec and Canadian terroir to a wide international clientele. With the arrival of Rebecca McWhirter as partner-owner, La Petite Cabane \u00e0 Sucre de Qu\u00e9bec affirms its commitment to making quality maple syrup available across the globe. Our desire to make maple accessible to you, no matter the time of year, is our new niche.<\/p>\n<p><strong>Don&#8217;t wait any longer, we&#8217;ll come to you to sweeten your palate!<\/strong>[\/vc_column_text][vc_row_inner css=&#8221;.vc_custom_1555686169337{padding-top: 3% !important;padding-bottom: 3% !important;}&#8221;][vc_column_inner width=&#8221;1\/2&#8243;][vc_single_image image=&#8221;67737&#8243; img_size=&#8221;100&#215;100&#8243; alignment=&#8221;center&#8221; onclick=&#8221;custom_link&#8221; link=&#8221;https:\/\/www.petitecabane.com\/en\/la-petite-cabane-a-sucre\/&#8221;][vc_column_text css=&#8221;&#8221;]<\/p>\n<h6 style=\"text-align: center;\"><a href=\"https:\/\/www.petitecabane.com\/en\/shop\/\">Discover our products<\/a><\/h6>\n<p>[\/vc_column_text][\/vc_column_inner][vc_column_inner width=&#8221;1\/2&#8243;][vc_single_image image=&#8221;65448&#8243; img_size=&#8221;100&#215;100&#8243; alignment=&#8221;center&#8221; onclick=&#8221;custom_link&#8221; link=&#8221;https:\/\/www.petitecabane.com\/en\/mobile-maple-taffy\/&#8221;][vc_column_text css=&#8221;&#8221;]<\/p>\n<h6 style=\"text-align: center;\"><a href=\"https:\/\/www.petitecabane.com\/en\/mobile-maple-taffy\/\">Experience the Mobile Maple Taffy Activity<\/a><\/h6>\n<p>[\/vc_column_text][\/vc_column_inner][\/vc_row_inner][\/vc_column][vc_column width=&#8221;1\/3&#8243;]            <div class=\"wolverine-heading style4 dark  \" >\n                                    <div class=\"row\">\n                        <div class=\"col-md-3 col-sm-12 col-xs-12\">\n\t                                                    <h2>1996<\/h2>\n\t                                                <\/div>\n                        <div class=\"col-md-9 col-sm-12 col-xs-12\">\n                                                            <p>Establishment of a boutique \u201cLa Petite Cabane \u00e0 sucre de Qu\u00e9bec\u201d in the Petit-Champlain district<\/p>\n                                                    <\/div>\n                    <\/div>\n                            <\/div>\n            [vc_separator color=&#8221;custom&#8221; border_width=&#8221;2&#8243; el_width=&#8221;30&#8243; accent_color=&#8221;#ed3126&#8243;]            <div class=\"wolverine-heading style4 dark  \" >\n                                    <div class=\"row\">\n                        <div class=\"col-md-3 col-sm-12 col-xs-12\">\n\t                                                    <h2>2007<\/h2>\n\t                                                <\/div>\n                        <div class=\"col-md-9 col-sm-12 col-xs-12\">\n                                                            <p>Exploring the European market. They conquered the French.<\/p>\n                                                    <\/div>\n                    <\/div>\n                            <\/div>\n            [vc_separator color=&#8221;custom&#8221; border_width=&#8221;2&#8243; el_width=&#8221;30&#8243; accent_color=&#8221;#ed3126&#8243;]            <div class=\"wolverine-heading style4 dark  \" >\n                                    <div class=\"row\">\n                        <div class=\"col-md-3 col-sm-12 col-xs-12\">\n\t                                                    <h2>2023<\/h2>\n\t                                                <\/div>\n                        <div class=\"col-md-9 col-sm-12 col-xs-12\">\n                                                            <p>Arrival of Rebecca McWhirter as partner-owner with Mario Fortier<\/p>\n                                                    <\/div>\n                    <\/div>\n                            <\/div>\n            [vc_separator color=&#8221;custom&#8221; border_width=&#8221;2&#8243; el_width=&#8221;30&#8243; accent_color=&#8221;#ed3126&#8243;]            <div class=\"wolverine-heading style4 dark  \" >\n                                    <div class=\"row\">\n                        <div class=\"col-md-3 col-sm-12 col-xs-12\">\n\t                                                    <h2>2024<\/h2>\n\t                                                <\/div>\n                        <div class=\"col-md-9 col-sm-12 col-xs-12\">\n                                                            <p>Opening of a second boutique on rue de Buade in Old Quebec<\/p>\n                                                    <\/div>\n                    <\/div>\n                            <\/div>\n            [\/vc_column][\/vc_row][vc_row overlay_set=&#8221;show_overlay_color&#8221; overlay_color=&#8221;#000000&#8243; css=&#8221;.vc_custom_1555681945214{padding-top: 5% !important;padding-right: 5% !important;padding-bottom: 5% !important;padding-left: 5% !important;background-image: url(https:\/\/petitecabane.com\/wp-content\/uploads\/2017\/10\/production-erable.jpg?id=65330) !important;background-position: center !important;background-repeat: no-repeat !important;background-size: cover !important;}&#8221;][vc_column][vc_column_text]<\/p>\n<h3 style=\"text-align: center;\"><span style=\"color: #ffffff;\">Our Desire to Make Maple Accessible to You, No Matter the Time of Year,<\/span><\/h3>\n<h4 style=\"color: #ed3126; text-align: center;\">THAT IS OUR NICHE!<\/h4>\n<p>[\/vc_column_text][vc_empty_space][vc_btn title=&#8221;CONTACT US!&#8221; style=&#8221;outline&#8221; shape=&#8221;square&#8221; color=&#8221;white&#8221; size=&#8221;lg&#8221; align=&#8221;center&#8221; css=&#8221;&#8221; link=&#8221;url:https%3A%2F%2Fwww.petitecabane.com%2Fen%2Fcontact%2F|title:Contact&#8221;][\/vc_column][\/vc_row]<\/p>\n<\/div>","protected":false},"excerpt":{"rendered":"<p>[vc_row layout=&#8221;boxed&#8221; css=&#8221;.vc_custom_1555681798750{padding-bottom: 2% !important;}&#8221;][vc_column width=&#8221;2\/3&#8243;][vc_column_text] Get to Know Us, A DIFFERENCE! Passionate and professional maple producers, Carole and Mario Fortier are heirs to a rich family tradition where maple syrup holds a significant place. Like a close-knit clan, they have gathered a team passionate about maple, dedicated to showcasing the qualities of Quebec and [&hellip;]<\/p>\n","protected":false},"author":1,"featured_media":0,"parent":0,"menu_order":0,"comment_status":"closed","ping_status":"open","template":"","meta":{"footnotes":""},"class_list":["post-67785","page","type-page","status-publish","hentry"],"yoast_head":"<!-- This site is optimized with the Yoast SEO plugin v27.2 - https:\/\/yoast.com\/product\/yoast-seo-wordpress\/ -->\n<title>About<\/title>\n<meta name=\"description\" content=\"La Petite Cabane \u00e0 Sucre offers an endless range of maple products and provides tastings at all times at its Petit-Champlain boutique in Quebec City.\" \/>\n<meta name=\"robots\" content=\"index, follow, max-snippet:-1, max-image-preview:large, max-video-preview:-1\" \/>\n<link rel=\"canonical\" href=\"https:\/\/www.petitecabane.com\/en\/about\/\" \/>\n<meta property=\"og:locale\" content=\"en_US\" \/>\n<meta property=\"og:type\" content=\"article\" \/>\n<meta property=\"og:title\" content=\"About\" \/>\n<meta property=\"og:description\" content=\"La Petite Cabane \u00e0 Sucre offers an endless range of maple products and provides tastings at all times at its Petit-Champlain boutique in Quebec City.\" \/>\n<meta property=\"og:url\" content=\"https:\/\/www.petitecabane.com\/en\/about\/\" \/>\n<meta property=\"og:site_name\" content=\"La Petite Cabane \u00e0 Sucre de Qu\u00e9bec\" \/>\n<meta property=\"article:publisher\" content=\"https:\/\/www.facebook.com\/petitecabaneasucredeQuebec\" \/>\n<meta property=\"article:modified_time\" content=\"2025-10-28T15:14:47+00:00\" \/>\n<meta property=\"og:image\" content=\"https:\/\/petitecabane.com\/wp-content\/uploads\/2014\/05\/screenshot.png\" \/>\n<script type=\"application\/ld+json\" class=\"yoast-schema-graph\">{\"@context\":\"https:\/\/schema.org\",\"@graph\":[{\"@type\":\"WebPage\",\"@id\":\"https:\/\/www.petitecabane.com\/en\/about\/\",\"url\":\"https:\/\/www.petitecabane.com\/en\/about\/\",\"name\":\"About\",\"isPartOf\":{\"@id\":\"https:\/\/www.petitecabane.com\/en\/#website\"},\"datePublished\":\"2025-10-22T12:12:00+00:00\",\"dateModified\":\"2025-10-28T15:14:47+00:00\",\"description\":\"La Petite Cabane \u00e0 Sucre offers an endless range of maple products and provides tastings at all times at its Petit-Champlain boutique in Quebec City.\",\"breadcrumb\":{\"@id\":\"https:\/\/www.petitecabane.com\/en\/about\/#breadcrumb\"},\"inLanguage\":\"en-US\",\"potentialAction\":[{\"@type\":\"ReadAction\",\"target\":[\"https:\/\/www.petitecabane.com\/en\/about\/\"]}]},{\"@type\":\"BreadcrumbList\",\"@id\":\"https:\/\/www.petitecabane.com\/en\/about\/#breadcrumb\",\"itemListElement\":[{\"@type\":\"ListItem\",\"position\":1,\"name\":\"Home\",\"item\":\"https:\/\/www.petitecabane.com\/en\/home\/\"},{\"@type\":\"ListItem\",\"position\":2,\"name\":\"About\"}]},{\"@type\":\"WebSite\",\"@id\":\"https:\/\/www.petitecabane.com\/en\/#website\",\"url\":\"https:\/\/www.petitecabane.com\/en\/\",\"name\":\"La Petite Cabane \u00e0 Sucre de Qu\u00e9bec\",\"description\":\"Boutique sp\u00e9cialis\u00e9e de produits d\u2019\u00e9rable\",\"potentialAction\":[{\"@type\":\"SearchAction\",\"target\":{\"@type\":\"EntryPoint\",\"urlTemplate\":\"https:\/\/www.petitecabane.com\/en\/?s={search_term_string}\"},\"query-input\":{\"@type\":\"PropertyValueSpecification\",\"valueRequired\":true,\"valueName\":\"search_term_string\"}}],\"inLanguage\":\"en-US\"}]}<\/script>\n<!-- \/ Yoast SEO plugin. -->","yoast_head_json":{"title":"About","description":"La Petite Cabane \u00e0 Sucre offers an endless range of maple products and provides tastings at all times at its Petit-Champlain boutique in Quebec City.","robots":{"index":"index","follow":"follow","max-snippet":"max-snippet:-1","max-image-preview":"max-image-preview:large","max-video-preview":"max-video-preview:-1"},"canonical":"https:\/\/www.petitecabane.com\/en\/about\/","og_locale":"en_US","og_type":"article","og_title":"About","og_description":"La Petite Cabane \u00e0 Sucre offers an endless range of maple products and provides tastings at all times at its Petit-Champlain boutique in Quebec City.","og_url":"https:\/\/www.petitecabane.com\/en\/about\/","og_site_name":"La Petite Cabane \u00e0 Sucre de Qu\u00e9bec","article_publisher":"https:\/\/www.facebook.com\/petitecabaneasucredeQuebec","article_modified_time":"2025-10-28T15:14:47+00:00","og_image":[{"url":"https:\/\/petitecabane.com\/wp-content\/uploads\/2014\/05\/screenshot.png","type":"","width":"","height":""}],"schema":{"@context":"https:\/\/schema.org","@graph":[{"@type":"WebPage","@id":"https:\/\/www.petitecabane.com\/en\/about\/","url":"https:\/\/www.petitecabane.com\/en\/about\/","name":"About","isPartOf":{"@id":"https:\/\/www.petitecabane.com\/en\/#website"},"datePublished":"2025-10-22T12:12:00+00:00","dateModified":"2025-10-28T15:14:47+00:00","description":"La Petite Cabane \u00e0 Sucre offers an endless range of maple products and provides tastings at all times at its Petit-Champlain boutique in Quebec City.","breadcrumb":{"@id":"https:\/\/www.petitecabane.com\/en\/about\/#breadcrumb"},"inLanguage":"en-US","potentialAction":[{"@type":"ReadAction","target":["https:\/\/www.petitecabane.com\/en\/about\/"]}]},{"@type":"BreadcrumbList","@id":"https:\/\/www.petitecabane.com\/en\/about\/#breadcrumb","itemListElement":[{"@type":"ListItem","position":1,"name":"Home","item":"https:\/\/www.petitecabane.com\/en\/home\/"},{"@type":"ListItem","position":2,"name":"About"}]},{"@type":"WebSite","@id":"https:\/\/www.petitecabane.com\/en\/#website","url":"https:\/\/www.petitecabane.com\/en\/","name":"La Petite Cabane \u00e0 Sucre de Qu\u00e9bec","description":"Boutique sp\u00e9cialis\u00e9e de produits d\u2019\u00e9rable","potentialAction":[{"@type":"SearchAction","target":{"@type":"EntryPoint","urlTemplate":"https:\/\/www.petitecabane.com\/en\/?s={search_term_string}"},"query-input":{"@type":"PropertyValueSpecification","valueRequired":true,"valueName":"search_term_string"}}],"inLanguage":"en-US"}]}},"_links":{"self":[{"href":"https:\/\/www.petitecabane.com\/en\/wp-json\/wp\/v2\/pages\/67785","targetHints":{"allow":["GET"]}}],"collection":[{"href":"https:\/\/www.petitecabane.com\/en\/wp-json\/wp\/v2\/pages"}],"about":[{"href":"https:\/\/www.petitecabane.com\/en\/wp-json\/wp\/v2\/types\/page"}],"author":[{"embeddable":true,"href":"https:\/\/www.petitecabane.com\/en\/wp-json\/wp\/v2\/users\/1"}],"replies":[{"embeddable":true,"href":"https:\/\/www.petitecabane.com\/en\/wp-json\/wp\/v2\/comments?post=67785"}],"version-history":[{"count":12,"href":"https:\/\/www.petitecabane.com\/en\/wp-json\/wp\/v2\/pages\/67785\/revisions"}],"predecessor-version":[{"id":68235,"href":"https:\/\/www.petitecabane.com\/en\/wp-json\/wp\/v2\/pages\/67785\/revisions\/68235"}],"wp:attachment":[{"href":"https:\/\/www.petitecabane.com\/en\/wp-json\/wp\/v2\/media?parent=67785"}],"curies":[{"name":"wp","href":"https:\/\/api.w.org\/{rel}","templated":true}]}}