{"id":67788,"date":"2025-10-22T08:12:01","date_gmt":"2025-10-22T12:12:01","guid":{"rendered":"https:\/\/www.petitecabane.com\/passionate-producers\/"},"modified":"2025-10-23T10:43:56","modified_gmt":"2025-10-23T14:43:56","slug":"passionate-producers","status":"publish","type":"page","link":"https:\/\/www.petitecabane.com\/en\/passionate-producers\/","title":{"rendered":"Passionate Producers"},"content":{"rendered":"<div class=\"wpb-content-wrapper\"><p>[vc_row overlay_set=&#8221;show_overlay_color&#8221; overlay_color=&#8221;#ffffff&#8221; overlay_opacity=&#8221;70&#8243; css=&#8221;.vc_custom_1555684328459{padding-top: 5% !important;padding-right: 5% !important;padding-bottom: 5% !important;padding-left: 5% !important;background-image: url(https:\/\/petitecabane.com\/wp-content\/uploads\/2017\/10\/fond-cabane-a-sucre.jpg?id=65326) !important;background-position: center !important;background-repeat: no-repeat !important;background-size: cover !important;}&#8221;][vc_column][vc_column_text]<\/p>\n<h3 style=\"text-align: center;\"><span style=\"color: #ed3126;\">Maple is Close to our Hearts<\/span><\/h3>\n<h4 style=\"color: #ed3126; text-align: center;\"><span style=\"color: #000000;\">FOR OVER 25 YEARS!<\/span><\/h4>\n<p>[\/vc_column_text][vc_empty_space][vc_btn title=&#8221;OUR MAPLE PRODUCTS&#8221; style=&#8221;outline&#8221; shape=&#8221;square&#8221; color=&#8221;black&#8221; size=&#8221;lg&#8221; align=&#8221;center&#8221; css=&#8221;&#8221; link=&#8221;url:https%3A%2F%2Fwww.petitecabane.com%2Fen%2Fshop%2F&#8221;][\/vc_column][\/vc_row][vc_row layout=&#8221;boxed&#8221; css=&#8221;.vc_custom_1555683939464{background-position: center !important;background-repeat: no-repeat !important;background-size: cover !important;}&#8221;][vc_column css=&#8221;.vc_custom_1555683037849{padding-top: 10% !important;padding-right: 10% !important;padding-bottom: 10% !important;padding-left: 10% !important;}&#8221;][vc_column_text]<\/p>\n<h3 style=\"text-align: center;\">The Family Sugar Bush,<\/h3>\n<h4 style=\"color: #ed3126; text-align: center;\">A SUGAR BUSH WHERE TWO ERAS MEET\u2026<\/h4>\n<p style=\"text-align: center;\">After divesting a 50,000-tap sugar bush, Mario and Carole acquired a smaller sugar bush in 2018, where both techniques are implemented. We maintain the old-fashioned, family-style collection of maple water by bucket, which is harvested and boiled separately from that coming from the tubing system. Two techniques in one sugar bush, our difference.<\/p>\n<p>[\/vc_column_text][\/vc_column][\/vc_row][vc_row css=&#8221;.vc_custom_1555684480406{margin-right: 0px !important;margin-left: 0px !important;padding-bottom: 3% !important;}&#8221;][vc_column width=&#8221;1\/5&#8243; css=&#8221;.vc_custom_1555683266666{margin-right: 0px !important;margin-left: 0px !important;padding-right: 0px !important;padding-left: 0px !important;}&#8221;][\/vc_column][vc_column width=&#8221;1\/5&#8243; css=&#8221;.vc_custom_1555683277013{margin-right: 0px !important;margin-left: 0px !important;padding-right: 0px !important;padding-left: 0px !important;}&#8221;][vc_single_image image=&#8221;67791&#8243; img_size=&#8221;500&#215;500&#8243; alignment=&#8221;center&#8221; style=&#8221;vc_box_circle&#8221;][vc_column_text]<\/p>\n<p style=\"text-align: center;\">Mario Fortier<\/p>\n<p>[\/vc_column_text][\/vc_column][vc_column width=&#8221;1\/5&#8243; css=&#8221;.vc_custom_1555684571816{padding-top: 30px !important;padding-right: 2% !important;padding-left: 2% !important;}&#8221;][vc_single_image image=&#8221;67789&#8243; img_size=&#8221;200&#215;150&#8243; alignment=&#8221;center&#8221;][\/vc_column][vc_column width=&#8221;1\/5&#8243; css=&#8221;.vc_custom_1555683287640{margin-right: 0px !important;margin-left: 0px !important;padding-right: 0px !important;padding-left: 0px !important;}&#8221;][vc_single_image image=&#8221;67790&#8243; img_size=&#8221;500&#215;500&#8243; alignment=&#8221;center&#8221; style=&#8221;vc_box_circle&#8221;][vc_column_text]<\/p>\n<p style=\"text-align: center;\">Carole Fortier<\/p>\n<p>[\/vc_column_text][\/vc_column][vc_column width=&#8221;1\/5&#8243;][\/vc_column][\/vc_row]<\/p>\n<\/div>","protected":false},"excerpt":{"rendered":"<p>[vc_row overlay_set=&#8221;show_overlay_color&#8221; overlay_color=&#8221;#ffffff&#8221; overlay_opacity=&#8221;70&#8243; css=&#8221;.vc_custom_1555684328459{padding-top: 5% !important;padding-right: 5% !important;padding-bottom: 5% !important;padding-left: 5% !important;background-image: url(https:\/\/petitecabane.com\/wp-content\/uploads\/2017\/10\/fond-cabane-a-sucre.jpg?id=65326) !important;background-position: center !important;background-repeat: no-repeat !important;background-size: cover !important;}&#8221;][vc_column][vc_column_text] Maple is Close to our Hearts FOR OVER 25 YEARS! [\/vc_column_text][vc_empty_space][vc_btn title=&#8221;OUR MAPLE PRODUCTS&#8221; style=&#8221;outline&#8221; shape=&#8221;square&#8221; color=&#8221;black&#8221; size=&#8221;lg&#8221; align=&#8221;center&#8221; css=&#8221;&#8221; link=&#8221;url:https%3A%2F%2Fwww.petitecabane.com%2Fen%2Fshop%2F&#8221;][\/vc_column][\/vc_row][vc_row layout=&#8221;boxed&#8221; css=&#8221;.vc_custom_1555683939464{background-position: center !important;background-repeat: no-repeat !important;background-size: cover !important;}&#8221;][vc_column css=&#8221;.vc_custom_1555683037849{padding-top: 10% !important;padding-right: 10% !important;padding-bottom: [&hellip;]<\/p>\n","protected":false},"author":1,"featured_media":0,"parent":0,"menu_order":0,"comment_status":"closed","ping_status":"closed","template":"","meta":{"footnotes":""},"class_list":["post-67788","page","type-page","status-publish","hentry"],"yoast_head":"<!-- This site is optimized with the Yoast SEO plugin v27.2 - https:\/\/yoast.com\/product\/yoast-seo-wordpress\/ -->\n<title>Passionate Producers<\/title>\n<meta name=\"description\" content=\"Since 1996, we have been established on the oldest and most beautiful street in North America, and we are proud producers of maple syrup.\" \/>\n<meta name=\"robots\" content=\"index, follow, max-snippet:-1, max-image-preview:large, max-video-preview:-1\" \/>\n<link rel=\"canonical\" href=\"https:\/\/www.petitecabane.com\/en\/passionate-producers\/\" \/>\n<meta property=\"og:locale\" content=\"en_US\" \/>\n<meta property=\"og:type\" content=\"article\" \/>\n<meta property=\"og:title\" content=\"Passionate Producers\" \/>\n<meta property=\"og:description\" content=\"Since 1996, we have been established on the oldest and most beautiful street in North America, and we are proud producers of maple syrup.\" \/>\n<meta property=\"og:url\" content=\"https:\/\/www.petitecabane.com\/en\/passionate-producers\/\" \/>\n<meta property=\"og:site_name\" content=\"La Petite Cabane \u00e0 Sucre de Qu\u00e9bec\" \/>\n<meta property=\"article:publisher\" content=\"https:\/\/www.facebook.com\/petitecabaneasucredeQuebec\" \/>\n<meta property=\"article:modified_time\" content=\"2025-10-23T14:43:56+00:00\" \/>\n<meta property=\"og:image\" content=\"https:\/\/petitecabane.com\/wp-content\/uploads\/2014\/05\/screenshot.png\" \/>\n<script type=\"application\/ld+json\" class=\"yoast-schema-graph\">{\"@context\":\"https:\/\/schema.org\",\"@graph\":[{\"@type\":\"WebPage\",\"@id\":\"https:\/\/www.petitecabane.com\/en\/passionate-producers\/\",\"url\":\"https:\/\/www.petitecabane.com\/en\/passionate-producers\/\",\"name\":\"Passionate Producers\",\"isPartOf\":{\"@id\":\"https:\/\/www.petitecabane.com\/en\/#website\"},\"datePublished\":\"2025-10-22T12:12:01+00:00\",\"dateModified\":\"2025-10-23T14:43:56+00:00\",\"description\":\"Since 1996, we have been established on the oldest and most beautiful street in North America, and we are proud producers of maple syrup.\",\"breadcrumb\":{\"@id\":\"https:\/\/www.petitecabane.com\/en\/passionate-producers\/#breadcrumb\"},\"inLanguage\":\"en-US\",\"potentialAction\":[{\"@type\":\"ReadAction\",\"target\":[\"https:\/\/www.petitecabane.com\/en\/passionate-producers\/\"]}]},{\"@type\":\"BreadcrumbList\",\"@id\":\"https:\/\/www.petitecabane.com\/en\/passionate-producers\/#breadcrumb\",\"itemListElement\":[{\"@type\":\"ListItem\",\"position\":1,\"name\":\"Home\",\"item\":\"https:\/\/www.petitecabane.com\/en\/home\/\"},{\"@type\":\"ListItem\",\"position\":2,\"name\":\"Passionate Producers\"}]},{\"@type\":\"WebSite\",\"@id\":\"https:\/\/www.petitecabane.com\/en\/#website\",\"url\":\"https:\/\/www.petitecabane.com\/en\/\",\"name\":\"La Petite Cabane \u00e0 Sucre de Qu\u00e9bec\",\"description\":\"Boutique sp\u00e9cialis\u00e9e de produits d\u2019\u00e9rable\",\"potentialAction\":[{\"@type\":\"SearchAction\",\"target\":{\"@type\":\"EntryPoint\",\"urlTemplate\":\"https:\/\/www.petitecabane.com\/en\/?s={search_term_string}\"},\"query-input\":{\"@type\":\"PropertyValueSpecification\",\"valueRequired\":true,\"valueName\":\"search_term_string\"}}],\"inLanguage\":\"en-US\"}]}<\/script>\n<!-- \/ Yoast SEO plugin. -->","yoast_head_json":{"title":"Passionate Producers","description":"Since 1996, we have been established on the oldest and most beautiful street in North America, and we are proud producers of maple syrup.","robots":{"index":"index","follow":"follow","max-snippet":"max-snippet:-1","max-image-preview":"max-image-preview:large","max-video-preview":"max-video-preview:-1"},"canonical":"https:\/\/www.petitecabane.com\/en\/passionate-producers\/","og_locale":"en_US","og_type":"article","og_title":"Passionate Producers","og_description":"Since 1996, we have been established on the oldest and most beautiful street in North America, and we are proud producers of maple syrup.","og_url":"https:\/\/www.petitecabane.com\/en\/passionate-producers\/","og_site_name":"La Petite Cabane \u00e0 Sucre de Qu\u00e9bec","article_publisher":"https:\/\/www.facebook.com\/petitecabaneasucredeQuebec","article_modified_time":"2025-10-23T14:43:56+00:00","og_image":[{"url":"https:\/\/petitecabane.com\/wp-content\/uploads\/2014\/05\/screenshot.png","type":"","width":"","height":""}],"schema":{"@context":"https:\/\/schema.org","@graph":[{"@type":"WebPage","@id":"https:\/\/www.petitecabane.com\/en\/passionate-producers\/","url":"https:\/\/www.petitecabane.com\/en\/passionate-producers\/","name":"Passionate Producers","isPartOf":{"@id":"https:\/\/www.petitecabane.com\/en\/#website"},"datePublished":"2025-10-22T12:12:01+00:00","dateModified":"2025-10-23T14:43:56+00:00","description":"Since 1996, we have been established on the oldest and most beautiful street in North America, and we are proud producers of maple syrup.","breadcrumb":{"@id":"https:\/\/www.petitecabane.com\/en\/passionate-producers\/#breadcrumb"},"inLanguage":"en-US","potentialAction":[{"@type":"ReadAction","target":["https:\/\/www.petitecabane.com\/en\/passionate-producers\/"]}]},{"@type":"BreadcrumbList","@id":"https:\/\/www.petitecabane.com\/en\/passionate-producers\/#breadcrumb","itemListElement":[{"@type":"ListItem","position":1,"name":"Home","item":"https:\/\/www.petitecabane.com\/en\/home\/"},{"@type":"ListItem","position":2,"name":"Passionate Producers"}]},{"@type":"WebSite","@id":"https:\/\/www.petitecabane.com\/en\/#website","url":"https:\/\/www.petitecabane.com\/en\/","name":"La Petite Cabane \u00e0 Sucre de Qu\u00e9bec","description":"Boutique sp\u00e9cialis\u00e9e de produits d\u2019\u00e9rable","potentialAction":[{"@type":"SearchAction","target":{"@type":"EntryPoint","urlTemplate":"https:\/\/www.petitecabane.com\/en\/?s={search_term_string}"},"query-input":{"@type":"PropertyValueSpecification","valueRequired":true,"valueName":"search_term_string"}}],"inLanguage":"en-US"}]}},"_links":{"self":[{"href":"https:\/\/www.petitecabane.com\/en\/wp-json\/wp\/v2\/pages\/67788","targetHints":{"allow":["GET"]}}],"collection":[{"href":"https:\/\/www.petitecabane.com\/en\/wp-json\/wp\/v2\/pages"}],"about":[{"href":"https:\/\/www.petitecabane.com\/en\/wp-json\/wp\/v2\/types\/page"}],"author":[{"embeddable":true,"href":"https:\/\/www.petitecabane.com\/en\/wp-json\/wp\/v2\/users\/1"}],"replies":[{"embeddable":true,"href":"https:\/\/www.petitecabane.com\/en\/wp-json\/wp\/v2\/comments?post=67788"}],"version-history":[{"count":7,"href":"https:\/\/www.petitecabane.com\/en\/wp-json\/wp\/v2\/pages\/67788\/revisions"}],"predecessor-version":[{"id":68185,"href":"https:\/\/www.petitecabane.com\/en\/wp-json\/wp\/v2\/pages\/67788\/revisions\/68185"}],"wp:attachment":[{"href":"https:\/\/www.petitecabane.com\/en\/wp-json\/wp\/v2\/media?parent=67788"}],"curies":[{"name":"wp","href":"https:\/\/api.w.org\/{rel}","templated":true}]}}