{"id":67796,"date":"2025-10-22T08:12:01","date_gmt":"2025-10-22T12:12:01","guid":{"rendered":"https:\/\/www.petitecabane.com\/mobile-maple-taffy\/public-corporate-and-business-events\/"},"modified":"2025-10-23T11:04:46","modified_gmt":"2025-10-23T15:04:46","slug":"public-corporate-and-business-events","status":"publish","type":"page","link":"https:\/\/www.petitecabane.com\/en\/mobile-maple-taffy\/public-corporate-and-business-events\/","title":{"rendered":"Public, Corporate, and Business Events"},"content":{"rendered":"<div class=\"wpb-content-wrapper\"><p>[vc_row css=&#8221;.vc_custom_1555682885496{margin-top: 0px !important;margin-bottom: 0px !important;padding-top: 0px !important;padding-bottom: 0px !important;background-position: center !important;background-repeat: no-repeat !important;background-size: cover !important;}&#8221;][vc_column width=&#8221;1\/2&#8243; css=&#8221;.vc_custom_1555683037849{padding-top: 10% !important;padding-right: 10% !important;padding-bottom: 10% !important;padding-left: 10% !important;}&#8221;][vc_column_text]<\/p>\n<h3>Mobile Maple Taffy<\/h3>\n<h4 style=\"color: #ed3126;\">HOW ABOUT IT?<\/h4>\n<p>&nbsp;<\/p>\n<p>We set up directly on your premises to offer you our maple taffy, which has delighted our customers at <a href=\"https:\/\/www.petitecabane.com\/en\/la-petite-cabane-a-sucre\/\">our shop<\/a> for 25 years. We take care of the complete organization of the activity to simplify your task and allow you to fully enjoy it. A perfect social activity to show that you care about your employees and colleagues and to thank your team.[\/vc_column_text][vc_column_text css=&#8221;.vc_custom_1663785545125{padding-top: 15px !important;}&#8221;]We also offer our services for corporate events, such as conventions and trade shows, to impress guests and participants with an iconic sweet treat from Quebec. This activity will allow you to stand out with an original concept that everyone will enjoy. A sweet reward that brings joy and brings people together, regardless of age![\/vc_column_text][\/vc_column][vc_column parallax=&#8221;content-moving&#8221; parallax_image=&#8221;65713&#8243; width=&#8221;1\/2&#8243; css=&#8221;.vc_custom_1663786106533{margin-top: 0px !important;margin-bottom: 0px !important;padding-top: 73% !important;padding-bottom: 0px !important;background-position: center !important;background-repeat: no-repeat !important;background-size: cover !important;}&#8221;][\/vc_column][\/vc_row][vc_row css=&#8221;.vc_custom_1555683203026{margin-right: 0px !important;margin-left: 0px !important;}&#8221;][vc_column width=&#8221;1\/5&#8243; css=&#8221;.vc_custom_1555683266666{margin-right: 0px !important;margin-left: 0px !important;padding-right: 0px !important;padding-left: 0px !important;}&#8221;][vc_single_image image=&#8221;67775&#8243; img_size=&#8221;500&#215;500&#8243;][\/vc_column][vc_column width=&#8221;1\/5&#8243; css=&#8221;.vc_custom_1555683277013{margin-right: 0px !important;margin-left: 0px !important;padding-right: 0px !important;padding-left: 0px !important;}&#8221;][vc_single_image image=&#8221;67774&#8243; img_size=&#8221;500&#215;500&#8243;][\/vc_column][vc_column width=&#8221;1\/5&#8243; css=&#8221;.vc_custom_1555683282442{margin-right: 0px !important;margin-left: 0px !important;padding-right: 0px !important;padding-left: 0px !important;}&#8221;][vc_single_image image=&#8221;67797&#8243; img_size=&#8221;500&#215;500&#8243; alignment=&#8221;center&#8221;][\/vc_column][vc_column width=&#8221;1\/5&#8243; css=&#8221;.vc_custom_1555683287640{margin-right: 0px !important;margin-left: 0px !important;padding-right: 0px !important;padding-left: 0px !important;}&#8221;][vc_single_image image=&#8221;67770&#8243; img_size=&#8221;500&#215;500&#8243; alignment=&#8221;center&#8221;][\/vc_column][vc_column width=&#8221;1\/5&#8243; css=&#8221;.vc_custom_1555683294058{margin-right: 0px !important;margin-left: 0px !important;padding-right: 0px !important;padding-left: 0px !important;}&#8221;][vc_single_image image=&#8221;67813&#8243; img_size=&#8221;500&#215;500&#8243; alignment=&#8221;center&#8221;][\/vc_column][\/vc_row][vc_row layout=&#8221;boxed&#8221; el_id=&#8221;Schools&#8221;][vc_column][vc_empty_space height=&#8221;35px&#8221;][vc_column_text]<\/p>\n<h3 style=\"text-align: center;\">Do your employees work hard and deserve to be rewarded? Do you want to make a big impression and stand out at your event?<\/h3>\n<h4 style=\"text-align: center;\"><span style=\"color: #ed3126;\">We Do it for You.<\/span><\/h4>\n<p>[\/vc_column_text][vc_column_text css=&#8221;.vc_custom_1705346606020{padding-top: 15px !important;}&#8221;]<\/p>\n<p style=\"text-align: center; font-size: 16px; color: #ed3126;\">For our mobile maple taffy truck to travel for an activity,<\/p>\n<p style=\"text-align: center; font-size: 16px; color: #ed3126;\"><strong>a minimum of 250 servings is required<\/strong> for the activity to take place.<\/p>\n<p>[\/vc_column_text][vc_empty_space][vc_row_inner][vc_column_inner width=&#8221;1\/2&#8243;][vc_column_text]We set up directly on your property and provide the necessary equipment according to your requests for the activity. We will notify you in case of special needs. The mobile taffy can be done indoors if needed, provided you have a suitable space for the activity.[\/vc_column_text][\/vc_column_inner][vc_column_inner width=&#8221;1\/2&#8243;][vc_column_text]We also accommodate the activity based on the number of people present, the needs of your event, and special requests. Our team is trained to cater to large-scale events. Several interesting options are available to you so that you can create a customized activity from A to Z.[\/vc_column_text][\/vc_column_inner][\/vc_row_inner][vc_empty_space height=&#8221;35px&#8221;][\/vc_column][\/vc_row][vc_row css=&#8221;.vc_custom_1555682748241{padding-top: 5% !important;padding-bottom: 5% !important;background-color: #f2f2f2 !important;}&#8221;][vc_column][vc_single_image image=&#8221;67799&#8243; img_size=&#8221;117&#215;110&#8243; alignment=&#8221;center&#8221; css=&#8221;.vc_custom_1643818623484{padding-bottom: 15px !important;}&#8221;][vc_column_text]<\/p>\n<h3 style=\"text-align: center;\">Ideas for Services to Enhance your Activity<\/h3>\n<p style=\"text-align: center;\">We offer you the possibility to add various services and products in addition to the mobile maple taffy to create the activity you desire. We are open to all requests, do not hesitate<br \/>\nto share your ideas with us so that we can provide you with a custom quote.<\/p>\n<p>[\/vc_column_text][vc_empty_space][vc_row_inner layout=&#8221;boxed&#8221;][vc_column_inner width=&#8221;1\/3&#8243;][vc_column_text]<\/p>\n<h6>Gifts to Go<\/h6>\n<ul>\n<li>Maple syrup<\/li>\n<li>Maple Candies<\/li>\n<li>Fine Maple-Flavored Products<\/li>\n<li>Maple butter<\/li>\n<\/ul>\n<p>[\/vc_column_text][\/vc_column_inner][vc_column_inner width=&#8221;1\/3&#8243;][vc_column_text]<\/p>\n<h6>Product Tasting<\/h6>\n<ul>\n<li>Maple Syrup<\/li>\n<li>Maple Butter and Caramel<\/li>\n<li>Maple Water<\/li>\n<\/ul>\n<p>[\/vc_column_text][\/vc_column_inner][vc_column_inner width=&#8221;1\/3&#8243;][vc_column_text]<\/p>\n<h6>Product Sales<\/h6>\n<ul>\n<li>Full Range of 100% Pure Maple Products<\/li>\n<\/ul>\n<p>[\/vc_column_text][\/vc_column_inner][\/vc_row_inner][\/vc_column][\/vc_row][vc_row overlay_set=&#8221;show_overlay_color&#8221; overlay_color=&#8221;#000000&#8243; overlay_opacity=&#8221;70&#8243; css=&#8221;.vc_custom_1643396219667{padding-top: 5% !important;padding-right: 5% !important;padding-bottom: 5% !important;padding-left: 5% !important;background-image: url(https:\/\/petitecabane.com\/wp-content\/uploads\/2019\/04\/activite-tire-erable-mobile-petite-cabane-mobile.jpg?id=65445) !important;background-position: center !important;background-repeat: no-repeat !important;background-size: cover !important;}&#8221;][vc_column][vc_column_text]<\/p>\n<h3 style=\"text-align: center;\"><span style=\"color: #ed3126;\">The Taffy at your Disposal!<\/span><\/h3>\n<h4 style=\"color: #ed3126; text-align: center;\"><span style=\"color: #ffffff;\">We Offer You 100% Pure, High-Quality Maple Taffy.<\/span><\/h4>\n<p>[\/vc_column_text][vc_empty_space][vc_btn title=&#8221;REQUEST A QUOTE&#8221; style=&#8221;outline&#8221; shape=&#8221;square&#8221; color=&#8221;white&#8221; size=&#8221;lg&#8221; align=&#8221;center&#8221; css=&#8221;&#8221; link=&#8221;url:https%3A%2F%2Fwww.petitecabane.com%2Fen%2Fmobile-maple-taffy-info%2F|target:_blank&#8221;][\/vc_column][\/vc_row]<\/p>\n<\/div>","protected":false},"excerpt":{"rendered":"<p>[vc_row css=&#8221;.vc_custom_1555682885496{margin-top: 0px !important;margin-bottom: 0px !important;padding-top: 0px !important;padding-bottom: 0px !important;background-position: center !important;background-repeat: no-repeat !important;background-size: cover !important;}&#8221;][vc_column width=&#8221;1\/2&#8243; css=&#8221;.vc_custom_1555683037849{padding-top: 10% !important;padding-right: 10% !important;padding-bottom: 10% !important;padding-left: 10% !important;}&#8221;][vc_column_text] Mobile Maple Taffy HOW ABOUT IT? &nbsp; We set up directly on your premises to offer you our maple taffy, which has delighted our customers at our shop for [&hellip;]<\/p>\n","protected":false},"author":1,"featured_media":0,"parent":67742,"menu_order":0,"comment_status":"closed","ping_status":"closed","template":"","meta":{"footnotes":""},"class_list":["post-67796","page","type-page","status-publish","hentry"],"yoast_head":"<!-- This site is optimized with the Yoast SEO plugin v27.2 - https:\/\/yoast.com\/product\/yoast-seo-wordpress\/ -->\n<title>Mobile Maple Taffy | Public, Corporate, and Business Events<\/title>\n<meta name=\"description\" content=\"Treat your employees or impress the attendees of your corporate event with our mobile maple taffy services.\" \/>\n<meta name=\"robots\" content=\"index, follow, max-snippet:-1, max-image-preview:large, max-video-preview:-1\" \/>\n<link rel=\"canonical\" href=\"https:\/\/www.petitecabane.com\/en\/mobile-maple-taffy\/public-corporate-and-business-events\/\" \/>\n<meta property=\"og:locale\" content=\"en_US\" \/>\n<meta property=\"og:type\" content=\"article\" \/>\n<meta property=\"og:title\" content=\"Mobile Maple Taffy | Public, Corporate, and Business Events\" \/>\n<meta property=\"og:description\" content=\"Treat your employees or impress the attendees of your corporate event with our mobile maple taffy services.\" \/>\n<meta property=\"og:url\" content=\"https:\/\/www.petitecabane.com\/en\/mobile-maple-taffy\/public-corporate-and-business-events\/\" \/>\n<meta property=\"og:site_name\" content=\"La Petite Cabane \u00e0 Sucre de Qu\u00e9bec\" \/>\n<meta property=\"article:publisher\" content=\"https:\/\/www.facebook.com\/petitecabaneasucredeQuebec\" \/>\n<meta property=\"article:modified_time\" content=\"2025-10-23T15:04:46+00:00\" \/>\n<meta property=\"og:image\" content=\"https:\/\/petitecabane.com\/wp-content\/uploads\/2014\/05\/screenshot.png\" \/>\n<script type=\"application\/ld+json\" class=\"yoast-schema-graph\">{\"@context\":\"https:\/\/schema.org\",\"@graph\":[{\"@type\":\"WebPage\",\"@id\":\"https:\/\/www.petitecabane.com\/en\/mobile-maple-taffy\/public-corporate-and-business-events\/\",\"url\":\"https:\/\/www.petitecabane.com\/en\/mobile-maple-taffy\/public-corporate-and-business-events\/\",\"name\":\"Mobile Maple Taffy | Public, Corporate, and Business Events\",\"isPartOf\":{\"@id\":\"https:\/\/www.petitecabane.com\/en\/#website\"},\"datePublished\":\"2025-10-22T12:12:01+00:00\",\"dateModified\":\"2025-10-23T15:04:46+00:00\",\"description\":\"Treat your employees or impress the attendees of your corporate event with our mobile maple taffy services.\",\"breadcrumb\":{\"@id\":\"https:\/\/www.petitecabane.com\/en\/mobile-maple-taffy\/public-corporate-and-business-events\/#breadcrumb\"},\"inLanguage\":\"en-US\",\"potentialAction\":[{\"@type\":\"ReadAction\",\"target\":[\"https:\/\/www.petitecabane.com\/en\/mobile-maple-taffy\/public-corporate-and-business-events\/\"]}]},{\"@type\":\"BreadcrumbList\",\"@id\":\"https:\/\/www.petitecabane.com\/en\/mobile-maple-taffy\/public-corporate-and-business-events\/#breadcrumb\",\"itemListElement\":[{\"@type\":\"ListItem\",\"position\":1,\"name\":\"Home\",\"item\":\"https:\/\/www.petitecabane.com\/en\/home\/\"},{\"@type\":\"ListItem\",\"position\":2,\"name\":\"Mobile Maple Taffy\",\"item\":\"https:\/\/www.petitecabane.com\/en\/mobile-maple-taffy\/\"},{\"@type\":\"ListItem\",\"position\":3,\"name\":\"Public, Corporate, and Business Events\"}]},{\"@type\":\"WebSite\",\"@id\":\"https:\/\/www.petitecabane.com\/en\/#website\",\"url\":\"https:\/\/www.petitecabane.com\/en\/\",\"name\":\"La Petite Cabane \u00e0 Sucre de Qu\u00e9bec\",\"description\":\"Boutique sp\u00e9cialis\u00e9e de produits d\u2019\u00e9rable\",\"potentialAction\":[{\"@type\":\"SearchAction\",\"target\":{\"@type\":\"EntryPoint\",\"urlTemplate\":\"https:\/\/www.petitecabane.com\/en\/?s={search_term_string}\"},\"query-input\":{\"@type\":\"PropertyValueSpecification\",\"valueRequired\":true,\"valueName\":\"search_term_string\"}}],\"inLanguage\":\"en-US\"}]}<\/script>\n<!-- \/ Yoast SEO plugin. -->","yoast_head_json":{"title":"Mobile Maple Taffy | Public, Corporate, and Business Events","description":"Treat your employees or impress the attendees of your corporate event with our mobile maple taffy services.","robots":{"index":"index","follow":"follow","max-snippet":"max-snippet:-1","max-image-preview":"max-image-preview:large","max-video-preview":"max-video-preview:-1"},"canonical":"https:\/\/www.petitecabane.com\/en\/mobile-maple-taffy\/public-corporate-and-business-events\/","og_locale":"en_US","og_type":"article","og_title":"Mobile Maple Taffy | Public, Corporate, and Business Events","og_description":"Treat your employees or impress the attendees of your corporate event with our mobile maple taffy services.","og_url":"https:\/\/www.petitecabane.com\/en\/mobile-maple-taffy\/public-corporate-and-business-events\/","og_site_name":"La Petite Cabane \u00e0 Sucre de Qu\u00e9bec","article_publisher":"https:\/\/www.facebook.com\/petitecabaneasucredeQuebec","article_modified_time":"2025-10-23T15:04:46+00:00","og_image":[{"url":"https:\/\/petitecabane.com\/wp-content\/uploads\/2014\/05\/screenshot.png","type":"","width":"","height":""}],"schema":{"@context":"https:\/\/schema.org","@graph":[{"@type":"WebPage","@id":"https:\/\/www.petitecabane.com\/en\/mobile-maple-taffy\/public-corporate-and-business-events\/","url":"https:\/\/www.petitecabane.com\/en\/mobile-maple-taffy\/public-corporate-and-business-events\/","name":"Mobile Maple Taffy | Public, Corporate, and Business Events","isPartOf":{"@id":"https:\/\/www.petitecabane.com\/en\/#website"},"datePublished":"2025-10-22T12:12:01+00:00","dateModified":"2025-10-23T15:04:46+00:00","description":"Treat your employees or impress the attendees of your corporate event with our mobile maple taffy services.","breadcrumb":{"@id":"https:\/\/www.petitecabane.com\/en\/mobile-maple-taffy\/public-corporate-and-business-events\/#breadcrumb"},"inLanguage":"en-US","potentialAction":[{"@type":"ReadAction","target":["https:\/\/www.petitecabane.com\/en\/mobile-maple-taffy\/public-corporate-and-business-events\/"]}]},{"@type":"BreadcrumbList","@id":"https:\/\/www.petitecabane.com\/en\/mobile-maple-taffy\/public-corporate-and-business-events\/#breadcrumb","itemListElement":[{"@type":"ListItem","position":1,"name":"Home","item":"https:\/\/www.petitecabane.com\/en\/home\/"},{"@type":"ListItem","position":2,"name":"Mobile Maple Taffy","item":"https:\/\/www.petitecabane.com\/en\/mobile-maple-taffy\/"},{"@type":"ListItem","position":3,"name":"Public, Corporate, and Business Events"}]},{"@type":"WebSite","@id":"https:\/\/www.petitecabane.com\/en\/#website","url":"https:\/\/www.petitecabane.com\/en\/","name":"La Petite Cabane \u00e0 Sucre de Qu\u00e9bec","description":"Boutique sp\u00e9cialis\u00e9e de produits d\u2019\u00e9rable","potentialAction":[{"@type":"SearchAction","target":{"@type":"EntryPoint","urlTemplate":"https:\/\/www.petitecabane.com\/en\/?s={search_term_string}"},"query-input":{"@type":"PropertyValueSpecification","valueRequired":true,"valueName":"search_term_string"}}],"inLanguage":"en-US"}]}},"_links":{"self":[{"href":"https:\/\/www.petitecabane.com\/en\/wp-json\/wp\/v2\/pages\/67796","targetHints":{"allow":["GET"]}}],"collection":[{"href":"https:\/\/www.petitecabane.com\/en\/wp-json\/wp\/v2\/pages"}],"about":[{"href":"https:\/\/www.petitecabane.com\/en\/wp-json\/wp\/v2\/types\/page"}],"author":[{"embeddable":true,"href":"https:\/\/www.petitecabane.com\/en\/wp-json\/wp\/v2\/users\/1"}],"replies":[{"embeddable":true,"href":"https:\/\/www.petitecabane.com\/en\/wp-json\/wp\/v2\/comments?post=67796"}],"version-history":[{"count":4,"href":"https:\/\/www.petitecabane.com\/en\/wp-json\/wp\/v2\/pages\/67796\/revisions"}],"predecessor-version":[{"id":68196,"href":"https:\/\/www.petitecabane.com\/en\/wp-json\/wp\/v2\/pages\/67796\/revisions\/68196"}],"up":[{"embeddable":true,"href":"https:\/\/www.petitecabane.com\/en\/wp-json\/wp\/v2\/pages\/67742"}],"wp:attachment":[{"href":"https:\/\/www.petitecabane.com\/en\/wp-json\/wp\/v2\/media?parent=67796"}],"curies":[{"name":"wp","href":"https:\/\/api.w.org\/{rel}","templated":true}]}}