{"id":67829,"date":"2024-11-11T10:50:17","date_gmt":"2024-11-11T15:50:17","guid":{"rendered":"https:\/\/www.petitecabane.com\/produit\/maple-shortbread-cookies-114-g\/"},"modified":"2025-10-22T08:19:21","modified_gmt":"2025-10-22T12:19:21","slug":"maple-shortbread-cookies-114-g","status":"publish","type":"product","link":"https:\/\/www.petitecabane.com\/en\/produit\/maple-shortbread-cookies-114-g\/","title":{"rendered":"Maple Shortbread Cookies &#8211; 114 g"},"content":{"rendered":"<p>Indulge in our pure Quebec maple shortbread cookies, a true buttery delight enhanced with 100% maple syrup. Their melt-in-your-mouth texture and delicately sweet taste make them an irresistible snack at any time of day. Shaped like small maple leaves, they pair wonderfully with coffee, tea, or hot chocolate, transforming every break into a comforting moment. Available in a convenient 114 g format (2 sachets of 52 g), they are perfect to enjoy alone, share, or give as a gourmet gift.   <\/p>\n","protected":false},"excerpt":{"rendered":"<p>Convenient 114 g format (2 sachets of 52 g per box)<\/p>\n<ul>\n<li>Made with 100% pure maple syrup<\/li>\n<li>Delicious pure butter shortbread cookies shaped like maple leaves<\/li>\n<li>Perfect to enjoy alone or to share with good company<\/li>\n<\/ul>\n","protected":false},"featured_media":67543,"template":"","meta":[],"product_brand":[],"product_cat":[348],"product_tag":[],"class_list":{"0":"post-67829","1":"product","2":"type-product","3":"status-publish","4":"has-post-thumbnail","6":"product_cat-candies-and-confections","8":"first","9":"instock","10":"shipping-taxable","11":"purchasable","12":"product-type-simple"},"yoast_head":"<!-- This site is optimized with the Yoast SEO plugin v27.2 - https:\/\/yoast.com\/product\/yoast-seo-wordpress\/ -->\n<title>Maple Shortbread Cookies - 114 g - La Petite Cabane \u00e0 Sucre de Qu\u00e9bec<\/title>\n<meta name=\"robots\" content=\"index, follow, max-snippet:-1, max-image-preview:large, max-video-preview:-1\" \/>\n<link rel=\"canonical\" href=\"https:\/\/www.petitecabane.com\/en\/produit\/maple-shortbread-cookies-114-g\/\" \/>\n<meta property=\"og:locale\" content=\"en_US\" \/>\n<meta property=\"og:type\" content=\"article\" \/>\n<meta property=\"og:title\" content=\"Maple Shortbread Cookies - 114 g - La Petite Cabane \u00e0 Sucre de Qu\u00e9bec\" \/>\n<meta property=\"og:description\" content=\"Convenient 114 g format (2 sachets of 52 g per box)  Made with 100% pure maple syrup  Delicious pure butter shortbread cookies shaped like maple leaves  Perfect to enjoy alone or to share with good company\" \/>\n<meta property=\"og:url\" content=\"https:\/\/www.petitecabane.com\/en\/produit\/maple-shortbread-cookies-114-g\/\" \/>\n<meta property=\"og:site_name\" content=\"La Petite Cabane \u00e0 Sucre de Qu\u00e9bec\" \/>\n<meta property=\"article:publisher\" content=\"https:\/\/www.facebook.com\/petitecabaneasucredeQuebec\" \/>\n<meta property=\"article:modified_time\" content=\"2025-10-22T12:19:21+00:00\" \/>\n<meta property=\"og:image\" content=\"https:\/\/www.petitecabane.com\/wp-content\/uploads\/2025\/10\/petitecabane-biscuits-sables-boite-114g.jpg\" \/>\n\t<meta property=\"og:image:width\" content=\"1000\" \/>\n\t<meta property=\"og:image:height\" content=\"1000\" \/>\n\t<meta property=\"og:image:type\" content=\"image\/jpeg\" \/>\n<script type=\"application\/ld+json\" class=\"yoast-schema-graph\">{\"@context\":\"https:\/\/schema.org\",\"@graph\":[{\"@type\":\"WebPage\",\"@id\":\"https:\/\/www.petitecabane.com\/en\/produit\/maple-shortbread-cookies-114-g\/\",\"url\":\"https:\/\/www.petitecabane.com\/en\/produit\/maple-shortbread-cookies-114-g\/\",\"name\":\"Maple Shortbread Cookies - 114 g - La Petite Cabane \u00e0 Sucre de Qu\u00e9bec\",\"isPartOf\":{\"@id\":\"https:\/\/www.petitecabane.com\/en\/#website\"},\"primaryImageOfPage\":{\"@id\":\"https:\/\/www.petitecabane.com\/en\/produit\/maple-shortbread-cookies-114-g\/#primaryimage\"},\"image\":{\"@id\":\"https:\/\/www.petitecabane.com\/en\/produit\/maple-shortbread-cookies-114-g\/#primaryimage\"},\"thumbnailUrl\":\"https:\/\/www.petitecabane.com\/wp-content\/uploads\/2025\/10\/petitecabane-biscuits-sables-boite-114g.jpg\",\"datePublished\":\"2024-11-11T15:50:17+00:00\",\"dateModified\":\"2025-10-22T12:19:21+00:00\",\"breadcrumb\":{\"@id\":\"https:\/\/www.petitecabane.com\/en\/produit\/maple-shortbread-cookies-114-g\/#breadcrumb\"},\"inLanguage\":\"en-US\",\"potentialAction\":[{\"@type\":\"ReadAction\",\"target\":[\"https:\/\/www.petitecabane.com\/en\/produit\/maple-shortbread-cookies-114-g\/\"]}]},{\"@type\":\"ImageObject\",\"inLanguage\":\"en-US\",\"@id\":\"https:\/\/www.petitecabane.com\/en\/produit\/maple-shortbread-cookies-114-g\/#primaryimage\",\"url\":\"https:\/\/www.petitecabane.com\/wp-content\/uploads\/2025\/10\/petitecabane-biscuits-sables-boite-114g.jpg\",\"contentUrl\":\"https:\/\/www.petitecabane.com\/wp-content\/uploads\/2025\/10\/petitecabane-biscuits-sables-boite-114g.jpg\",\"width\":1000,\"height\":1000},{\"@type\":\"BreadcrumbList\",\"@id\":\"https:\/\/www.petitecabane.com\/en\/produit\/maple-shortbread-cookies-114-g\/#breadcrumb\",\"itemListElement\":[{\"@type\":\"ListItem\",\"position\":1,\"name\":\"Home\",\"item\":\"https:\/\/www.petitecabane.com\/en\/home\/\"},{\"@type\":\"ListItem\",\"position\":2,\"name\":\"Shop\",\"item\":\"https:\/\/www.petitecabane.com\/en\/shop\/\"},{\"@type\":\"ListItem\",\"position\":3,\"name\":\"Maple Shortbread Cookies &#8211; 114 g\"}]},{\"@type\":\"WebSite\",\"@id\":\"https:\/\/www.petitecabane.com\/en\/#website\",\"url\":\"https:\/\/www.petitecabane.com\/en\/\",\"name\":\"La Petite Cabane \u00e0 Sucre de Qu\u00e9bec\",\"description\":\"Boutique sp\u00e9cialis\u00e9e de produits d\u2019\u00e9rable\",\"potentialAction\":[{\"@type\":\"SearchAction\",\"target\":{\"@type\":\"EntryPoint\",\"urlTemplate\":\"https:\/\/www.petitecabane.com\/en\/?s={search_term_string}\"},\"query-input\":{\"@type\":\"PropertyValueSpecification\",\"valueRequired\":true,\"valueName\":\"search_term_string\"}}],\"inLanguage\":\"en-US\"}]}<\/script>\n<!-- \/ Yoast SEO plugin. -->","yoast_head_json":{"title":"Maple Shortbread Cookies - 114 g - La Petite Cabane \u00e0 Sucre de Qu\u00e9bec","robots":{"index":"index","follow":"follow","max-snippet":"max-snippet:-1","max-image-preview":"max-image-preview:large","max-video-preview":"max-video-preview:-1"},"canonical":"https:\/\/www.petitecabane.com\/en\/produit\/maple-shortbread-cookies-114-g\/","og_locale":"en_US","og_type":"article","og_title":"Maple Shortbread Cookies - 114 g - La Petite Cabane \u00e0 Sucre de Qu\u00e9bec","og_description":"Convenient 114 g format (2 sachets of 52 g per box)  Made with 100% pure maple syrup  Delicious pure butter shortbread cookies shaped like maple leaves  Perfect to enjoy alone or to share with good company","og_url":"https:\/\/www.petitecabane.com\/en\/produit\/maple-shortbread-cookies-114-g\/","og_site_name":"La Petite Cabane \u00e0 Sucre de Qu\u00e9bec","article_publisher":"https:\/\/www.facebook.com\/petitecabaneasucredeQuebec","article_modified_time":"2025-10-22T12:19:21+00:00","og_image":[{"width":1000,"height":1000,"url":"https:\/\/www.petitecabane.com\/wp-content\/uploads\/2025\/10\/petitecabane-biscuits-sables-boite-114g.jpg","type":"image\/jpeg"}],"schema":{"@context":"https:\/\/schema.org","@graph":[{"@type":"WebPage","@id":"https:\/\/www.petitecabane.com\/en\/produit\/maple-shortbread-cookies-114-g\/","url":"https:\/\/www.petitecabane.com\/en\/produit\/maple-shortbread-cookies-114-g\/","name":"Maple Shortbread Cookies - 114 g - La Petite Cabane \u00e0 Sucre de Qu\u00e9bec","isPartOf":{"@id":"https:\/\/www.petitecabane.com\/en\/#website"},"primaryImageOfPage":{"@id":"https:\/\/www.petitecabane.com\/en\/produit\/maple-shortbread-cookies-114-g\/#primaryimage"},"image":{"@id":"https:\/\/www.petitecabane.com\/en\/produit\/maple-shortbread-cookies-114-g\/#primaryimage"},"thumbnailUrl":"https:\/\/www.petitecabane.com\/wp-content\/uploads\/2025\/10\/petitecabane-biscuits-sables-boite-114g.jpg","datePublished":"2024-11-11T15:50:17+00:00","dateModified":"2025-10-22T12:19:21+00:00","breadcrumb":{"@id":"https:\/\/www.petitecabane.com\/en\/produit\/maple-shortbread-cookies-114-g\/#breadcrumb"},"inLanguage":"en-US","potentialAction":[{"@type":"ReadAction","target":["https:\/\/www.petitecabane.com\/en\/produit\/maple-shortbread-cookies-114-g\/"]}]},{"@type":"ImageObject","inLanguage":"en-US","@id":"https:\/\/www.petitecabane.com\/en\/produit\/maple-shortbread-cookies-114-g\/#primaryimage","url":"https:\/\/www.petitecabane.com\/wp-content\/uploads\/2025\/10\/petitecabane-biscuits-sables-boite-114g.jpg","contentUrl":"https:\/\/www.petitecabane.com\/wp-content\/uploads\/2025\/10\/petitecabane-biscuits-sables-boite-114g.jpg","width":1000,"height":1000},{"@type":"BreadcrumbList","@id":"https:\/\/www.petitecabane.com\/en\/produit\/maple-shortbread-cookies-114-g\/#breadcrumb","itemListElement":[{"@type":"ListItem","position":1,"name":"Home","item":"https:\/\/www.petitecabane.com\/en\/home\/"},{"@type":"ListItem","position":2,"name":"Shop","item":"https:\/\/www.petitecabane.com\/en\/shop\/"},{"@type":"ListItem","position":3,"name":"Maple Shortbread Cookies &#8211; 114 g"}]},{"@type":"WebSite","@id":"https:\/\/www.petitecabane.com\/en\/#website","url":"https:\/\/www.petitecabane.com\/en\/","name":"La Petite Cabane \u00e0 Sucre de Qu\u00e9bec","description":"Boutique sp\u00e9cialis\u00e9e de produits d\u2019\u00e9rable","potentialAction":[{"@type":"SearchAction","target":{"@type":"EntryPoint","urlTemplate":"https:\/\/www.petitecabane.com\/en\/?s={search_term_string}"},"query-input":{"@type":"PropertyValueSpecification","valueRequired":true,"valueName":"search_term_string"}}],"inLanguage":"en-US"}]}},"_links":{"self":[{"href":"https:\/\/www.petitecabane.com\/en\/wp-json\/wp\/v2\/product\/67829","targetHints":{"allow":["GET"]}}],"collection":[{"href":"https:\/\/www.petitecabane.com\/en\/wp-json\/wp\/v2\/product"}],"about":[{"href":"https:\/\/www.petitecabane.com\/en\/wp-json\/wp\/v2\/types\/product"}],"wp:featuredmedia":[{"embeddable":true,"href":"https:\/\/www.petitecabane.com\/en\/wp-json\/wp\/v2\/media\/67543"}],"wp:attachment":[{"href":"https:\/\/www.petitecabane.com\/en\/wp-json\/wp\/v2\/media?parent=67829"}],"wp:term":[{"taxonomy":"product_brand","embeddable":true,"href":"https:\/\/www.petitecabane.com\/en\/wp-json\/wp\/v2\/product_brand?post=67829"},{"taxonomy":"product_cat","embeddable":true,"href":"https:\/\/www.petitecabane.com\/en\/wp-json\/wp\/v2\/product_cat?post=67829"},{"taxonomy":"product_tag","embeddable":true,"href":"https:\/\/www.petitecabane.com\/en\/wp-json\/wp\/v2\/product_tag?post=67829"}],"curies":[{"name":"wp","href":"https:\/\/api.w.org\/{rel}","templated":true}]}}