{"id":67865,"date":"2024-11-12T11:54:03","date_gmt":"2024-11-12T16:54:03","guid":{"rendered":"https:\/\/www.petitecabane.com\/produit\/sweet-delights-gift-box\/"},"modified":"2025-10-22T08:19:55","modified_gmt":"2025-10-22T12:19:55","slug":"sweet-delights-gift-box","status":"publish","type":"product","link":"https:\/\/www.petitecabane.com\/en\/produit\/sweet-delights-gift-box\/","title":{"rendered":"&#8220;Sweet Delights&#8221; Gift Box"},"content":{"rendered":"","protected":false},"excerpt":{"rendered":"<p>This gift set contains the following products:<\/p>\n<ul>\n<li><span data-sheets-root=\"1\">Box of maple shortbread cookies<\/span><\/li>\n<li>2 maple nougats<\/li>\n<li>50 ml Maple Syrup &#8211; Maple Leaf Bottle<\/li>\n<li>Chocolate-covered cranberries<\/li>\n<li>2 maple lollipops<\/li>\n<li>25-gram Maple Sugar Jar<\/li>\n<\/ul>\n<p>The set is presented in a checkered cardboard basket and will be carefully packaged by our team!<br \/>\n<strong>*Gift basket included.<\/strong><\/p>\n","protected":false},"featured_media":67866,"template":"","meta":[],"product_brand":[],"product_cat":[348,344,351,346],"product_tag":[],"class_list":{"0":"post-67865","1":"product","2":"type-product","3":"status-publish","4":"has-post-thumbnail","6":"product_cat-candies-and-confections","7":"product_cat-gift-sets","8":"product_cat-maple-sugar-and-flakes","9":"product_cat-maple-syrup","11":"first","12":"instock","13":"taxable","14":"shipping-taxable","15":"purchasable","16":"product-type-simple"},"yoast_head":"<!-- This site is optimized with the Yoast SEO plugin v27.2 - https:\/\/yoast.com\/product\/yoast-seo-wordpress\/ -->\n<title>&quot;Sweet Delights&quot; Gift Box - La Petite Cabane \u00e0 Sucre de Qu\u00e9bec<\/title>\n<meta name=\"robots\" content=\"index, follow, max-snippet:-1, max-image-preview:large, max-video-preview:-1\" \/>\n<link rel=\"canonical\" href=\"https:\/\/www.petitecabane.com\/en\/produit\/sweet-delights-gift-box\/\" \/>\n<meta property=\"og:locale\" content=\"en_US\" \/>\n<meta property=\"og:type\" content=\"article\" \/>\n<meta property=\"og:title\" content=\"&quot;Sweet Delights&quot; Gift Box - La Petite Cabane \u00e0 Sucre de Qu\u00e9bec\" \/>\n<meta property=\"og:description\" content=\"This gift set contains the following products:  Box of maple shortbread cookies  2 maple nougats  50 ml Maple Syrup - Maple Leaf Bottle  Chocolate-covered cranberries  2 maple lollipops  25-gram Maple Sugar Jar The set is presented in a checkered cardboard basket and will be carefully packaged by our team! *Gift basket included.\" \/>\n<meta property=\"og:url\" content=\"https:\/\/www.petitecabane.com\/en\/produit\/sweet-delights-gift-box\/\" \/>\n<meta property=\"og:site_name\" content=\"La Petite Cabane \u00e0 Sucre de Qu\u00e9bec\" \/>\n<meta property=\"article:publisher\" content=\"https:\/\/www.facebook.com\/petitecabaneasucredeQuebec\" \/>\n<meta property=\"article:modified_time\" content=\"2025-10-22T12:19:55+00:00\" \/>\n<meta property=\"og:image\" content=\"https:\/\/www.petitecabane.com\/wp-content\/uploads\/2024\/11\/panier-2-web.jpg\" \/>\n\t<meta property=\"og:image:width\" content=\"1500\" \/>\n\t<meta property=\"og:image:height\" content=\"1500\" \/>\n\t<meta property=\"og:image:type\" content=\"image\/jpeg\" \/>\n<script type=\"application\/ld+json\" class=\"yoast-schema-graph\">{\"@context\":\"https:\/\/schema.org\",\"@graph\":[{\"@type\":\"WebPage\",\"@id\":\"https:\/\/www.petitecabane.com\/en\/produit\/sweet-delights-gift-box\/\",\"url\":\"https:\/\/www.petitecabane.com\/en\/produit\/sweet-delights-gift-box\/\",\"name\":\"\\\"Sweet Delights\\\" Gift Box - La Petite Cabane \u00e0 Sucre de Qu\u00e9bec\",\"isPartOf\":{\"@id\":\"https:\/\/www.petitecabane.com\/en\/#website\"},\"primaryImageOfPage\":{\"@id\":\"https:\/\/www.petitecabane.com\/en\/produit\/sweet-delights-gift-box\/#primaryimage\"},\"image\":{\"@id\":\"https:\/\/www.petitecabane.com\/en\/produit\/sweet-delights-gift-box\/#primaryimage\"},\"thumbnailUrl\":\"https:\/\/www.petitecabane.com\/wp-content\/uploads\/2024\/11\/panier-2-web.jpg\",\"datePublished\":\"2024-11-12T16:54:03+00:00\",\"dateModified\":\"2025-10-22T12:19:55+00:00\",\"breadcrumb\":{\"@id\":\"https:\/\/www.petitecabane.com\/en\/produit\/sweet-delights-gift-box\/#breadcrumb\"},\"inLanguage\":\"en-US\",\"potentialAction\":[{\"@type\":\"ReadAction\",\"target\":[\"https:\/\/www.petitecabane.com\/en\/produit\/sweet-delights-gift-box\/\"]}]},{\"@type\":\"ImageObject\",\"inLanguage\":\"en-US\",\"@id\":\"https:\/\/www.petitecabane.com\/en\/produit\/sweet-delights-gift-box\/#primaryimage\",\"url\":\"https:\/\/www.petitecabane.com\/wp-content\/uploads\/2024\/11\/panier-2-web.jpg\",\"contentUrl\":\"https:\/\/www.petitecabane.com\/wp-content\/uploads\/2024\/11\/panier-2-web.jpg\",\"width\":1500,\"height\":1500},{\"@type\":\"BreadcrumbList\",\"@id\":\"https:\/\/www.petitecabane.com\/en\/produit\/sweet-delights-gift-box\/#breadcrumb\",\"itemListElement\":[{\"@type\":\"ListItem\",\"position\":1,\"name\":\"Home\",\"item\":\"https:\/\/www.petitecabane.com\/en\/home\/\"},{\"@type\":\"ListItem\",\"position\":2,\"name\":\"Shop\",\"item\":\"https:\/\/www.petitecabane.com\/en\/shop\/\"},{\"@type\":\"ListItem\",\"position\":3,\"name\":\"&#8220;Sweet Delights&#8221; Gift Box\"}]},{\"@type\":\"WebSite\",\"@id\":\"https:\/\/www.petitecabane.com\/en\/#website\",\"url\":\"https:\/\/www.petitecabane.com\/en\/\",\"name\":\"La Petite Cabane \u00e0 Sucre de Qu\u00e9bec\",\"description\":\"Boutique sp\u00e9cialis\u00e9e de produits d\u2019\u00e9rable\",\"potentialAction\":[{\"@type\":\"SearchAction\",\"target\":{\"@type\":\"EntryPoint\",\"urlTemplate\":\"https:\/\/www.petitecabane.com\/en\/?s={search_term_string}\"},\"query-input\":{\"@type\":\"PropertyValueSpecification\",\"valueRequired\":true,\"valueName\":\"search_term_string\"}}],\"inLanguage\":\"en-US\"}]}<\/script>\n<!-- \/ Yoast SEO plugin. -->","yoast_head_json":{"title":"\"Sweet Delights\" Gift Box - La Petite Cabane \u00e0 Sucre de Qu\u00e9bec","robots":{"index":"index","follow":"follow","max-snippet":"max-snippet:-1","max-image-preview":"max-image-preview:large","max-video-preview":"max-video-preview:-1"},"canonical":"https:\/\/www.petitecabane.com\/en\/produit\/sweet-delights-gift-box\/","og_locale":"en_US","og_type":"article","og_title":"\"Sweet Delights\" Gift Box - La Petite Cabane \u00e0 Sucre de Qu\u00e9bec","og_description":"This gift set contains the following products:  Box of maple shortbread cookies  2 maple nougats  50 ml Maple Syrup - Maple Leaf Bottle  Chocolate-covered cranberries  2 maple lollipops  25-gram Maple Sugar Jar The set is presented in a checkered cardboard basket and will be carefully packaged by our team! *Gift basket included.","og_url":"https:\/\/www.petitecabane.com\/en\/produit\/sweet-delights-gift-box\/","og_site_name":"La Petite Cabane \u00e0 Sucre de Qu\u00e9bec","article_publisher":"https:\/\/www.facebook.com\/petitecabaneasucredeQuebec","article_modified_time":"2025-10-22T12:19:55+00:00","og_image":[{"width":1500,"height":1500,"url":"https:\/\/www.petitecabane.com\/wp-content\/uploads\/2024\/11\/panier-2-web.jpg","type":"image\/jpeg"}],"schema":{"@context":"https:\/\/schema.org","@graph":[{"@type":"WebPage","@id":"https:\/\/www.petitecabane.com\/en\/produit\/sweet-delights-gift-box\/","url":"https:\/\/www.petitecabane.com\/en\/produit\/sweet-delights-gift-box\/","name":"\"Sweet Delights\" Gift Box - La Petite Cabane \u00e0 Sucre de Qu\u00e9bec","isPartOf":{"@id":"https:\/\/www.petitecabane.com\/en\/#website"},"primaryImageOfPage":{"@id":"https:\/\/www.petitecabane.com\/en\/produit\/sweet-delights-gift-box\/#primaryimage"},"image":{"@id":"https:\/\/www.petitecabane.com\/en\/produit\/sweet-delights-gift-box\/#primaryimage"},"thumbnailUrl":"https:\/\/www.petitecabane.com\/wp-content\/uploads\/2024\/11\/panier-2-web.jpg","datePublished":"2024-11-12T16:54:03+00:00","dateModified":"2025-10-22T12:19:55+00:00","breadcrumb":{"@id":"https:\/\/www.petitecabane.com\/en\/produit\/sweet-delights-gift-box\/#breadcrumb"},"inLanguage":"en-US","potentialAction":[{"@type":"ReadAction","target":["https:\/\/www.petitecabane.com\/en\/produit\/sweet-delights-gift-box\/"]}]},{"@type":"ImageObject","inLanguage":"en-US","@id":"https:\/\/www.petitecabane.com\/en\/produit\/sweet-delights-gift-box\/#primaryimage","url":"https:\/\/www.petitecabane.com\/wp-content\/uploads\/2024\/11\/panier-2-web.jpg","contentUrl":"https:\/\/www.petitecabane.com\/wp-content\/uploads\/2024\/11\/panier-2-web.jpg","width":1500,"height":1500},{"@type":"BreadcrumbList","@id":"https:\/\/www.petitecabane.com\/en\/produit\/sweet-delights-gift-box\/#breadcrumb","itemListElement":[{"@type":"ListItem","position":1,"name":"Home","item":"https:\/\/www.petitecabane.com\/en\/home\/"},{"@type":"ListItem","position":2,"name":"Shop","item":"https:\/\/www.petitecabane.com\/en\/shop\/"},{"@type":"ListItem","position":3,"name":"&#8220;Sweet Delights&#8221; Gift Box"}]},{"@type":"WebSite","@id":"https:\/\/www.petitecabane.com\/en\/#website","url":"https:\/\/www.petitecabane.com\/en\/","name":"La Petite Cabane \u00e0 Sucre de Qu\u00e9bec","description":"Boutique sp\u00e9cialis\u00e9e de produits d\u2019\u00e9rable","potentialAction":[{"@type":"SearchAction","target":{"@type":"EntryPoint","urlTemplate":"https:\/\/www.petitecabane.com\/en\/?s={search_term_string}"},"query-input":{"@type":"PropertyValueSpecification","valueRequired":true,"valueName":"search_term_string"}}],"inLanguage":"en-US"}]}},"_links":{"self":[{"href":"https:\/\/www.petitecabane.com\/en\/wp-json\/wp\/v2\/product\/67865","targetHints":{"allow":["GET"]}}],"collection":[{"href":"https:\/\/www.petitecabane.com\/en\/wp-json\/wp\/v2\/product"}],"about":[{"href":"https:\/\/www.petitecabane.com\/en\/wp-json\/wp\/v2\/types\/product"}],"wp:featuredmedia":[{"embeddable":true,"href":"https:\/\/www.petitecabane.com\/en\/wp-json\/wp\/v2\/media\/67866"}],"wp:attachment":[{"href":"https:\/\/www.petitecabane.com\/en\/wp-json\/wp\/v2\/media?parent=67865"}],"wp:term":[{"taxonomy":"product_brand","embeddable":true,"href":"https:\/\/www.petitecabane.com\/en\/wp-json\/wp\/v2\/product_brand?post=67865"},{"taxonomy":"product_cat","embeddable":true,"href":"https:\/\/www.petitecabane.com\/en\/wp-json\/wp\/v2\/product_cat?post=67865"},{"taxonomy":"product_tag","embeddable":true,"href":"https:\/\/www.petitecabane.com\/en\/wp-json\/wp\/v2\/product_tag?post=67865"}],"curies":[{"name":"wp","href":"https:\/\/api.w.org\/{rel}","templated":true}]}}