{"id":67870,"date":"2024-10-26T18:16:50","date_gmt":"2024-10-26T22:16:50","guid":{"rendered":"https:\/\/www.petitecabane.com\/produit\/traditional-cream-fudge\/"},"modified":"2025-10-22T08:20:08","modified_gmt":"2025-10-22T12:20:08","slug":"traditional-cream-fudge","status":"publish","type":"product","link":"https:\/\/www.petitecabane.com\/en\/produit\/traditional-cream-fudge\/","title":{"rendered":"Traditional Cream Fudge"},"content":{"rendered":"<p>Ste-Julie Tradition Cream Fudge is a true tribute to sweet tooths and local culinary traditions. This great classic, often associated with celebrations and shared moments, stands out with its melt-in-your-mouth texture and comforting sweetness. Carefully prepared with expertise passed down through generations, it perfectly embodies the spirit of Quebecois indulgence. Its simple yet refined recipe highlights quality ingredients and brings to mind those little homemade treats enjoyed with family. More than just a confection, Ste-Julie Tradition Cream Fudge is a true culinary &#8216;designation of origin&#8217;. A true staple on Quebec tables, it captivates with its rich taste, maple aroma, and ability to awaken delicious memories with every bite.    <\/p>\n","protected":false},"excerpt":{"rendered":"<p>Ste-Julie Tradition Cream Fudge is a true tribute to sweet tooths. Rooted in Quebec&#8217;s culinary tradition, it is an irresistible treat. <\/p>\n","protected":false},"featured_media":69447,"template":"","meta":[],"product_brand":[],"product_cat":[348],"product_tag":[],"class_list":{"0":"post-67870","1":"product","2":"type-product","3":"status-publish","4":"has-post-thumbnail","6":"product_cat-candies-and-confections","8":"first","9":"instock","10":"taxable","11":"shipping-taxable","12":"purchasable","13":"product-type-simple"},"yoast_head":"<!-- This site is optimized with the Yoast SEO plugin v27.2 - https:\/\/yoast.com\/product\/yoast-seo-wordpress\/ -->\n<title>Traditional Cream Fudge - La Petite Cabane \u00e0 Sucre de Qu\u00e9bec<\/title>\n<meta name=\"robots\" content=\"index, follow, max-snippet:-1, max-image-preview:large, max-video-preview:-1\" \/>\n<link rel=\"canonical\" href=\"https:\/\/www.petitecabane.com\/en\/produit\/traditional-cream-fudge\/\" \/>\n<meta property=\"og:locale\" content=\"en_US\" \/>\n<meta property=\"og:type\" content=\"article\" \/>\n<meta property=\"og:title\" content=\"Traditional Cream Fudge - La Petite Cabane \u00e0 Sucre de Qu\u00e9bec\" \/>\n<meta property=\"og:description\" content=\"Ste-Julie Tradition Cream Fudge is a true tribute to sweet tooths. Rooted in Quebec&#039;s culinary tradition, it is an irresistible treat.\" \/>\n<meta property=\"og:url\" content=\"https:\/\/www.petitecabane.com\/en\/produit\/traditional-cream-fudge\/\" \/>\n<meta property=\"og:site_name\" content=\"La Petite Cabane \u00e0 Sucre de Qu\u00e9bec\" \/>\n<meta property=\"article:publisher\" content=\"https:\/\/www.facebook.com\/petitecabaneasucredeQuebec\" \/>\n<meta property=\"article:modified_time\" content=\"2025-10-22T12:20:08+00:00\" \/>\n<meta property=\"og:image\" content=\"https:\/\/www.petitecabane.com\/wp-content\/uploads\/2024\/10\/sucre-a-la-creme-traditionnel.png\" \/>\n\t<meta property=\"og:image:width\" content=\"349\" \/>\n\t<meta property=\"og:image:height\" content=\"388\" \/>\n\t<meta property=\"og:image:type\" content=\"image\/png\" \/>\n<script type=\"application\/ld+json\" class=\"yoast-schema-graph\">{\"@context\":\"https:\/\/schema.org\",\"@graph\":[{\"@type\":\"WebPage\",\"@id\":\"https:\/\/www.petitecabane.com\/en\/produit\/traditional-cream-fudge\/\",\"url\":\"https:\/\/www.petitecabane.com\/en\/produit\/traditional-cream-fudge\/\",\"name\":\"Traditional Cream Fudge - La Petite Cabane \u00e0 Sucre de Qu\u00e9bec\",\"isPartOf\":{\"@id\":\"https:\/\/www.petitecabane.com\/en\/#website\"},\"primaryImageOfPage\":{\"@id\":\"https:\/\/www.petitecabane.com\/en\/produit\/traditional-cream-fudge\/#primaryimage\"},\"image\":{\"@id\":\"https:\/\/www.petitecabane.com\/en\/produit\/traditional-cream-fudge\/#primaryimage\"},\"thumbnailUrl\":\"https:\/\/www.petitecabane.com\/wp-content\/uploads\/2024\/10\/IMG_3792.jpeg\",\"datePublished\":\"2024-10-26T22:16:50+00:00\",\"dateModified\":\"2025-10-22T12:20:08+00:00\",\"breadcrumb\":{\"@id\":\"https:\/\/www.petitecabane.com\/en\/produit\/traditional-cream-fudge\/#breadcrumb\"},\"inLanguage\":\"en-US\",\"potentialAction\":[{\"@type\":\"ReadAction\",\"target\":[\"https:\/\/www.petitecabane.com\/en\/produit\/traditional-cream-fudge\/\"]}]},{\"@type\":\"ImageObject\",\"inLanguage\":\"en-US\",\"@id\":\"https:\/\/www.petitecabane.com\/en\/produit\/traditional-cream-fudge\/#primaryimage\",\"url\":\"https:\/\/www.petitecabane.com\/wp-content\/uploads\/2024\/10\/IMG_3792.jpeg\",\"contentUrl\":\"https:\/\/www.petitecabane.com\/wp-content\/uploads\/2024\/10\/IMG_3792.jpeg\",\"width\":2337,\"height\":2560},{\"@type\":\"BreadcrumbList\",\"@id\":\"https:\/\/www.petitecabane.com\/en\/produit\/traditional-cream-fudge\/#breadcrumb\",\"itemListElement\":[{\"@type\":\"ListItem\",\"position\":1,\"name\":\"Home\",\"item\":\"https:\/\/www.petitecabane.com\/en\/home\/\"},{\"@type\":\"ListItem\",\"position\":2,\"name\":\"Shop\",\"item\":\"https:\/\/www.petitecabane.com\/en\/shop\/\"},{\"@type\":\"ListItem\",\"position\":3,\"name\":\"Traditional Cream Fudge\"}]},{\"@type\":\"WebSite\",\"@id\":\"https:\/\/www.petitecabane.com\/en\/#website\",\"url\":\"https:\/\/www.petitecabane.com\/en\/\",\"name\":\"La Petite Cabane \u00e0 Sucre de Qu\u00e9bec\",\"description\":\"Boutique sp\u00e9cialis\u00e9e de produits d\u2019\u00e9rable\",\"potentialAction\":[{\"@type\":\"SearchAction\",\"target\":{\"@type\":\"EntryPoint\",\"urlTemplate\":\"https:\/\/www.petitecabane.com\/en\/?s={search_term_string}\"},\"query-input\":{\"@type\":\"PropertyValueSpecification\",\"valueRequired\":true,\"valueName\":\"search_term_string\"}}],\"inLanguage\":\"en-US\"}]}<\/script>\n<!-- \/ Yoast SEO plugin. -->","yoast_head_json":{"title":"Traditional Cream Fudge - La Petite Cabane \u00e0 Sucre de Qu\u00e9bec","robots":{"index":"index","follow":"follow","max-snippet":"max-snippet:-1","max-image-preview":"max-image-preview:large","max-video-preview":"max-video-preview:-1"},"canonical":"https:\/\/www.petitecabane.com\/en\/produit\/traditional-cream-fudge\/","og_locale":"en_US","og_type":"article","og_title":"Traditional Cream Fudge - La Petite Cabane \u00e0 Sucre de Qu\u00e9bec","og_description":"Ste-Julie Tradition Cream Fudge is a true tribute to sweet tooths. Rooted in Quebec's culinary tradition, it is an irresistible treat.","og_url":"https:\/\/www.petitecabane.com\/en\/produit\/traditional-cream-fudge\/","og_site_name":"La Petite Cabane \u00e0 Sucre de Qu\u00e9bec","article_publisher":"https:\/\/www.facebook.com\/petitecabaneasucredeQuebec","article_modified_time":"2025-10-22T12:20:08+00:00","og_image":[{"width":349,"height":388,"url":"https:\/\/www.petitecabane.com\/wp-content\/uploads\/2024\/10\/sucre-a-la-creme-traditionnel.png","type":"image\/png"}],"schema":{"@context":"https:\/\/schema.org","@graph":[{"@type":"WebPage","@id":"https:\/\/www.petitecabane.com\/en\/produit\/traditional-cream-fudge\/","url":"https:\/\/www.petitecabane.com\/en\/produit\/traditional-cream-fudge\/","name":"Traditional Cream Fudge - La Petite Cabane \u00e0 Sucre de Qu\u00e9bec","isPartOf":{"@id":"https:\/\/www.petitecabane.com\/en\/#website"},"primaryImageOfPage":{"@id":"https:\/\/www.petitecabane.com\/en\/produit\/traditional-cream-fudge\/#primaryimage"},"image":{"@id":"https:\/\/www.petitecabane.com\/en\/produit\/traditional-cream-fudge\/#primaryimage"},"thumbnailUrl":"https:\/\/www.petitecabane.com\/wp-content\/uploads\/2024\/10\/IMG_3792.jpeg","datePublished":"2024-10-26T22:16:50+00:00","dateModified":"2025-10-22T12:20:08+00:00","breadcrumb":{"@id":"https:\/\/www.petitecabane.com\/en\/produit\/traditional-cream-fudge\/#breadcrumb"},"inLanguage":"en-US","potentialAction":[{"@type":"ReadAction","target":["https:\/\/www.petitecabane.com\/en\/produit\/traditional-cream-fudge\/"]}]},{"@type":"ImageObject","inLanguage":"en-US","@id":"https:\/\/www.petitecabane.com\/en\/produit\/traditional-cream-fudge\/#primaryimage","url":"https:\/\/www.petitecabane.com\/wp-content\/uploads\/2024\/10\/IMG_3792.jpeg","contentUrl":"https:\/\/www.petitecabane.com\/wp-content\/uploads\/2024\/10\/IMG_3792.jpeg","width":2337,"height":2560},{"@type":"BreadcrumbList","@id":"https:\/\/www.petitecabane.com\/en\/produit\/traditional-cream-fudge\/#breadcrumb","itemListElement":[{"@type":"ListItem","position":1,"name":"Home","item":"https:\/\/www.petitecabane.com\/en\/home\/"},{"@type":"ListItem","position":2,"name":"Shop","item":"https:\/\/www.petitecabane.com\/en\/shop\/"},{"@type":"ListItem","position":3,"name":"Traditional Cream Fudge"}]},{"@type":"WebSite","@id":"https:\/\/www.petitecabane.com\/en\/#website","url":"https:\/\/www.petitecabane.com\/en\/","name":"La Petite Cabane \u00e0 Sucre de Qu\u00e9bec","description":"Boutique sp\u00e9cialis\u00e9e de produits d\u2019\u00e9rable","potentialAction":[{"@type":"SearchAction","target":{"@type":"EntryPoint","urlTemplate":"https:\/\/www.petitecabane.com\/en\/?s={search_term_string}"},"query-input":{"@type":"PropertyValueSpecification","valueRequired":true,"valueName":"search_term_string"}}],"inLanguage":"en-US"}]}},"_links":{"self":[{"href":"https:\/\/www.petitecabane.com\/en\/wp-json\/wp\/v2\/product\/67870","targetHints":{"allow":["GET"]}}],"collection":[{"href":"https:\/\/www.petitecabane.com\/en\/wp-json\/wp\/v2\/product"}],"about":[{"href":"https:\/\/www.petitecabane.com\/en\/wp-json\/wp\/v2\/types\/product"}],"wp:featuredmedia":[{"embeddable":true,"href":"https:\/\/www.petitecabane.com\/en\/wp-json\/wp\/v2\/media\/69447"}],"wp:attachment":[{"href":"https:\/\/www.petitecabane.com\/en\/wp-json\/wp\/v2\/media?parent=67870"}],"wp:term":[{"taxonomy":"product_brand","embeddable":true,"href":"https:\/\/www.petitecabane.com\/en\/wp-json\/wp\/v2\/product_brand?post=67870"},{"taxonomy":"product_cat","embeddable":true,"href":"https:\/\/www.petitecabane.com\/en\/wp-json\/wp\/v2\/product_cat?post=67870"},{"taxonomy":"product_tag","embeddable":true,"href":"https:\/\/www.petitecabane.com\/en\/wp-json\/wp\/v2\/product_tag?post=67870"}],"curies":[{"name":"wp","href":"https:\/\/api.w.org\/{rel}","templated":true}]}}