{"id":67877,"date":"2024-11-07T21:12:08","date_gmt":"2024-11-08T02:12:08","guid":{"rendered":"https:\/\/www.petitecabane.com\/produit\/trio-maple-caramel-maple-jelly-maple-sugar\/"},"modified":"2025-10-22T08:20:23","modified_gmt":"2025-10-22T12:20:23","slug":"trio-maple-caramel-maple-jelly-maple-sugar","status":"publish","type":"product","link":"https:\/\/www.petitecabane.com\/en\/produit\/trio-maple-caramel-maple-jelly-maple-sugar\/","title":{"rendered":"Trio &#8211; Maple Caramel, Maple Jelly, Maple Sugar"},"content":{"rendered":"<p>The &#8216;Sweet Delights&#8217; discovery set contains traditional and versatile maple products for those who wish to discover the taste of maple and satisfy their sweet tooth!<\/p>\n<p>&nbsp;<\/p>\n<h3>Storage tip<br \/>\n<span style=\"color: #555555; font-family: Raleway; font-size: 13px;\">Store your trio in a cool, dry place. After opening, keep the jars refrigerated to preserve their delicious taste.<\/span><\/h3>\n","protected":false},"excerpt":{"rendered":"<p>Packaged in a beautifully decorated box, this trio of favorites contains the following products:<br \/>\n1 x dark maple caramel 40g<br \/>\n1 x maple jelly 40ml<br \/>\n1 x maple sugar 25g<\/p>\n","protected":false},"featured_media":67591,"template":"","meta":[],"product_brand":[],"product_cat":[344,345],"product_tag":[],"class_list":{"0":"post-67877","1":"product","2":"type-product","3":"status-publish","4":"has-post-thumbnail","6":"product_cat-gift-sets","7":"product_cat-maple-butter-jelly-and-caramel","9":"first","10":"instock","11":"shipping-taxable","12":"purchasable","13":"product-type-simple"},"yoast_head":"<!-- This site is optimized with the Yoast SEO plugin v27.2 - https:\/\/yoast.com\/product\/yoast-seo-wordpress\/ -->\n<title>Trio - Maple Caramel, Maple Jelly, Maple Sugar - La Petite Cabane \u00e0 Sucre de Qu\u00e9bec<\/title>\n<meta name=\"robots\" content=\"index, follow, max-snippet:-1, max-image-preview:large, max-video-preview:-1\" \/>\n<link rel=\"canonical\" href=\"https:\/\/www.petitecabane.com\/en\/produit\/trio-maple-caramel-maple-jelly-maple-sugar\/\" \/>\n<meta property=\"og:locale\" content=\"en_US\" \/>\n<meta property=\"og:type\" content=\"article\" \/>\n<meta property=\"og:title\" content=\"Trio - Maple Caramel, Maple Jelly, Maple Sugar - La Petite Cabane \u00e0 Sucre de Qu\u00e9bec\" \/>\n<meta property=\"og:description\" content=\"Packaged in a beautifully decorated box, this trio of favorites contains the following products: 1 x dark maple caramel 40g 1 x maple jelly 40ml 1 x maple sugar 25g\" \/>\n<meta property=\"og:url\" content=\"https:\/\/www.petitecabane.com\/en\/produit\/trio-maple-caramel-maple-jelly-maple-sugar\/\" \/>\n<meta property=\"og:site_name\" content=\"La Petite Cabane \u00e0 Sucre de Qu\u00e9bec\" \/>\n<meta property=\"article:publisher\" content=\"https:\/\/www.facebook.com\/petitecabaneasucredeQuebec\" \/>\n<meta property=\"article:modified_time\" content=\"2025-10-22T12:20:23+00:00\" \/>\n<meta property=\"og:image\" content=\"https:\/\/www.petitecabane.com\/wp-content\/uploads\/2025\/10\/petitecabane-bte-trio-caramel-gelee-sucre-cote-40ml.jpg\" \/>\n\t<meta property=\"og:image:width\" content=\"1000\" \/>\n\t<meta property=\"og:image:height\" content=\"1000\" \/>\n\t<meta property=\"og:image:type\" content=\"image\/jpeg\" \/>\n<script type=\"application\/ld+json\" class=\"yoast-schema-graph\">{\"@context\":\"https:\/\/schema.org\",\"@graph\":[{\"@type\":\"WebPage\",\"@id\":\"https:\/\/www.petitecabane.com\/en\/produit\/trio-maple-caramel-maple-jelly-maple-sugar\/\",\"url\":\"https:\/\/www.petitecabane.com\/en\/produit\/trio-maple-caramel-maple-jelly-maple-sugar\/\",\"name\":\"Trio - Maple Caramel, Maple Jelly, Maple Sugar - La Petite Cabane \u00e0 Sucre de Qu\u00e9bec\",\"isPartOf\":{\"@id\":\"https:\/\/www.petitecabane.com\/en\/#website\"},\"primaryImageOfPage\":{\"@id\":\"https:\/\/www.petitecabane.com\/en\/produit\/trio-maple-caramel-maple-jelly-maple-sugar\/#primaryimage\"},\"image\":{\"@id\":\"https:\/\/www.petitecabane.com\/en\/produit\/trio-maple-caramel-maple-jelly-maple-sugar\/#primaryimage\"},\"thumbnailUrl\":\"https:\/\/www.petitecabane.com\/wp-content\/uploads\/2025\/10\/petitecabane-bte-trio-caramel-gelee-sucre-cote-40ml.jpg\",\"datePublished\":\"2024-11-08T02:12:08+00:00\",\"dateModified\":\"2025-10-22T12:20:23+00:00\",\"breadcrumb\":{\"@id\":\"https:\/\/www.petitecabane.com\/en\/produit\/trio-maple-caramel-maple-jelly-maple-sugar\/#breadcrumb\"},\"inLanguage\":\"en-US\",\"potentialAction\":[{\"@type\":\"ReadAction\",\"target\":[\"https:\/\/www.petitecabane.com\/en\/produit\/trio-maple-caramel-maple-jelly-maple-sugar\/\"]}]},{\"@type\":\"ImageObject\",\"inLanguage\":\"en-US\",\"@id\":\"https:\/\/www.petitecabane.com\/en\/produit\/trio-maple-caramel-maple-jelly-maple-sugar\/#primaryimage\",\"url\":\"https:\/\/www.petitecabane.com\/wp-content\/uploads\/2025\/10\/petitecabane-bte-trio-caramel-gelee-sucre-cote-40ml.jpg\",\"contentUrl\":\"https:\/\/www.petitecabane.com\/wp-content\/uploads\/2025\/10\/petitecabane-bte-trio-caramel-gelee-sucre-cote-40ml.jpg\",\"width\":1000,\"height\":1000},{\"@type\":\"BreadcrumbList\",\"@id\":\"https:\/\/www.petitecabane.com\/en\/produit\/trio-maple-caramel-maple-jelly-maple-sugar\/#breadcrumb\",\"itemListElement\":[{\"@type\":\"ListItem\",\"position\":1,\"name\":\"Home\",\"item\":\"https:\/\/www.petitecabane.com\/en\/home\/\"},{\"@type\":\"ListItem\",\"position\":2,\"name\":\"Shop\",\"item\":\"https:\/\/www.petitecabane.com\/en\/shop\/\"},{\"@type\":\"ListItem\",\"position\":3,\"name\":\"Trio &#8211; Maple Caramel, Maple Jelly, Maple Sugar\"}]},{\"@type\":\"WebSite\",\"@id\":\"https:\/\/www.petitecabane.com\/en\/#website\",\"url\":\"https:\/\/www.petitecabane.com\/en\/\",\"name\":\"La Petite Cabane \u00e0 Sucre de Qu\u00e9bec\",\"description\":\"Boutique sp\u00e9cialis\u00e9e de produits d\u2019\u00e9rable\",\"potentialAction\":[{\"@type\":\"SearchAction\",\"target\":{\"@type\":\"EntryPoint\",\"urlTemplate\":\"https:\/\/www.petitecabane.com\/en\/?s={search_term_string}\"},\"query-input\":{\"@type\":\"PropertyValueSpecification\",\"valueRequired\":true,\"valueName\":\"search_term_string\"}}],\"inLanguage\":\"en-US\"}]}<\/script>\n<!-- \/ Yoast SEO plugin. -->","yoast_head_json":{"title":"Trio - Maple Caramel, Maple Jelly, Maple Sugar - La Petite Cabane \u00e0 Sucre de Qu\u00e9bec","robots":{"index":"index","follow":"follow","max-snippet":"max-snippet:-1","max-image-preview":"max-image-preview:large","max-video-preview":"max-video-preview:-1"},"canonical":"https:\/\/www.petitecabane.com\/en\/produit\/trio-maple-caramel-maple-jelly-maple-sugar\/","og_locale":"en_US","og_type":"article","og_title":"Trio - Maple Caramel, Maple Jelly, Maple Sugar - La Petite Cabane \u00e0 Sucre de Qu\u00e9bec","og_description":"Packaged in a beautifully decorated box, this trio of favorites contains the following products: 1 x dark maple caramel 40g 1 x maple jelly 40ml 1 x maple sugar 25g","og_url":"https:\/\/www.petitecabane.com\/en\/produit\/trio-maple-caramel-maple-jelly-maple-sugar\/","og_site_name":"La Petite Cabane \u00e0 Sucre de Qu\u00e9bec","article_publisher":"https:\/\/www.facebook.com\/petitecabaneasucredeQuebec","article_modified_time":"2025-10-22T12:20:23+00:00","og_image":[{"width":1000,"height":1000,"url":"https:\/\/www.petitecabane.com\/wp-content\/uploads\/2025\/10\/petitecabane-bte-trio-caramel-gelee-sucre-cote-40ml.jpg","type":"image\/jpeg"}],"schema":{"@context":"https:\/\/schema.org","@graph":[{"@type":"WebPage","@id":"https:\/\/www.petitecabane.com\/en\/produit\/trio-maple-caramel-maple-jelly-maple-sugar\/","url":"https:\/\/www.petitecabane.com\/en\/produit\/trio-maple-caramel-maple-jelly-maple-sugar\/","name":"Trio - Maple Caramel, Maple Jelly, Maple Sugar - La Petite Cabane \u00e0 Sucre de Qu\u00e9bec","isPartOf":{"@id":"https:\/\/www.petitecabane.com\/en\/#website"},"primaryImageOfPage":{"@id":"https:\/\/www.petitecabane.com\/en\/produit\/trio-maple-caramel-maple-jelly-maple-sugar\/#primaryimage"},"image":{"@id":"https:\/\/www.petitecabane.com\/en\/produit\/trio-maple-caramel-maple-jelly-maple-sugar\/#primaryimage"},"thumbnailUrl":"https:\/\/www.petitecabane.com\/wp-content\/uploads\/2025\/10\/petitecabane-bte-trio-caramel-gelee-sucre-cote-40ml.jpg","datePublished":"2024-11-08T02:12:08+00:00","dateModified":"2025-10-22T12:20:23+00:00","breadcrumb":{"@id":"https:\/\/www.petitecabane.com\/en\/produit\/trio-maple-caramel-maple-jelly-maple-sugar\/#breadcrumb"},"inLanguage":"en-US","potentialAction":[{"@type":"ReadAction","target":["https:\/\/www.petitecabane.com\/en\/produit\/trio-maple-caramel-maple-jelly-maple-sugar\/"]}]},{"@type":"ImageObject","inLanguage":"en-US","@id":"https:\/\/www.petitecabane.com\/en\/produit\/trio-maple-caramel-maple-jelly-maple-sugar\/#primaryimage","url":"https:\/\/www.petitecabane.com\/wp-content\/uploads\/2025\/10\/petitecabane-bte-trio-caramel-gelee-sucre-cote-40ml.jpg","contentUrl":"https:\/\/www.petitecabane.com\/wp-content\/uploads\/2025\/10\/petitecabane-bte-trio-caramel-gelee-sucre-cote-40ml.jpg","width":1000,"height":1000},{"@type":"BreadcrumbList","@id":"https:\/\/www.petitecabane.com\/en\/produit\/trio-maple-caramel-maple-jelly-maple-sugar\/#breadcrumb","itemListElement":[{"@type":"ListItem","position":1,"name":"Home","item":"https:\/\/www.petitecabane.com\/en\/home\/"},{"@type":"ListItem","position":2,"name":"Shop","item":"https:\/\/www.petitecabane.com\/en\/shop\/"},{"@type":"ListItem","position":3,"name":"Trio &#8211; Maple Caramel, Maple Jelly, Maple Sugar"}]},{"@type":"WebSite","@id":"https:\/\/www.petitecabane.com\/en\/#website","url":"https:\/\/www.petitecabane.com\/en\/","name":"La Petite Cabane \u00e0 Sucre de Qu\u00e9bec","description":"Boutique sp\u00e9cialis\u00e9e de produits d\u2019\u00e9rable","potentialAction":[{"@type":"SearchAction","target":{"@type":"EntryPoint","urlTemplate":"https:\/\/www.petitecabane.com\/en\/?s={search_term_string}"},"query-input":{"@type":"PropertyValueSpecification","valueRequired":true,"valueName":"search_term_string"}}],"inLanguage":"en-US"}]}},"_links":{"self":[{"href":"https:\/\/www.petitecabane.com\/en\/wp-json\/wp\/v2\/product\/67877","targetHints":{"allow":["GET"]}}],"collection":[{"href":"https:\/\/www.petitecabane.com\/en\/wp-json\/wp\/v2\/product"}],"about":[{"href":"https:\/\/www.petitecabane.com\/en\/wp-json\/wp\/v2\/types\/product"}],"wp:featuredmedia":[{"embeddable":true,"href":"https:\/\/www.petitecabane.com\/en\/wp-json\/wp\/v2\/media\/67591"}],"wp:attachment":[{"href":"https:\/\/www.petitecabane.com\/en\/wp-json\/wp\/v2\/media?parent=67877"}],"wp:term":[{"taxonomy":"product_brand","embeddable":true,"href":"https:\/\/www.petitecabane.com\/en\/wp-json\/wp\/v2\/product_brand?post=67877"},{"taxonomy":"product_cat","embeddable":true,"href":"https:\/\/www.petitecabane.com\/en\/wp-json\/wp\/v2\/product_cat?post=67877"},{"taxonomy":"product_tag","embeddable":true,"href":"https:\/\/www.petitecabane.com\/en\/wp-json\/wp\/v2\/product_tag?post=67877"}],"curies":[{"name":"wp","href":"https:\/\/api.w.org\/{rel}","templated":true}]}}