{"id":67898,"date":"2024-11-07T21:46:44","date_gmt":"2024-11-08T02:46:44","guid":{"rendered":"https:\/\/www.petitecabane.com\/produit\/maple-herbal-tea\/"},"modified":"2025-10-22T08:21:11","modified_gmt":"2025-10-22T12:21:11","slug":"maple-herbal-tea","status":"publish","type":"product","link":"https:\/\/www.petitecabane.com\/en\/produit\/maple-herbal-tea\/","title":{"rendered":"Maple Herbal Tea"},"content":{"rendered":"<p>Capture the flavor of maple syrup in a quality tea free from artificial flavors, colors, or preservatives. Turkey Hill&#8217;s expertise is a guarantee of quality, and this maple syrup herbal tea is no exception. Explore all aspects of this product! This maple tea should be steeped for 2 to 4 minutes for a perfect taste. Each box contains 20 tea bags, perfectly packaged to preserve freshness for a longer period.    <\/p>\n","protected":false},"excerpt":{"rendered":"<p>100% natural Maple Herbal Tea made with pure Canadian maple extract.<\/p>\n","protected":false},"featured_media":67899,"template":"","meta":[],"product_brand":[],"product_cat":[347],"product_tag":[],"class_list":{"0":"post-67898","1":"product","2":"type-product","3":"status-publish","4":"has-post-thumbnail","6":"product_cat-coffee-tea-and-herbal-tea","8":"first","9":"instock","10":"shipping-taxable","11":"purchasable","12":"product-type-simple"},"yoast_head":"<!-- This site is optimized with the Yoast SEO plugin v27.2 - https:\/\/yoast.com\/product\/yoast-seo-wordpress\/ -->\n<title>Maple Herbal Tea - La Petite Cabane \u00e0 Sucre de Qu\u00e9bec<\/title>\n<meta name=\"robots\" content=\"index, follow, max-snippet:-1, max-image-preview:large, max-video-preview:-1\" \/>\n<link rel=\"canonical\" href=\"https:\/\/www.petitecabane.com\/en\/produit\/maple-herbal-tea\/\" \/>\n<meta property=\"og:locale\" content=\"en_US\" \/>\n<meta property=\"og:type\" content=\"article\" \/>\n<meta property=\"og:title\" content=\"Maple Herbal Tea - La Petite Cabane \u00e0 Sucre de Qu\u00e9bec\" \/>\n<meta property=\"og:description\" content=\"100% natural Maple Herbal Tea made with pure Canadian maple extract.\" \/>\n<meta property=\"og:url\" content=\"https:\/\/www.petitecabane.com\/en\/produit\/maple-herbal-tea\/\" \/>\n<meta property=\"og:site_name\" content=\"La Petite Cabane \u00e0 Sucre de Qu\u00e9bec\" \/>\n<meta property=\"article:publisher\" content=\"https:\/\/www.facebook.com\/petitecabaneasucredeQuebec\" \/>\n<meta property=\"article:modified_time\" content=\"2025-10-22T12:21:11+00:00\" \/>\n<meta property=\"og:image\" content=\"https:\/\/www.petitecabane.com\/wp-content\/uploads\/2024\/11\/81nczzya3l.jpg\" \/>\n\t<meta property=\"og:image:width\" content=\"2560\" \/>\n\t<meta property=\"og:image:height\" content=\"2560\" \/>\n\t<meta property=\"og:image:type\" content=\"image\/jpeg\" \/>\n<script type=\"application\/ld+json\" class=\"yoast-schema-graph\">{\"@context\":\"https:\/\/schema.org\",\"@graph\":[{\"@type\":\"WebPage\",\"@id\":\"https:\/\/www.petitecabane.com\/en\/produit\/maple-herbal-tea\/\",\"url\":\"https:\/\/www.petitecabane.com\/en\/produit\/maple-herbal-tea\/\",\"name\":\"Maple Herbal Tea - La Petite Cabane \u00e0 Sucre de Qu\u00e9bec\",\"isPartOf\":{\"@id\":\"https:\/\/www.petitecabane.com\/en\/#website\"},\"primaryImageOfPage\":{\"@id\":\"https:\/\/www.petitecabane.com\/en\/produit\/maple-herbal-tea\/#primaryimage\"},\"image\":{\"@id\":\"https:\/\/www.petitecabane.com\/en\/produit\/maple-herbal-tea\/#primaryimage\"},\"thumbnailUrl\":\"https:\/\/www.petitecabane.com\/wp-content\/uploads\/2024\/11\/81nczzya3l.jpg\",\"datePublished\":\"2024-11-08T02:46:44+00:00\",\"dateModified\":\"2025-10-22T12:21:11+00:00\",\"breadcrumb\":{\"@id\":\"https:\/\/www.petitecabane.com\/en\/produit\/maple-herbal-tea\/#breadcrumb\"},\"inLanguage\":\"en-US\",\"potentialAction\":[{\"@type\":\"ReadAction\",\"target\":[\"https:\/\/www.petitecabane.com\/en\/produit\/maple-herbal-tea\/\"]}]},{\"@type\":\"ImageObject\",\"inLanguage\":\"en-US\",\"@id\":\"https:\/\/www.petitecabane.com\/en\/produit\/maple-herbal-tea\/#primaryimage\",\"url\":\"https:\/\/www.petitecabane.com\/wp-content\/uploads\/2024\/11\/81nczzya3l.jpg\",\"contentUrl\":\"https:\/\/www.petitecabane.com\/wp-content\/uploads\/2024\/11\/81nczzya3l.jpg\",\"width\":2560,\"height\":2560,\"caption\":\"Version 1.0.0\"},{\"@type\":\"BreadcrumbList\",\"@id\":\"https:\/\/www.petitecabane.com\/en\/produit\/maple-herbal-tea\/#breadcrumb\",\"itemListElement\":[{\"@type\":\"ListItem\",\"position\":1,\"name\":\"Home\",\"item\":\"https:\/\/www.petitecabane.com\/en\/home\/\"},{\"@type\":\"ListItem\",\"position\":2,\"name\":\"Shop\",\"item\":\"https:\/\/www.petitecabane.com\/en\/shop\/\"},{\"@type\":\"ListItem\",\"position\":3,\"name\":\"Maple Herbal Tea\"}]},{\"@type\":\"WebSite\",\"@id\":\"https:\/\/www.petitecabane.com\/en\/#website\",\"url\":\"https:\/\/www.petitecabane.com\/en\/\",\"name\":\"La Petite Cabane \u00e0 Sucre de Qu\u00e9bec\",\"description\":\"Boutique sp\u00e9cialis\u00e9e de produits d\u2019\u00e9rable\",\"potentialAction\":[{\"@type\":\"SearchAction\",\"target\":{\"@type\":\"EntryPoint\",\"urlTemplate\":\"https:\/\/www.petitecabane.com\/en\/?s={search_term_string}\"},\"query-input\":{\"@type\":\"PropertyValueSpecification\",\"valueRequired\":true,\"valueName\":\"search_term_string\"}}],\"inLanguage\":\"en-US\"}]}<\/script>\n<!-- \/ Yoast SEO plugin. -->","yoast_head_json":{"title":"Maple Herbal Tea - La Petite Cabane \u00e0 Sucre de Qu\u00e9bec","robots":{"index":"index","follow":"follow","max-snippet":"max-snippet:-1","max-image-preview":"max-image-preview:large","max-video-preview":"max-video-preview:-1"},"canonical":"https:\/\/www.petitecabane.com\/en\/produit\/maple-herbal-tea\/","og_locale":"en_US","og_type":"article","og_title":"Maple Herbal Tea - La Petite Cabane \u00e0 Sucre de Qu\u00e9bec","og_description":"100% natural Maple Herbal Tea made with pure Canadian maple extract.","og_url":"https:\/\/www.petitecabane.com\/en\/produit\/maple-herbal-tea\/","og_site_name":"La Petite Cabane \u00e0 Sucre de Qu\u00e9bec","article_publisher":"https:\/\/www.facebook.com\/petitecabaneasucredeQuebec","article_modified_time":"2025-10-22T12:21:11+00:00","og_image":[{"width":2560,"height":2560,"url":"https:\/\/www.petitecabane.com\/wp-content\/uploads\/2024\/11\/81nczzya3l.jpg","type":"image\/jpeg"}],"schema":{"@context":"https:\/\/schema.org","@graph":[{"@type":"WebPage","@id":"https:\/\/www.petitecabane.com\/en\/produit\/maple-herbal-tea\/","url":"https:\/\/www.petitecabane.com\/en\/produit\/maple-herbal-tea\/","name":"Maple Herbal Tea - La Petite Cabane \u00e0 Sucre de Qu\u00e9bec","isPartOf":{"@id":"https:\/\/www.petitecabane.com\/en\/#website"},"primaryImageOfPage":{"@id":"https:\/\/www.petitecabane.com\/en\/produit\/maple-herbal-tea\/#primaryimage"},"image":{"@id":"https:\/\/www.petitecabane.com\/en\/produit\/maple-herbal-tea\/#primaryimage"},"thumbnailUrl":"https:\/\/www.petitecabane.com\/wp-content\/uploads\/2024\/11\/81nczzya3l.jpg","datePublished":"2024-11-08T02:46:44+00:00","dateModified":"2025-10-22T12:21:11+00:00","breadcrumb":{"@id":"https:\/\/www.petitecabane.com\/en\/produit\/maple-herbal-tea\/#breadcrumb"},"inLanguage":"en-US","potentialAction":[{"@type":"ReadAction","target":["https:\/\/www.petitecabane.com\/en\/produit\/maple-herbal-tea\/"]}]},{"@type":"ImageObject","inLanguage":"en-US","@id":"https:\/\/www.petitecabane.com\/en\/produit\/maple-herbal-tea\/#primaryimage","url":"https:\/\/www.petitecabane.com\/wp-content\/uploads\/2024\/11\/81nczzya3l.jpg","contentUrl":"https:\/\/www.petitecabane.com\/wp-content\/uploads\/2024\/11\/81nczzya3l.jpg","width":2560,"height":2560,"caption":"Version 1.0.0"},{"@type":"BreadcrumbList","@id":"https:\/\/www.petitecabane.com\/en\/produit\/maple-herbal-tea\/#breadcrumb","itemListElement":[{"@type":"ListItem","position":1,"name":"Home","item":"https:\/\/www.petitecabane.com\/en\/home\/"},{"@type":"ListItem","position":2,"name":"Shop","item":"https:\/\/www.petitecabane.com\/en\/shop\/"},{"@type":"ListItem","position":3,"name":"Maple Herbal Tea"}]},{"@type":"WebSite","@id":"https:\/\/www.petitecabane.com\/en\/#website","url":"https:\/\/www.petitecabane.com\/en\/","name":"La Petite Cabane \u00e0 Sucre de Qu\u00e9bec","description":"Boutique sp\u00e9cialis\u00e9e de produits d\u2019\u00e9rable","potentialAction":[{"@type":"SearchAction","target":{"@type":"EntryPoint","urlTemplate":"https:\/\/www.petitecabane.com\/en\/?s={search_term_string}"},"query-input":{"@type":"PropertyValueSpecification","valueRequired":true,"valueName":"search_term_string"}}],"inLanguage":"en-US"}]}},"_links":{"self":[{"href":"https:\/\/www.petitecabane.com\/en\/wp-json\/wp\/v2\/product\/67898","targetHints":{"allow":["GET"]}}],"collection":[{"href":"https:\/\/www.petitecabane.com\/en\/wp-json\/wp\/v2\/product"}],"about":[{"href":"https:\/\/www.petitecabane.com\/en\/wp-json\/wp\/v2\/types\/product"}],"wp:featuredmedia":[{"embeddable":true,"href":"https:\/\/www.petitecabane.com\/en\/wp-json\/wp\/v2\/media\/67899"}],"wp:attachment":[{"href":"https:\/\/www.petitecabane.com\/en\/wp-json\/wp\/v2\/media?parent=67898"}],"wp:term":[{"taxonomy":"product_brand","embeddable":true,"href":"https:\/\/www.petitecabane.com\/en\/wp-json\/wp\/v2\/product_brand?post=67898"},{"taxonomy":"product_cat","embeddable":true,"href":"https:\/\/www.petitecabane.com\/en\/wp-json\/wp\/v2\/product_cat?post=67898"},{"taxonomy":"product_tag","embeddable":true,"href":"https:\/\/www.petitecabane.com\/en\/wp-json\/wp\/v2\/product_tag?post=67898"}],"curies":[{"name":"wp","href":"https:\/\/api.w.org\/{rel}","templated":true}]}}