{"id":67907,"date":"2025-01-09T19:37:50","date_gmt":"2025-01-10T00:37:50","guid":{"rendered":"https:\/\/www.petitecabane.com\/produit\/maple-3-maple-water-1-liter\/"},"modified":"2025-10-22T08:21:33","modified_gmt":"2025-10-22T12:21:33","slug":"maple-3-maple-water-1-liter","status":"publish","type":"product","link":"https:\/\/www.petitecabane.com\/en\/produit\/maple-3-maple-water-1-liter\/","title":{"rendered":"Maple 3 Maple Water &#8211; 1 Liter"},"content":{"rendered":"<p>Enjoy pure and refreshing water drawn directly from the heart of Canadian maple groves. Rich in 46 essential nutrients, this organic maple water is sustainably harvested every spring to preserve all its freshness and benefits. Ideal for daily hydration and supporting an active lifestyle, Maple 3 is the natural choice for an authentic and revitalizing drink.  <\/p>\n<p>The 1L format is perfect for daily hydration at home, as well as for creating delicious smoothies, refined teas, or coffees.<\/p>\n","protected":false},"excerpt":{"rendered":"<p>Organic Canadian maple water, naturally rich in 46 nutrients, sustainably harvested in spring and offered in a convenient 1 L format for healthy and refreshing hydration.<\/p>\n","protected":false},"featured_media":67908,"template":"","meta":[],"product_brand":[],"product_cat":[353],"product_tag":[],"class_list":{"0":"post-67907","1":"product","2":"type-product","3":"status-publish","4":"has-post-thumbnail","6":"product_cat-maple-water","8":"first","9":"instock","10":"shipping-taxable","11":"purchasable","12":"product-type-simple"},"yoast_head":"<!-- This site is optimized with the Yoast SEO plugin v27.2 - https:\/\/yoast.com\/product\/yoast-seo-wordpress\/ -->\n<title>Maple 3 Maple Water - 1 Liter - La Petite Cabane \u00e0 Sucre de Qu\u00e9bec<\/title>\n<meta name=\"robots\" content=\"index, follow, max-snippet:-1, max-image-preview:large, max-video-preview:-1\" \/>\n<link rel=\"canonical\" href=\"https:\/\/www.petitecabane.com\/en\/produit\/maple-3-maple-water-1-liter\/\" \/>\n<meta property=\"og:locale\" content=\"en_US\" \/>\n<meta property=\"og:type\" content=\"article\" \/>\n<meta property=\"og:title\" content=\"Maple 3 Maple Water - 1 Liter - La Petite Cabane \u00e0 Sucre de Qu\u00e9bec\" \/>\n<meta property=\"og:description\" content=\"Organic Canadian maple water, naturally rich in 46 nutrients, sustainably harvested in spring and offered in a convenient 1 L format for healthy and refreshing hydration.\" \/>\n<meta property=\"og:url\" content=\"https:\/\/www.petitecabane.com\/en\/produit\/maple-3-maple-water-1-liter\/\" \/>\n<meta property=\"og:site_name\" content=\"La Petite Cabane \u00e0 Sucre de Qu\u00e9bec\" \/>\n<meta property=\"article:publisher\" content=\"https:\/\/www.facebook.com\/petitecabaneasucredeQuebec\" \/>\n<meta property=\"article:modified_time\" content=\"2025-10-22T12:21:33+00:00\" \/>\n<meta property=\"og:image\" content=\"https:\/\/www.petitecabane.com\/wp-content\/uploads\/2025\/01\/copie-de-maple3-1l.webp\" \/>\n\t<meta property=\"og:image:width\" content=\"1080\" \/>\n\t<meta property=\"og:image:height\" content=\"1080\" \/>\n\t<meta property=\"og:image:type\" content=\"image\/webp\" \/>\n<script type=\"application\/ld+json\" class=\"yoast-schema-graph\">{\"@context\":\"https:\/\/schema.org\",\"@graph\":[{\"@type\":\"WebPage\",\"@id\":\"https:\/\/www.petitecabane.com\/en\/produit\/maple-3-maple-water-1-liter\/\",\"url\":\"https:\/\/www.petitecabane.com\/en\/produit\/maple-3-maple-water-1-liter\/\",\"name\":\"Maple 3 Maple Water - 1 Liter - La Petite Cabane \u00e0 Sucre de Qu\u00e9bec\",\"isPartOf\":{\"@id\":\"https:\/\/www.petitecabane.com\/en\/#website\"},\"primaryImageOfPage\":{\"@id\":\"https:\/\/www.petitecabane.com\/en\/produit\/maple-3-maple-water-1-liter\/#primaryimage\"},\"image\":{\"@id\":\"https:\/\/www.petitecabane.com\/en\/produit\/maple-3-maple-water-1-liter\/#primaryimage\"},\"thumbnailUrl\":\"https:\/\/www.petitecabane.com\/wp-content\/uploads\/2025\/01\/copie-de-maple3-1l.webp\",\"datePublished\":\"2025-01-10T00:37:50+00:00\",\"dateModified\":\"2025-10-22T12:21:33+00:00\",\"breadcrumb\":{\"@id\":\"https:\/\/www.petitecabane.com\/en\/produit\/maple-3-maple-water-1-liter\/#breadcrumb\"},\"inLanguage\":\"en-US\",\"potentialAction\":[{\"@type\":\"ReadAction\",\"target\":[\"https:\/\/www.petitecabane.com\/en\/produit\/maple-3-maple-water-1-liter\/\"]}]},{\"@type\":\"ImageObject\",\"inLanguage\":\"en-US\",\"@id\":\"https:\/\/www.petitecabane.com\/en\/produit\/maple-3-maple-water-1-liter\/#primaryimage\",\"url\":\"https:\/\/www.petitecabane.com\/wp-content\/uploads\/2025\/01\/copie-de-maple3-1l.webp\",\"contentUrl\":\"https:\/\/www.petitecabane.com\/wp-content\/uploads\/2025\/01\/copie-de-maple3-1l.webp\",\"width\":1080,\"height\":1080},{\"@type\":\"BreadcrumbList\",\"@id\":\"https:\/\/www.petitecabane.com\/en\/produit\/maple-3-maple-water-1-liter\/#breadcrumb\",\"itemListElement\":[{\"@type\":\"ListItem\",\"position\":1,\"name\":\"Home\",\"item\":\"https:\/\/www.petitecabane.com\/en\/home\/\"},{\"@type\":\"ListItem\",\"position\":2,\"name\":\"Shop\",\"item\":\"https:\/\/www.petitecabane.com\/en\/shop\/\"},{\"@type\":\"ListItem\",\"position\":3,\"name\":\"Maple 3 Maple Water &#8211; 1 Liter\"}]},{\"@type\":\"WebSite\",\"@id\":\"https:\/\/www.petitecabane.com\/en\/#website\",\"url\":\"https:\/\/www.petitecabane.com\/en\/\",\"name\":\"La Petite Cabane \u00e0 Sucre de Qu\u00e9bec\",\"description\":\"Boutique sp\u00e9cialis\u00e9e de produits d\u2019\u00e9rable\",\"potentialAction\":[{\"@type\":\"SearchAction\",\"target\":{\"@type\":\"EntryPoint\",\"urlTemplate\":\"https:\/\/www.petitecabane.com\/en\/?s={search_term_string}\"},\"query-input\":{\"@type\":\"PropertyValueSpecification\",\"valueRequired\":true,\"valueName\":\"search_term_string\"}}],\"inLanguage\":\"en-US\"}]}<\/script>\n<!-- \/ Yoast SEO plugin. -->","yoast_head_json":{"title":"Maple 3 Maple Water - 1 Liter - La Petite Cabane \u00e0 Sucre de Qu\u00e9bec","robots":{"index":"index","follow":"follow","max-snippet":"max-snippet:-1","max-image-preview":"max-image-preview:large","max-video-preview":"max-video-preview:-1"},"canonical":"https:\/\/www.petitecabane.com\/en\/produit\/maple-3-maple-water-1-liter\/","og_locale":"en_US","og_type":"article","og_title":"Maple 3 Maple Water - 1 Liter - La Petite Cabane \u00e0 Sucre de Qu\u00e9bec","og_description":"Organic Canadian maple water, naturally rich in 46 nutrients, sustainably harvested in spring and offered in a convenient 1 L format for healthy and refreshing hydration.","og_url":"https:\/\/www.petitecabane.com\/en\/produit\/maple-3-maple-water-1-liter\/","og_site_name":"La Petite Cabane \u00e0 Sucre de Qu\u00e9bec","article_publisher":"https:\/\/www.facebook.com\/petitecabaneasucredeQuebec","article_modified_time":"2025-10-22T12:21:33+00:00","og_image":[{"width":1080,"height":1080,"url":"https:\/\/www.petitecabane.com\/wp-content\/uploads\/2025\/01\/copie-de-maple3-1l.webp","type":"image\/webp"}],"schema":{"@context":"https:\/\/schema.org","@graph":[{"@type":"WebPage","@id":"https:\/\/www.petitecabane.com\/en\/produit\/maple-3-maple-water-1-liter\/","url":"https:\/\/www.petitecabane.com\/en\/produit\/maple-3-maple-water-1-liter\/","name":"Maple 3 Maple Water - 1 Liter - La Petite Cabane \u00e0 Sucre de Qu\u00e9bec","isPartOf":{"@id":"https:\/\/www.petitecabane.com\/en\/#website"},"primaryImageOfPage":{"@id":"https:\/\/www.petitecabane.com\/en\/produit\/maple-3-maple-water-1-liter\/#primaryimage"},"image":{"@id":"https:\/\/www.petitecabane.com\/en\/produit\/maple-3-maple-water-1-liter\/#primaryimage"},"thumbnailUrl":"https:\/\/www.petitecabane.com\/wp-content\/uploads\/2025\/01\/copie-de-maple3-1l.webp","datePublished":"2025-01-10T00:37:50+00:00","dateModified":"2025-10-22T12:21:33+00:00","breadcrumb":{"@id":"https:\/\/www.petitecabane.com\/en\/produit\/maple-3-maple-water-1-liter\/#breadcrumb"},"inLanguage":"en-US","potentialAction":[{"@type":"ReadAction","target":["https:\/\/www.petitecabane.com\/en\/produit\/maple-3-maple-water-1-liter\/"]}]},{"@type":"ImageObject","inLanguage":"en-US","@id":"https:\/\/www.petitecabane.com\/en\/produit\/maple-3-maple-water-1-liter\/#primaryimage","url":"https:\/\/www.petitecabane.com\/wp-content\/uploads\/2025\/01\/copie-de-maple3-1l.webp","contentUrl":"https:\/\/www.petitecabane.com\/wp-content\/uploads\/2025\/01\/copie-de-maple3-1l.webp","width":1080,"height":1080},{"@type":"BreadcrumbList","@id":"https:\/\/www.petitecabane.com\/en\/produit\/maple-3-maple-water-1-liter\/#breadcrumb","itemListElement":[{"@type":"ListItem","position":1,"name":"Home","item":"https:\/\/www.petitecabane.com\/en\/home\/"},{"@type":"ListItem","position":2,"name":"Shop","item":"https:\/\/www.petitecabane.com\/en\/shop\/"},{"@type":"ListItem","position":3,"name":"Maple 3 Maple Water &#8211; 1 Liter"}]},{"@type":"WebSite","@id":"https:\/\/www.petitecabane.com\/en\/#website","url":"https:\/\/www.petitecabane.com\/en\/","name":"La Petite Cabane \u00e0 Sucre de Qu\u00e9bec","description":"Boutique sp\u00e9cialis\u00e9e de produits d\u2019\u00e9rable","potentialAction":[{"@type":"SearchAction","target":{"@type":"EntryPoint","urlTemplate":"https:\/\/www.petitecabane.com\/en\/?s={search_term_string}"},"query-input":{"@type":"PropertyValueSpecification","valueRequired":true,"valueName":"search_term_string"}}],"inLanguage":"en-US"}]}},"_links":{"self":[{"href":"https:\/\/www.petitecabane.com\/en\/wp-json\/wp\/v2\/product\/67907","targetHints":{"allow":["GET"]}}],"collection":[{"href":"https:\/\/www.petitecabane.com\/en\/wp-json\/wp\/v2\/product"}],"about":[{"href":"https:\/\/www.petitecabane.com\/en\/wp-json\/wp\/v2\/types\/product"}],"wp:featuredmedia":[{"embeddable":true,"href":"https:\/\/www.petitecabane.com\/en\/wp-json\/wp\/v2\/media\/67908"}],"wp:attachment":[{"href":"https:\/\/www.petitecabane.com\/en\/wp-json\/wp\/v2\/media?parent=67907"}],"wp:term":[{"taxonomy":"product_brand","embeddable":true,"href":"https:\/\/www.petitecabane.com\/en\/wp-json\/wp\/v2\/product_brand?post=67907"},{"taxonomy":"product_cat","embeddable":true,"href":"https:\/\/www.petitecabane.com\/en\/wp-json\/wp\/v2\/product_cat?post=67907"},{"taxonomy":"product_tag","embeddable":true,"href":"https:\/\/www.petitecabane.com\/en\/wp-json\/wp\/v2\/product_tag?post=67907"}],"curies":[{"name":"wp","href":"https:\/\/api.w.org\/{rel}","templated":true}]}}