{"id":67925,"date":"2025-02-04T19:54:25","date_gmt":"2025-02-05T00:54:25","guid":{"rendered":"https:\/\/www.petitecabane.com\/produit\/maple-hard-candies\/"},"modified":"2025-10-31T12:37:20","modified_gmt":"2025-10-31T16:37:20","slug":"maple-hard-candies","status":"publish","type":"product","link":"https:\/\/www.petitecabane.com\/en\/produit\/maple-hard-candies\/","title":{"rendered":"Maple Hard Candies"},"content":{"rendered":"<h3>Maple Syrup Hard Candies<\/h3>\n<p>Taste the delicious maple candies made with 100% pure maple syrup. Natural and free of colorants or additives. <\/p>\n<p>A sweet business card reminding us of sugar shack season throughout the four seasons, these maple candies are pure delight for the palates of both young and old gourmands.<\/p>\n<p>Discover the authenticity of maple syrup candies, a true delicacy made with pure Quebec maple syrup. Each candy is an explosion of sweet and caramelized flavors, reminiscent of the richness of Canadian maple groves. Prepared from 100% natural maple syrup, these candies offer you a sweet and authentic taste, ideal for a gourmet break or for introducing your loved ones to the delights of Canadian maple syrup.  <\/p>\n<p>&nbsp;<\/p>\n<h3>Why Choose Quebec Maple Syrup Candies?<\/h3>\n<p>These maple syrup candies are handcrafted, without added artificial additives or colorants, guaranteeing you a natural and healthy product. Packaged in a bag, they are perfect for sharing with friends or family, or even as a gift. Maple syrup candies are an authentic sweet treat that evokes all the sweetness and generosity of maple.  <\/p>\n<p>&nbsp;<\/p>\n<h3>Storage Tips<br \/>\n<span style=\"color: #555555; font-family: Raleway; font-size: 13px;\">Store your maple candies in a cool, dry place, away from humidity and heat.<\/span><\/h3>\n","protected":false},"excerpt":{"rendered":"<p>Made with 100% pure natural maple syrup<\/p>\n<ul>\n<li>Handcrafted, no artificial additives or colorants<\/li>\n<li>Sweet and slightly caramelized taste, typical of dark maple syrup<\/li>\n<li>Available in packs of 10, 30, 50, or 100 units, ideal for sharing or gifting<\/li>\n<li>A perfect sweet treat for a gourmet break<\/li>\n<\/ul>\n","protected":false},"featured_media":67926,"template":"","meta":[],"product_brand":[],"product_cat":[348],"product_tag":[],"class_list":{"0":"post-67925","1":"product","2":"type-product","3":"status-publish","4":"has-post-thumbnail","6":"product_cat-candies-and-confections","8":"first","9":"instock","10":"taxable","11":"shipping-taxable","12":"purchasable","13":"product-type-variable"},"yoast_head":"<!-- This site is optimized with the Yoast SEO plugin v27.2 - https:\/\/yoast.com\/product\/yoast-seo-wordpress\/ -->\n<title>Maple Hard Candies - La Petite Cabane \u00e0 Sucre de Qu\u00e9bec<\/title>\n<meta name=\"robots\" content=\"index, follow, max-snippet:-1, max-image-preview:large, max-video-preview:-1\" \/>\n<link rel=\"canonical\" href=\"https:\/\/www.petitecabane.com\/en\/produit\/maple-hard-candies\/\" \/>\n<meta property=\"og:locale\" content=\"en_US\" \/>\n<meta property=\"og:type\" content=\"article\" \/>\n<meta property=\"og:title\" content=\"Maple Hard Candies - La Petite Cabane \u00e0 Sucre de Qu\u00e9bec\" \/>\n<meta property=\"og:description\" content=\"Made with 100% pure natural maple syrup  Handcrafted, no artificial additives or colorants  Sweet and slightly caramelized taste, typical of dark maple syrup  Available in packs of 10, 30, 50, or 100 units, ideal for sharing or gifting  A perfect sweet treat for a gourmet break\" \/>\n<meta property=\"og:url\" content=\"https:\/\/www.petitecabane.com\/en\/produit\/maple-hard-candies\/\" \/>\n<meta property=\"og:site_name\" content=\"La Petite Cabane \u00e0 Sucre de Qu\u00e9bec\" \/>\n<meta property=\"article:publisher\" content=\"https:\/\/www.facebook.com\/petitecabaneasucredeQuebec\" \/>\n<meta property=\"article:modified_time\" content=\"2025-10-31T16:37:20+00:00\" \/>\n<meta property=\"og:image\" content=\"https:\/\/www.petitecabane.com\/wp-content\/uploads\/2025\/02\/dsc02700-r-1.jpg\" \/>\n\t<meta property=\"og:image:width\" content=\"1000\" \/>\n\t<meta property=\"og:image:height\" content=\"1000\" \/>\n\t<meta property=\"og:image:type\" content=\"image\/jpeg\" \/>\n<script type=\"application\/ld+json\" class=\"yoast-schema-graph\">{\"@context\":\"https:\/\/schema.org\",\"@graph\":[{\"@type\":\"WebPage\",\"@id\":\"https:\/\/www.petitecabane.com\/en\/produit\/maple-hard-candies\/\",\"url\":\"https:\/\/www.petitecabane.com\/en\/produit\/maple-hard-candies\/\",\"name\":\"Maple Hard Candies - La Petite Cabane \u00e0 Sucre de Qu\u00e9bec\",\"isPartOf\":{\"@id\":\"https:\/\/www.petitecabane.com\/en\/#website\"},\"primaryImageOfPage\":{\"@id\":\"https:\/\/www.petitecabane.com\/en\/produit\/maple-hard-candies\/#primaryimage\"},\"image\":{\"@id\":\"https:\/\/www.petitecabane.com\/en\/produit\/maple-hard-candies\/#primaryimage\"},\"thumbnailUrl\":\"https:\/\/www.petitecabane.com\/wp-content\/uploads\/2025\/02\/dsc02700-r-1.jpg\",\"datePublished\":\"2025-02-05T00:54:25+00:00\",\"dateModified\":\"2025-10-31T16:37:20+00:00\",\"breadcrumb\":{\"@id\":\"https:\/\/www.petitecabane.com\/en\/produit\/maple-hard-candies\/#breadcrumb\"},\"inLanguage\":\"en-US\",\"potentialAction\":[{\"@type\":\"ReadAction\",\"target\":[\"https:\/\/www.petitecabane.com\/en\/produit\/maple-hard-candies\/\"]}]},{\"@type\":\"ImageObject\",\"inLanguage\":\"en-US\",\"@id\":\"https:\/\/www.petitecabane.com\/en\/produit\/maple-hard-candies\/#primaryimage\",\"url\":\"https:\/\/www.petitecabane.com\/wp-content\/uploads\/2025\/02\/dsc02700-r-1.jpg\",\"contentUrl\":\"https:\/\/www.petitecabane.com\/wp-content\/uploads\/2025\/02\/dsc02700-r-1.jpg\",\"width\":1000,\"height\":1000},{\"@type\":\"BreadcrumbList\",\"@id\":\"https:\/\/www.petitecabane.com\/en\/produit\/maple-hard-candies\/#breadcrumb\",\"itemListElement\":[{\"@type\":\"ListItem\",\"position\":1,\"name\":\"Home\",\"item\":\"https:\/\/www.petitecabane.com\/en\/home\/\"},{\"@type\":\"ListItem\",\"position\":2,\"name\":\"Shop\",\"item\":\"https:\/\/www.petitecabane.com\/en\/shop\/\"},{\"@type\":\"ListItem\",\"position\":3,\"name\":\"Maple Hard Candies\"}]},{\"@type\":\"WebSite\",\"@id\":\"https:\/\/www.petitecabane.com\/en\/#website\",\"url\":\"https:\/\/www.petitecabane.com\/en\/\",\"name\":\"La Petite Cabane \u00e0 Sucre de Qu\u00e9bec\",\"description\":\"Boutique sp\u00e9cialis\u00e9e de produits d\u2019\u00e9rable\",\"potentialAction\":[{\"@type\":\"SearchAction\",\"target\":{\"@type\":\"EntryPoint\",\"urlTemplate\":\"https:\/\/www.petitecabane.com\/en\/?s={search_term_string}\"},\"query-input\":{\"@type\":\"PropertyValueSpecification\",\"valueRequired\":true,\"valueName\":\"search_term_string\"}}],\"inLanguage\":\"en-US\"}]}<\/script>\n<!-- \/ Yoast SEO plugin. -->","yoast_head_json":{"title":"Maple Hard Candies - La Petite Cabane \u00e0 Sucre de Qu\u00e9bec","robots":{"index":"index","follow":"follow","max-snippet":"max-snippet:-1","max-image-preview":"max-image-preview:large","max-video-preview":"max-video-preview:-1"},"canonical":"https:\/\/www.petitecabane.com\/en\/produit\/maple-hard-candies\/","og_locale":"en_US","og_type":"article","og_title":"Maple Hard Candies - La Petite Cabane \u00e0 Sucre de Qu\u00e9bec","og_description":"Made with 100% pure natural maple syrup  Handcrafted, no artificial additives or colorants  Sweet and slightly caramelized taste, typical of dark maple syrup  Available in packs of 10, 30, 50, or 100 units, ideal for sharing or gifting  A perfect sweet treat for a gourmet break","og_url":"https:\/\/www.petitecabane.com\/en\/produit\/maple-hard-candies\/","og_site_name":"La Petite Cabane \u00e0 Sucre de Qu\u00e9bec","article_publisher":"https:\/\/www.facebook.com\/petitecabaneasucredeQuebec","article_modified_time":"2025-10-31T16:37:20+00:00","og_image":[{"width":1000,"height":1000,"url":"https:\/\/www.petitecabane.com\/wp-content\/uploads\/2025\/02\/dsc02700-r-1.jpg","type":"image\/jpeg"}],"schema":{"@context":"https:\/\/schema.org","@graph":[{"@type":"WebPage","@id":"https:\/\/www.petitecabane.com\/en\/produit\/maple-hard-candies\/","url":"https:\/\/www.petitecabane.com\/en\/produit\/maple-hard-candies\/","name":"Maple Hard Candies - La Petite Cabane \u00e0 Sucre de Qu\u00e9bec","isPartOf":{"@id":"https:\/\/www.petitecabane.com\/en\/#website"},"primaryImageOfPage":{"@id":"https:\/\/www.petitecabane.com\/en\/produit\/maple-hard-candies\/#primaryimage"},"image":{"@id":"https:\/\/www.petitecabane.com\/en\/produit\/maple-hard-candies\/#primaryimage"},"thumbnailUrl":"https:\/\/www.petitecabane.com\/wp-content\/uploads\/2025\/02\/dsc02700-r-1.jpg","datePublished":"2025-02-05T00:54:25+00:00","dateModified":"2025-10-31T16:37:20+00:00","breadcrumb":{"@id":"https:\/\/www.petitecabane.com\/en\/produit\/maple-hard-candies\/#breadcrumb"},"inLanguage":"en-US","potentialAction":[{"@type":"ReadAction","target":["https:\/\/www.petitecabane.com\/en\/produit\/maple-hard-candies\/"]}]},{"@type":"ImageObject","inLanguage":"en-US","@id":"https:\/\/www.petitecabane.com\/en\/produit\/maple-hard-candies\/#primaryimage","url":"https:\/\/www.petitecabane.com\/wp-content\/uploads\/2025\/02\/dsc02700-r-1.jpg","contentUrl":"https:\/\/www.petitecabane.com\/wp-content\/uploads\/2025\/02\/dsc02700-r-1.jpg","width":1000,"height":1000},{"@type":"BreadcrumbList","@id":"https:\/\/www.petitecabane.com\/en\/produit\/maple-hard-candies\/#breadcrumb","itemListElement":[{"@type":"ListItem","position":1,"name":"Home","item":"https:\/\/www.petitecabane.com\/en\/home\/"},{"@type":"ListItem","position":2,"name":"Shop","item":"https:\/\/www.petitecabane.com\/en\/shop\/"},{"@type":"ListItem","position":3,"name":"Maple Hard Candies"}]},{"@type":"WebSite","@id":"https:\/\/www.petitecabane.com\/en\/#website","url":"https:\/\/www.petitecabane.com\/en\/","name":"La Petite Cabane \u00e0 Sucre de Qu\u00e9bec","description":"Boutique sp\u00e9cialis\u00e9e de produits d\u2019\u00e9rable","potentialAction":[{"@type":"SearchAction","target":{"@type":"EntryPoint","urlTemplate":"https:\/\/www.petitecabane.com\/en\/?s={search_term_string}"},"query-input":{"@type":"PropertyValueSpecification","valueRequired":true,"valueName":"search_term_string"}}],"inLanguage":"en-US"}]}},"_links":{"self":[{"href":"https:\/\/www.petitecabane.com\/en\/wp-json\/wp\/v2\/product\/67925","targetHints":{"allow":["GET"]}}],"collection":[{"href":"https:\/\/www.petitecabane.com\/en\/wp-json\/wp\/v2\/product"}],"about":[{"href":"https:\/\/www.petitecabane.com\/en\/wp-json\/wp\/v2\/types\/product"}],"wp:featuredmedia":[{"embeddable":true,"href":"https:\/\/www.petitecabane.com\/en\/wp-json\/wp\/v2\/media\/67926"}],"wp:attachment":[{"href":"https:\/\/www.petitecabane.com\/en\/wp-json\/wp\/v2\/media?parent=67925"}],"wp:term":[{"taxonomy":"product_brand","embeddable":true,"href":"https:\/\/www.petitecabane.com\/en\/wp-json\/wp\/v2\/product_brand?post=67925"},{"taxonomy":"product_cat","embeddable":true,"href":"https:\/\/www.petitecabane.com\/en\/wp-json\/wp\/v2\/product_cat?post=67925"},{"taxonomy":"product_tag","embeddable":true,"href":"https:\/\/www.petitecabane.com\/en\/wp-json\/wp\/v2\/product_tag?post=67925"}],"curies":[{"name":"wp","href":"https:\/\/api.w.org\/{rel}","templated":true}]}}