{"id":67937,"date":"2025-01-09T19:14:30","date_gmt":"2025-01-10T00:14:30","guid":{"rendered":"https:\/\/www.petitecabane.com\/produit\/amber-maple-syrup-metal-can\/"},"modified":"2025-10-22T12:47:39","modified_gmt":"2025-10-22T16:47:39","slug":"amber-maple-syrup-metal-can","status":"publish","type":"product","link":"https:\/\/www.petitecabane.com\/en\/produit\/amber-maple-syrup-metal-can\/","title":{"rendered":"Amber Maple Syrup &#8211; Metal Can"},"content":{"rendered":"<h3>Pure Maple Syrup<\/h3>\n<p>This amber maple syrup is packaged in a metal can featuring a sugar shack. Several sizes available.<\/p>\n<p>Known for its delicious taste and antioxidant properties, maple syrup is an excellent alternative to white sugar. Use it in all your recipes, savory or sweet: cakes, pancakes, waffles, ice cream sundaes, dressings, marinades\u2026 the only limit is your imagination! Premium quality, 100% pure maple syrup.<\/p>\n<p>&nbsp;<\/p>\n<p>Rich in taste and nutrients, this syrup is traditionally made. It is valued for its many benefits essential for well-being.<\/p>\n<h3><\/h3>\n<h3>Usage Tips<\/h3>\n<p>Note that this syrup can also replace table sugar or honey. It pairs perfectly with your vinaigrettes and marinades, adding that much-loved caramelized and glazed touch. For better preservation, keep it sealed in a cool, dry place, or refrigerate after opening.<\/p>\n","protected":false},"excerpt":{"rendered":"<p>&#8211; Pure amber maple syrup in a metal can, an authentic and practical format.<\/p>\n<p>&#8211; Available in 100 ml, 250 ml, 500 ml, and 1 liter to satisfy all your gourmet cravings.<\/p>\n<p>&#8211; Rich and full-bodied flavor, ideal for pancakes, desserts, and marinades.<\/p>\n<p>&#8211; Optimal preservation thanks to the airtight metal can.<\/p>\n<p>&#8211; 100% natural product.<\/p>\n","protected":false},"featured_media":67619,"template":"","meta":[],"product_brand":[],"product_cat":[346],"product_tag":[],"class_list":{"0":"post-67937","1":"product","2":"type-product","3":"status-publish","4":"has-post-thumbnail","6":"product_cat-maple-syrup","8":"first","9":"instock","10":"shipping-taxable","11":"purchasable","12":"product-type-variable","13":"has-default-attributes"},"yoast_head":"<!-- This site is optimized with the Yoast SEO plugin v27.2 - https:\/\/yoast.com\/product\/yoast-seo-wordpress\/ -->\n<title>Amber Maple Syrup - Metal Can - La Petite Cabane \u00e0 Sucre de Qu\u00e9bec<\/title>\n<meta name=\"robots\" content=\"index, follow, max-snippet:-1, max-image-preview:large, max-video-preview:-1\" \/>\n<link rel=\"canonical\" href=\"https:\/\/www.petitecabane.com\/en\/produit\/amber-maple-syrup-metal-can\/\" \/>\n<meta property=\"og:locale\" content=\"en_US\" \/>\n<meta property=\"og:type\" content=\"article\" \/>\n<meta property=\"og:title\" content=\"Amber Maple Syrup - Metal Can - La Petite Cabane \u00e0 Sucre de Qu\u00e9bec\" \/>\n<meta property=\"og:description\" content=\"- Pure amber maple syrup in a metal can, an authentic and practical format.  - Available in 100 ml, 250 ml, 500 ml, and 1 liter to satisfy all your gourmet cravings.  - Rich and full-bodied flavor, ideal for pancakes, desserts, and marinades.  - Optimal preservation thanks to the airtight metal can.  - 100% natural product.\" \/>\n<meta property=\"og:url\" content=\"https:\/\/www.petitecabane.com\/en\/produit\/amber-maple-syrup-metal-can\/\" \/>\n<meta property=\"og:site_name\" content=\"La Petite Cabane \u00e0 Sucre de Qu\u00e9bec\" \/>\n<meta property=\"article:publisher\" content=\"https:\/\/www.facebook.com\/petitecabaneasucredeQuebec\" \/>\n<meta property=\"article:modified_time\" content=\"2025-10-22T16:47:39+00:00\" \/>\n<meta property=\"og:image\" content=\"https:\/\/www.petitecabane.com\/wp-content\/uploads\/2025\/10\/petitecabane-sirop-bidon-metal-famille.jpg\" \/>\n\t<meta property=\"og:image:width\" content=\"1000\" \/>\n\t<meta property=\"og:image:height\" content=\"1000\" \/>\n\t<meta property=\"og:image:type\" content=\"image\/jpeg\" \/>\n<script type=\"application\/ld+json\" class=\"yoast-schema-graph\">{\"@context\":\"https:\/\/schema.org\",\"@graph\":[{\"@type\":\"WebPage\",\"@id\":\"https:\/\/www.petitecabane.com\/en\/produit\/amber-maple-syrup-metal-can\/\",\"url\":\"https:\/\/www.petitecabane.com\/en\/produit\/amber-maple-syrup-metal-can\/\",\"name\":\"Amber Maple Syrup - Metal Can - La Petite Cabane \u00e0 Sucre de Qu\u00e9bec\",\"isPartOf\":{\"@id\":\"https:\/\/www.petitecabane.com\/en\/#website\"},\"primaryImageOfPage\":{\"@id\":\"https:\/\/www.petitecabane.com\/en\/produit\/amber-maple-syrup-metal-can\/#primaryimage\"},\"image\":{\"@id\":\"https:\/\/www.petitecabane.com\/en\/produit\/amber-maple-syrup-metal-can\/#primaryimage\"},\"thumbnailUrl\":\"https:\/\/www.petitecabane.com\/wp-content\/uploads\/2025\/10\/petitecabane-sirop-bidon-metal-famille.jpg\",\"datePublished\":\"2025-01-10T00:14:30+00:00\",\"dateModified\":\"2025-10-22T16:47:39+00:00\",\"breadcrumb\":{\"@id\":\"https:\/\/www.petitecabane.com\/en\/produit\/amber-maple-syrup-metal-can\/#breadcrumb\"},\"inLanguage\":\"en-US\",\"potentialAction\":[{\"@type\":\"ReadAction\",\"target\":[\"https:\/\/www.petitecabane.com\/en\/produit\/amber-maple-syrup-metal-can\/\"]}]},{\"@type\":\"ImageObject\",\"inLanguage\":\"en-US\",\"@id\":\"https:\/\/www.petitecabane.com\/en\/produit\/amber-maple-syrup-metal-can\/#primaryimage\",\"url\":\"https:\/\/www.petitecabane.com\/wp-content\/uploads\/2025\/10\/petitecabane-sirop-bidon-metal-famille.jpg\",\"contentUrl\":\"https:\/\/www.petitecabane.com\/wp-content\/uploads\/2025\/10\/petitecabane-sirop-bidon-metal-famille.jpg\",\"width\":1000,\"height\":1000},{\"@type\":\"BreadcrumbList\",\"@id\":\"https:\/\/www.petitecabane.com\/en\/produit\/amber-maple-syrup-metal-can\/#breadcrumb\",\"itemListElement\":[{\"@type\":\"ListItem\",\"position\":1,\"name\":\"Home\",\"item\":\"https:\/\/www.petitecabane.com\/en\/home\/\"},{\"@type\":\"ListItem\",\"position\":2,\"name\":\"Shop\",\"item\":\"https:\/\/www.petitecabane.com\/en\/shop\/\"},{\"@type\":\"ListItem\",\"position\":3,\"name\":\"Amber Maple Syrup &#8211; Metal Can\"}]},{\"@type\":\"WebSite\",\"@id\":\"https:\/\/www.petitecabane.com\/en\/#website\",\"url\":\"https:\/\/www.petitecabane.com\/en\/\",\"name\":\"La Petite Cabane \u00e0 Sucre de Qu\u00e9bec\",\"description\":\"Boutique sp\u00e9cialis\u00e9e de produits d\u2019\u00e9rable\",\"potentialAction\":[{\"@type\":\"SearchAction\",\"target\":{\"@type\":\"EntryPoint\",\"urlTemplate\":\"https:\/\/www.petitecabane.com\/en\/?s={search_term_string}\"},\"query-input\":{\"@type\":\"PropertyValueSpecification\",\"valueRequired\":true,\"valueName\":\"search_term_string\"}}],\"inLanguage\":\"en-US\"}]}<\/script>\n<!-- \/ Yoast SEO plugin. -->","yoast_head_json":{"title":"Amber Maple Syrup - Metal Can - La Petite Cabane \u00e0 Sucre de Qu\u00e9bec","robots":{"index":"index","follow":"follow","max-snippet":"max-snippet:-1","max-image-preview":"max-image-preview:large","max-video-preview":"max-video-preview:-1"},"canonical":"https:\/\/www.petitecabane.com\/en\/produit\/amber-maple-syrup-metal-can\/","og_locale":"en_US","og_type":"article","og_title":"Amber Maple Syrup - Metal Can - La Petite Cabane \u00e0 Sucre de Qu\u00e9bec","og_description":"- Pure amber maple syrup in a metal can, an authentic and practical format.  - Available in 100 ml, 250 ml, 500 ml, and 1 liter to satisfy all your gourmet cravings.  - Rich and full-bodied flavor, ideal for pancakes, desserts, and marinades.  - Optimal preservation thanks to the airtight metal can.  - 100% natural product.","og_url":"https:\/\/www.petitecabane.com\/en\/produit\/amber-maple-syrup-metal-can\/","og_site_name":"La Petite Cabane \u00e0 Sucre de Qu\u00e9bec","article_publisher":"https:\/\/www.facebook.com\/petitecabaneasucredeQuebec","article_modified_time":"2025-10-22T16:47:39+00:00","og_image":[{"width":1000,"height":1000,"url":"https:\/\/www.petitecabane.com\/wp-content\/uploads\/2025\/10\/petitecabane-sirop-bidon-metal-famille.jpg","type":"image\/jpeg"}],"schema":{"@context":"https:\/\/schema.org","@graph":[{"@type":"WebPage","@id":"https:\/\/www.petitecabane.com\/en\/produit\/amber-maple-syrup-metal-can\/","url":"https:\/\/www.petitecabane.com\/en\/produit\/amber-maple-syrup-metal-can\/","name":"Amber Maple Syrup - Metal Can - La Petite Cabane \u00e0 Sucre de Qu\u00e9bec","isPartOf":{"@id":"https:\/\/www.petitecabane.com\/en\/#website"},"primaryImageOfPage":{"@id":"https:\/\/www.petitecabane.com\/en\/produit\/amber-maple-syrup-metal-can\/#primaryimage"},"image":{"@id":"https:\/\/www.petitecabane.com\/en\/produit\/amber-maple-syrup-metal-can\/#primaryimage"},"thumbnailUrl":"https:\/\/www.petitecabane.com\/wp-content\/uploads\/2025\/10\/petitecabane-sirop-bidon-metal-famille.jpg","datePublished":"2025-01-10T00:14:30+00:00","dateModified":"2025-10-22T16:47:39+00:00","breadcrumb":{"@id":"https:\/\/www.petitecabane.com\/en\/produit\/amber-maple-syrup-metal-can\/#breadcrumb"},"inLanguage":"en-US","potentialAction":[{"@type":"ReadAction","target":["https:\/\/www.petitecabane.com\/en\/produit\/amber-maple-syrup-metal-can\/"]}]},{"@type":"ImageObject","inLanguage":"en-US","@id":"https:\/\/www.petitecabane.com\/en\/produit\/amber-maple-syrup-metal-can\/#primaryimage","url":"https:\/\/www.petitecabane.com\/wp-content\/uploads\/2025\/10\/petitecabane-sirop-bidon-metal-famille.jpg","contentUrl":"https:\/\/www.petitecabane.com\/wp-content\/uploads\/2025\/10\/petitecabane-sirop-bidon-metal-famille.jpg","width":1000,"height":1000},{"@type":"BreadcrumbList","@id":"https:\/\/www.petitecabane.com\/en\/produit\/amber-maple-syrup-metal-can\/#breadcrumb","itemListElement":[{"@type":"ListItem","position":1,"name":"Home","item":"https:\/\/www.petitecabane.com\/en\/home\/"},{"@type":"ListItem","position":2,"name":"Shop","item":"https:\/\/www.petitecabane.com\/en\/shop\/"},{"@type":"ListItem","position":3,"name":"Amber Maple Syrup &#8211; Metal Can"}]},{"@type":"WebSite","@id":"https:\/\/www.petitecabane.com\/en\/#website","url":"https:\/\/www.petitecabane.com\/en\/","name":"La Petite Cabane \u00e0 Sucre de Qu\u00e9bec","description":"Boutique sp\u00e9cialis\u00e9e de produits d\u2019\u00e9rable","potentialAction":[{"@type":"SearchAction","target":{"@type":"EntryPoint","urlTemplate":"https:\/\/www.petitecabane.com\/en\/?s={search_term_string}"},"query-input":{"@type":"PropertyValueSpecification","valueRequired":true,"valueName":"search_term_string"}}],"inLanguage":"en-US"}]}},"_links":{"self":[{"href":"https:\/\/www.petitecabane.com\/en\/wp-json\/wp\/v2\/product\/67937","targetHints":{"allow":["GET"]}}],"collection":[{"href":"https:\/\/www.petitecabane.com\/en\/wp-json\/wp\/v2\/product"}],"about":[{"href":"https:\/\/www.petitecabane.com\/en\/wp-json\/wp\/v2\/types\/product"}],"wp:featuredmedia":[{"embeddable":true,"href":"https:\/\/www.petitecabane.com\/en\/wp-json\/wp\/v2\/media\/67619"}],"wp:attachment":[{"href":"https:\/\/www.petitecabane.com\/en\/wp-json\/wp\/v2\/media?parent=67937"}],"wp:term":[{"taxonomy":"product_brand","embeddable":true,"href":"https:\/\/www.petitecabane.com\/en\/wp-json\/wp\/v2\/product_brand?post=67937"},{"taxonomy":"product_cat","embeddable":true,"href":"https:\/\/www.petitecabane.com\/en\/wp-json\/wp\/v2\/product_cat?post=67937"},{"taxonomy":"product_tag","embeddable":true,"href":"https:\/\/www.petitecabane.com\/en\/wp-json\/wp\/v2\/product_tag?post=67937"}],"curies":[{"name":"wp","href":"https:\/\/api.w.org\/{rel}","templated":true}]}}