{"id":67973,"date":"2024-11-12T13:44:07","date_gmt":"2024-11-12T18:44:07","guid":{"rendered":"https:\/\/www.petitecabane.com\/produit\/gift-box-the-perfect-gift\/"},"modified":"2025-10-22T08:26:40","modified_gmt":"2025-10-22T12:26:40","slug":"gift-box-the-perfect-gift","status":"publish","type":"product","link":"https:\/\/www.petitecabane.com\/en\/produit\/gift-box-the-perfect-gift\/","title":{"rendered":"Gift Box &#8220;the Perfect Gift&#8221;"},"content":{"rendered":"","protected":false},"excerpt":{"rendered":"<p>This gift set contains the following products:<\/p>\n<ul>\n<li><span data-sheets-root=\"1\">3 individual maple cookies<\/span><\/li>\n<li>Bag of maple candies \u2013 10 units<\/li>\n<li>Maple Butter \u2013 150 grams<\/li>\n<li>Maple Caramel &#8211; 125 milliliters<\/li>\n<li>Maple Syrup Jug 250 milliliters<\/li>\n<li>Maple candle<\/li>\n<li>Chocolate-covered cranberries &#8211; 325 grams<\/li>\n<li>Maple Black Tea \u2013 pack of 12 tea bags<\/li>\n<li>Box of Maple Cream Fudge<\/li>\n<\/ul>\n<p>This set comes in a stylish reusable metal box featuring our company&#8217;s branding and will be carefully packaged by our team!<br \/>\n<strong>*Gift box included.<\/strong><\/p>\n","protected":false},"featured_media":67974,"template":"","meta":[],"product_brand":[],"product_cat":[348,347,344,345,346],"product_tag":[],"class_list":{"0":"post-67973","1":"product","2":"type-product","3":"status-publish","4":"has-post-thumbnail","6":"product_cat-candies-and-confections","7":"product_cat-coffee-tea-and-herbal-tea","8":"product_cat-gift-sets","9":"product_cat-maple-butter-jelly-and-caramel","10":"product_cat-maple-syrup","12":"first","13":"instock","14":"taxable","15":"shipping-taxable","16":"purchasable","17":"product-type-simple"},"yoast_head":"<!-- This site is optimized with the Yoast SEO plugin v27.2 - https:\/\/yoast.com\/product\/yoast-seo-wordpress\/ -->\n<title>Gift Box &quot;the Perfect Gift&quot; - La Petite Cabane \u00e0 Sucre de Qu\u00e9bec<\/title>\n<meta name=\"robots\" content=\"index, follow, max-snippet:-1, max-image-preview:large, max-video-preview:-1\" \/>\n<link rel=\"canonical\" href=\"https:\/\/www.petitecabane.com\/en\/produit\/gift-box-the-perfect-gift\/\" \/>\n<meta property=\"og:locale\" content=\"en_US\" \/>\n<meta property=\"og:type\" content=\"article\" \/>\n<meta property=\"og:title\" content=\"Gift Box &quot;the Perfect Gift&quot; - La Petite Cabane \u00e0 Sucre de Qu\u00e9bec\" \/>\n<meta property=\"og:description\" content=\"This gift set contains the following products:  3 individual maple cookies  Bag of maple candies \u2013 10 units  Maple Butter \u2013 150 grams  Maple Caramel - 125 milliliters  Maple Syrup Jug 250 milliliters  Maple candle  Chocolate-covered cranberries - 325 grams  Maple Black Tea \u2013 pack of 12 tea bags  Box of Maple Cream Fudge This set comes in a stylish reusable metal box featuring our company&#039;s branding and will be carefully packaged by our team! *Gift box included.\" \/>\n<meta property=\"og:url\" content=\"https:\/\/www.petitecabane.com\/en\/produit\/gift-box-the-perfect-gift\/\" \/>\n<meta property=\"og:site_name\" content=\"La Petite Cabane \u00e0 Sucre de Qu\u00e9bec\" \/>\n<meta property=\"article:publisher\" content=\"https:\/\/www.facebook.com\/petitecabaneasucredeQuebec\" \/>\n<meta property=\"article:modified_time\" content=\"2025-10-22T12:26:40+00:00\" \/>\n<meta property=\"og:image\" content=\"https:\/\/www.petitecabane.com\/wp-content\/uploads\/2024\/11\/panier-6-web.jpg\" \/>\n\t<meta property=\"og:image:width\" content=\"1000\" \/>\n\t<meta property=\"og:image:height\" content=\"1000\" \/>\n\t<meta property=\"og:image:type\" content=\"image\/jpeg\" \/>\n<script type=\"application\/ld+json\" class=\"yoast-schema-graph\">{\"@context\":\"https:\/\/schema.org\",\"@graph\":[{\"@type\":\"WebPage\",\"@id\":\"https:\/\/www.petitecabane.com\/en\/produit\/gift-box-the-perfect-gift\/\",\"url\":\"https:\/\/www.petitecabane.com\/en\/produit\/gift-box-the-perfect-gift\/\",\"name\":\"Gift Box \\\"the Perfect Gift\\\" - La Petite Cabane \u00e0 Sucre de Qu\u00e9bec\",\"isPartOf\":{\"@id\":\"https:\/\/www.petitecabane.com\/en\/#website\"},\"primaryImageOfPage\":{\"@id\":\"https:\/\/www.petitecabane.com\/en\/produit\/gift-box-the-perfect-gift\/#primaryimage\"},\"image\":{\"@id\":\"https:\/\/www.petitecabane.com\/en\/produit\/gift-box-the-perfect-gift\/#primaryimage\"},\"thumbnailUrl\":\"https:\/\/www.petitecabane.com\/wp-content\/uploads\/2024\/11\/panier-6-web.jpg\",\"datePublished\":\"2024-11-12T18:44:07+00:00\",\"dateModified\":\"2025-10-22T12:26:40+00:00\",\"breadcrumb\":{\"@id\":\"https:\/\/www.petitecabane.com\/en\/produit\/gift-box-the-perfect-gift\/#breadcrumb\"},\"inLanguage\":\"en-US\",\"potentialAction\":[{\"@type\":\"ReadAction\",\"target\":[\"https:\/\/www.petitecabane.com\/en\/produit\/gift-box-the-perfect-gift\/\"]}]},{\"@type\":\"ImageObject\",\"inLanguage\":\"en-US\",\"@id\":\"https:\/\/www.petitecabane.com\/en\/produit\/gift-box-the-perfect-gift\/#primaryimage\",\"url\":\"https:\/\/www.petitecabane.com\/wp-content\/uploads\/2024\/11\/panier-6-web.jpg\",\"contentUrl\":\"https:\/\/www.petitecabane.com\/wp-content\/uploads\/2024\/11\/panier-6-web.jpg\",\"width\":1000,\"height\":1000},{\"@type\":\"BreadcrumbList\",\"@id\":\"https:\/\/www.petitecabane.com\/en\/produit\/gift-box-the-perfect-gift\/#breadcrumb\",\"itemListElement\":[{\"@type\":\"ListItem\",\"position\":1,\"name\":\"Home\",\"item\":\"https:\/\/www.petitecabane.com\/en\/home\/\"},{\"@type\":\"ListItem\",\"position\":2,\"name\":\"Shop\",\"item\":\"https:\/\/www.petitecabane.com\/en\/shop\/\"},{\"@type\":\"ListItem\",\"position\":3,\"name\":\"Gift Box &#8220;the Perfect Gift&#8221;\"}]},{\"@type\":\"WebSite\",\"@id\":\"https:\/\/www.petitecabane.com\/en\/#website\",\"url\":\"https:\/\/www.petitecabane.com\/en\/\",\"name\":\"La Petite Cabane \u00e0 Sucre de Qu\u00e9bec\",\"description\":\"Boutique sp\u00e9cialis\u00e9e de produits d\u2019\u00e9rable\",\"potentialAction\":[{\"@type\":\"SearchAction\",\"target\":{\"@type\":\"EntryPoint\",\"urlTemplate\":\"https:\/\/www.petitecabane.com\/en\/?s={search_term_string}\"},\"query-input\":{\"@type\":\"PropertyValueSpecification\",\"valueRequired\":true,\"valueName\":\"search_term_string\"}}],\"inLanguage\":\"en-US\"}]}<\/script>\n<!-- \/ Yoast SEO plugin. -->","yoast_head_json":{"title":"Gift Box \"the Perfect Gift\" - La Petite Cabane \u00e0 Sucre de Qu\u00e9bec","robots":{"index":"index","follow":"follow","max-snippet":"max-snippet:-1","max-image-preview":"max-image-preview:large","max-video-preview":"max-video-preview:-1"},"canonical":"https:\/\/www.petitecabane.com\/en\/produit\/gift-box-the-perfect-gift\/","og_locale":"en_US","og_type":"article","og_title":"Gift Box \"the Perfect Gift\" - La Petite Cabane \u00e0 Sucre de Qu\u00e9bec","og_description":"This gift set contains the following products:  3 individual maple cookies  Bag of maple candies \u2013 10 units  Maple Butter \u2013 150 grams  Maple Caramel - 125 milliliters  Maple Syrup Jug 250 milliliters  Maple candle  Chocolate-covered cranberries - 325 grams  Maple Black Tea \u2013 pack of 12 tea bags  Box of Maple Cream Fudge This set comes in a stylish reusable metal box featuring our company's branding and will be carefully packaged by our team! *Gift box included.","og_url":"https:\/\/www.petitecabane.com\/en\/produit\/gift-box-the-perfect-gift\/","og_site_name":"La Petite Cabane \u00e0 Sucre de Qu\u00e9bec","article_publisher":"https:\/\/www.facebook.com\/petitecabaneasucredeQuebec","article_modified_time":"2025-10-22T12:26:40+00:00","og_image":[{"width":1000,"height":1000,"url":"https:\/\/www.petitecabane.com\/wp-content\/uploads\/2024\/11\/panier-6-web.jpg","type":"image\/jpeg"}],"schema":{"@context":"https:\/\/schema.org","@graph":[{"@type":"WebPage","@id":"https:\/\/www.petitecabane.com\/en\/produit\/gift-box-the-perfect-gift\/","url":"https:\/\/www.petitecabane.com\/en\/produit\/gift-box-the-perfect-gift\/","name":"Gift Box \"the Perfect Gift\" - La Petite Cabane \u00e0 Sucre de Qu\u00e9bec","isPartOf":{"@id":"https:\/\/www.petitecabane.com\/en\/#website"},"primaryImageOfPage":{"@id":"https:\/\/www.petitecabane.com\/en\/produit\/gift-box-the-perfect-gift\/#primaryimage"},"image":{"@id":"https:\/\/www.petitecabane.com\/en\/produit\/gift-box-the-perfect-gift\/#primaryimage"},"thumbnailUrl":"https:\/\/www.petitecabane.com\/wp-content\/uploads\/2024\/11\/panier-6-web.jpg","datePublished":"2024-11-12T18:44:07+00:00","dateModified":"2025-10-22T12:26:40+00:00","breadcrumb":{"@id":"https:\/\/www.petitecabane.com\/en\/produit\/gift-box-the-perfect-gift\/#breadcrumb"},"inLanguage":"en-US","potentialAction":[{"@type":"ReadAction","target":["https:\/\/www.petitecabane.com\/en\/produit\/gift-box-the-perfect-gift\/"]}]},{"@type":"ImageObject","inLanguage":"en-US","@id":"https:\/\/www.petitecabane.com\/en\/produit\/gift-box-the-perfect-gift\/#primaryimage","url":"https:\/\/www.petitecabane.com\/wp-content\/uploads\/2024\/11\/panier-6-web.jpg","contentUrl":"https:\/\/www.petitecabane.com\/wp-content\/uploads\/2024\/11\/panier-6-web.jpg","width":1000,"height":1000},{"@type":"BreadcrumbList","@id":"https:\/\/www.petitecabane.com\/en\/produit\/gift-box-the-perfect-gift\/#breadcrumb","itemListElement":[{"@type":"ListItem","position":1,"name":"Home","item":"https:\/\/www.petitecabane.com\/en\/home\/"},{"@type":"ListItem","position":2,"name":"Shop","item":"https:\/\/www.petitecabane.com\/en\/shop\/"},{"@type":"ListItem","position":3,"name":"Gift Box &#8220;the Perfect Gift&#8221;"}]},{"@type":"WebSite","@id":"https:\/\/www.petitecabane.com\/en\/#website","url":"https:\/\/www.petitecabane.com\/en\/","name":"La Petite Cabane \u00e0 Sucre de Qu\u00e9bec","description":"Boutique sp\u00e9cialis\u00e9e de produits d\u2019\u00e9rable","potentialAction":[{"@type":"SearchAction","target":{"@type":"EntryPoint","urlTemplate":"https:\/\/www.petitecabane.com\/en\/?s={search_term_string}"},"query-input":{"@type":"PropertyValueSpecification","valueRequired":true,"valueName":"search_term_string"}}],"inLanguage":"en-US"}]}},"_links":{"self":[{"href":"https:\/\/www.petitecabane.com\/en\/wp-json\/wp\/v2\/product\/67973","targetHints":{"allow":["GET"]}}],"collection":[{"href":"https:\/\/www.petitecabane.com\/en\/wp-json\/wp\/v2\/product"}],"about":[{"href":"https:\/\/www.petitecabane.com\/en\/wp-json\/wp\/v2\/types\/product"}],"wp:featuredmedia":[{"embeddable":true,"href":"https:\/\/www.petitecabane.com\/en\/wp-json\/wp\/v2\/media\/67974"}],"wp:attachment":[{"href":"https:\/\/www.petitecabane.com\/en\/wp-json\/wp\/v2\/media?parent=67973"}],"wp:term":[{"taxonomy":"product_brand","embeddable":true,"href":"https:\/\/www.petitecabane.com\/en\/wp-json\/wp\/v2\/product_brand?post=67973"},{"taxonomy":"product_cat","embeddable":true,"href":"https:\/\/www.petitecabane.com\/en\/wp-json\/wp\/v2\/product_cat?post=67973"},{"taxonomy":"product_tag","embeddable":true,"href":"https:\/\/www.petitecabane.com\/en\/wp-json\/wp\/v2\/product_tag?post=67973"}],"curies":[{"name":"wp","href":"https:\/\/api.w.org\/{rel}","templated":true}]}}