{"id":67979,"date":"2025-01-09T20:03:50","date_gmt":"2025-01-10T01:03:50","guid":{"rendered":"https:\/\/www.petitecabane.com\/produit\/sparkling-maple-water-original-lime-peach-mango-355-ml\/"},"modified":"2025-10-22T08:26:45","modified_gmt":"2025-10-22T12:26:45","slug":"sparkling-maple-water-original-lime-peach-mango-355-ml","status":"publish","type":"product","link":"https:\/\/www.petitecabane.com\/en\/produit\/sparkling-maple-water-original-lime-peach-mango-355-ml\/","title":{"rendered":"Sparkling Maple Water Original \/ Lime \/ Peach-Mango &#8211; 355 Ml"},"content":{"rendered":"<p>Discover all the benefits of pure maple water in a sparkling version, available in three refreshing flavors: Original, Lime, and Mango. Natural and light, this unique drink combines the joy of festive bubbles with the authentic benefits of nature. With its 46 nutrients and only 35 calories per serving, it offers a refined and modern alternative to artificial sodas and classic sparkling waters. Whether for a wellness break, a moment with friends, or a celebration, each sip offers healthy and delightful refreshment.   <\/p>\n","protected":false},"excerpt":{"rendered":"<p>Sparkling Maple Water available in three flavors \u2013 Original, Lime, and Mango<\/p>\n<ul>\n<li>Low in calories, rich in nutrients, and 100% natural.<\/li>\n<\/ul>\n","protected":false},"featured_media":67980,"template":"","meta":[],"product_brand":[],"product_cat":[353],"product_tag":[],"class_list":{"0":"post-67979","1":"product","2":"type-product","3":"status-publish","4":"has-post-thumbnail","6":"product_cat-maple-water","8":"first","9":"instock","10":"shipping-taxable","11":"purchasable","12":"product-type-variable","13":"has-default-attributes"},"yoast_head":"<!-- This site is optimized with the Yoast SEO plugin v27.2 - https:\/\/yoast.com\/product\/yoast-seo-wordpress\/ -->\n<title>Sparkling Maple Water Original \/ Lime \/ Peach-Mango - 355 Ml - La Petite Cabane \u00e0 Sucre de Qu\u00e9bec<\/title>\n<meta name=\"robots\" content=\"index, follow, max-snippet:-1, max-image-preview:large, max-video-preview:-1\" \/>\n<link rel=\"canonical\" href=\"https:\/\/www.petitecabane.com\/en\/produit\/sparkling-maple-water-original-lime-peach-mango-355-ml\/\" \/>\n<meta property=\"og:locale\" content=\"en_US\" \/>\n<meta property=\"og:type\" content=\"article\" \/>\n<meta property=\"og:title\" content=\"Sparkling Maple Water Original \/ Lime \/ Peach-Mango - 355 Ml - La Petite Cabane \u00e0 Sucre de Qu\u00e9bec\" \/>\n<meta property=\"og:description\" content=\"Sparkling Maple Water available in three flavors \u2013 Original, Lime, and Mango  Low in calories, rich in nutrients, and 100% natural.\" \/>\n<meta property=\"og:url\" content=\"https:\/\/www.petitecabane.com\/en\/produit\/sparkling-maple-water-original-lime-peach-mango-355-ml\/\" \/>\n<meta property=\"og:site_name\" content=\"La Petite Cabane \u00e0 Sucre de Qu\u00e9bec\" \/>\n<meta property=\"article:publisher\" content=\"https:\/\/www.facebook.com\/petitecabaneasucredeQuebec\" \/>\n<meta property=\"article:modified_time\" content=\"2025-10-22T12:26:45+00:00\" \/>\n<meta property=\"og:image\" content=\"https:\/\/www.petitecabane.com\/wp-content\/uploads\/2025\/01\/maple3-eau-petillante-nature-r.jpg\" \/>\n\t<meta property=\"og:image:width\" content=\"1000\" \/>\n\t<meta property=\"og:image:height\" content=\"1000\" \/>\n\t<meta property=\"og:image:type\" content=\"image\/jpeg\" \/>\n<script type=\"application\/ld+json\" class=\"yoast-schema-graph\">{\"@context\":\"https:\/\/schema.org\",\"@graph\":[{\"@type\":\"WebPage\",\"@id\":\"https:\/\/www.petitecabane.com\/en\/produit\/sparkling-maple-water-original-lime-peach-mango-355-ml\/\",\"url\":\"https:\/\/www.petitecabane.com\/en\/produit\/sparkling-maple-water-original-lime-peach-mango-355-ml\/\",\"name\":\"Sparkling Maple Water Original \/ Lime \/ Peach-Mango - 355 Ml - La Petite Cabane \u00e0 Sucre de Qu\u00e9bec\",\"isPartOf\":{\"@id\":\"https:\/\/www.petitecabane.com\/en\/#website\"},\"primaryImageOfPage\":{\"@id\":\"https:\/\/www.petitecabane.com\/en\/produit\/sparkling-maple-water-original-lime-peach-mango-355-ml\/#primaryimage\"},\"image\":{\"@id\":\"https:\/\/www.petitecabane.com\/en\/produit\/sparkling-maple-water-original-lime-peach-mango-355-ml\/#primaryimage\"},\"thumbnailUrl\":\"https:\/\/www.petitecabane.com\/wp-content\/uploads\/2025\/01\/maple3-eau-petillante-nature-r.jpg\",\"datePublished\":\"2025-01-10T01:03:50+00:00\",\"dateModified\":\"2025-10-22T12:26:45+00:00\",\"breadcrumb\":{\"@id\":\"https:\/\/www.petitecabane.com\/en\/produit\/sparkling-maple-water-original-lime-peach-mango-355-ml\/#breadcrumb\"},\"inLanguage\":\"en-US\",\"potentialAction\":[{\"@type\":\"ReadAction\",\"target\":[\"https:\/\/www.petitecabane.com\/en\/produit\/sparkling-maple-water-original-lime-peach-mango-355-ml\/\"]}]},{\"@type\":\"ImageObject\",\"inLanguage\":\"en-US\",\"@id\":\"https:\/\/www.petitecabane.com\/en\/produit\/sparkling-maple-water-original-lime-peach-mango-355-ml\/#primaryimage\",\"url\":\"https:\/\/www.petitecabane.com\/wp-content\/uploads\/2025\/01\/maple3-eau-petillante-nature-r.jpg\",\"contentUrl\":\"https:\/\/www.petitecabane.com\/wp-content\/uploads\/2025\/01\/maple3-eau-petillante-nature-r.jpg\",\"width\":1000,\"height\":1000},{\"@type\":\"BreadcrumbList\",\"@id\":\"https:\/\/www.petitecabane.com\/en\/produit\/sparkling-maple-water-original-lime-peach-mango-355-ml\/#breadcrumb\",\"itemListElement\":[{\"@type\":\"ListItem\",\"position\":1,\"name\":\"Home\",\"item\":\"https:\/\/www.petitecabane.com\/en\/home\/\"},{\"@type\":\"ListItem\",\"position\":2,\"name\":\"Shop\",\"item\":\"https:\/\/www.petitecabane.com\/en\/shop\/\"},{\"@type\":\"ListItem\",\"position\":3,\"name\":\"Sparkling Maple Water Original \/ Lime \/ Peach-Mango &#8211; 355 Ml\"}]},{\"@type\":\"WebSite\",\"@id\":\"https:\/\/www.petitecabane.com\/en\/#website\",\"url\":\"https:\/\/www.petitecabane.com\/en\/\",\"name\":\"La Petite Cabane \u00e0 Sucre de Qu\u00e9bec\",\"description\":\"Boutique sp\u00e9cialis\u00e9e de produits d\u2019\u00e9rable\",\"potentialAction\":[{\"@type\":\"SearchAction\",\"target\":{\"@type\":\"EntryPoint\",\"urlTemplate\":\"https:\/\/www.petitecabane.com\/en\/?s={search_term_string}\"},\"query-input\":{\"@type\":\"PropertyValueSpecification\",\"valueRequired\":true,\"valueName\":\"search_term_string\"}}],\"inLanguage\":\"en-US\"}]}<\/script>\n<!-- \/ Yoast SEO plugin. -->","yoast_head_json":{"title":"Sparkling Maple Water Original \/ Lime \/ Peach-Mango - 355 Ml - La Petite Cabane \u00e0 Sucre de Qu\u00e9bec","robots":{"index":"index","follow":"follow","max-snippet":"max-snippet:-1","max-image-preview":"max-image-preview:large","max-video-preview":"max-video-preview:-1"},"canonical":"https:\/\/www.petitecabane.com\/en\/produit\/sparkling-maple-water-original-lime-peach-mango-355-ml\/","og_locale":"en_US","og_type":"article","og_title":"Sparkling Maple Water Original \/ Lime \/ Peach-Mango - 355 Ml - La Petite Cabane \u00e0 Sucre de Qu\u00e9bec","og_description":"Sparkling Maple Water available in three flavors \u2013 Original, Lime, and Mango  Low in calories, rich in nutrients, and 100% natural.","og_url":"https:\/\/www.petitecabane.com\/en\/produit\/sparkling-maple-water-original-lime-peach-mango-355-ml\/","og_site_name":"La Petite Cabane \u00e0 Sucre de Qu\u00e9bec","article_publisher":"https:\/\/www.facebook.com\/petitecabaneasucredeQuebec","article_modified_time":"2025-10-22T12:26:45+00:00","og_image":[{"width":1000,"height":1000,"url":"https:\/\/www.petitecabane.com\/wp-content\/uploads\/2025\/01\/maple3-eau-petillante-nature-r.jpg","type":"image\/jpeg"}],"schema":{"@context":"https:\/\/schema.org","@graph":[{"@type":"WebPage","@id":"https:\/\/www.petitecabane.com\/en\/produit\/sparkling-maple-water-original-lime-peach-mango-355-ml\/","url":"https:\/\/www.petitecabane.com\/en\/produit\/sparkling-maple-water-original-lime-peach-mango-355-ml\/","name":"Sparkling Maple Water Original \/ Lime \/ Peach-Mango - 355 Ml - La Petite Cabane \u00e0 Sucre de Qu\u00e9bec","isPartOf":{"@id":"https:\/\/www.petitecabane.com\/en\/#website"},"primaryImageOfPage":{"@id":"https:\/\/www.petitecabane.com\/en\/produit\/sparkling-maple-water-original-lime-peach-mango-355-ml\/#primaryimage"},"image":{"@id":"https:\/\/www.petitecabane.com\/en\/produit\/sparkling-maple-water-original-lime-peach-mango-355-ml\/#primaryimage"},"thumbnailUrl":"https:\/\/www.petitecabane.com\/wp-content\/uploads\/2025\/01\/maple3-eau-petillante-nature-r.jpg","datePublished":"2025-01-10T01:03:50+00:00","dateModified":"2025-10-22T12:26:45+00:00","breadcrumb":{"@id":"https:\/\/www.petitecabane.com\/en\/produit\/sparkling-maple-water-original-lime-peach-mango-355-ml\/#breadcrumb"},"inLanguage":"en-US","potentialAction":[{"@type":"ReadAction","target":["https:\/\/www.petitecabane.com\/en\/produit\/sparkling-maple-water-original-lime-peach-mango-355-ml\/"]}]},{"@type":"ImageObject","inLanguage":"en-US","@id":"https:\/\/www.petitecabane.com\/en\/produit\/sparkling-maple-water-original-lime-peach-mango-355-ml\/#primaryimage","url":"https:\/\/www.petitecabane.com\/wp-content\/uploads\/2025\/01\/maple3-eau-petillante-nature-r.jpg","contentUrl":"https:\/\/www.petitecabane.com\/wp-content\/uploads\/2025\/01\/maple3-eau-petillante-nature-r.jpg","width":1000,"height":1000},{"@type":"BreadcrumbList","@id":"https:\/\/www.petitecabane.com\/en\/produit\/sparkling-maple-water-original-lime-peach-mango-355-ml\/#breadcrumb","itemListElement":[{"@type":"ListItem","position":1,"name":"Home","item":"https:\/\/www.petitecabane.com\/en\/home\/"},{"@type":"ListItem","position":2,"name":"Shop","item":"https:\/\/www.petitecabane.com\/en\/shop\/"},{"@type":"ListItem","position":3,"name":"Sparkling Maple Water Original \/ Lime \/ Peach-Mango &#8211; 355 Ml"}]},{"@type":"WebSite","@id":"https:\/\/www.petitecabane.com\/en\/#website","url":"https:\/\/www.petitecabane.com\/en\/","name":"La Petite Cabane \u00e0 Sucre de Qu\u00e9bec","description":"Boutique sp\u00e9cialis\u00e9e de produits d\u2019\u00e9rable","potentialAction":[{"@type":"SearchAction","target":{"@type":"EntryPoint","urlTemplate":"https:\/\/www.petitecabane.com\/en\/?s={search_term_string}"},"query-input":{"@type":"PropertyValueSpecification","valueRequired":true,"valueName":"search_term_string"}}],"inLanguage":"en-US"}]}},"_links":{"self":[{"href":"https:\/\/www.petitecabane.com\/en\/wp-json\/wp\/v2\/product\/67979","targetHints":{"allow":["GET"]}}],"collection":[{"href":"https:\/\/www.petitecabane.com\/en\/wp-json\/wp\/v2\/product"}],"about":[{"href":"https:\/\/www.petitecabane.com\/en\/wp-json\/wp\/v2\/types\/product"}],"wp:featuredmedia":[{"embeddable":true,"href":"https:\/\/www.petitecabane.com\/en\/wp-json\/wp\/v2\/media\/67980"}],"wp:attachment":[{"href":"https:\/\/www.petitecabane.com\/en\/wp-json\/wp\/v2\/media?parent=67979"}],"wp:term":[{"taxonomy":"product_brand","embeddable":true,"href":"https:\/\/www.petitecabane.com\/en\/wp-json\/wp\/v2\/product_brand?post=67979"},{"taxonomy":"product_cat","embeddable":true,"href":"https:\/\/www.petitecabane.com\/en\/wp-json\/wp\/v2\/product_cat?post=67979"},{"taxonomy":"product_tag","embeddable":true,"href":"https:\/\/www.petitecabane.com\/en\/wp-json\/wp\/v2\/product_tag?post=67979"}],"curies":[{"name":"wp","href":"https:\/\/api.w.org\/{rel}","templated":true}]}}