{"id":67991,"date":"2025-02-06T18:46:14","date_gmt":"2025-02-06T23:46:14","guid":{"rendered":"https:\/\/www.petitecabane.com\/produit\/maple-leaf-syrup-50-ml-48-units\/"},"modified":"2026-03-13T14:20:24","modified_gmt":"2026-03-13T18:20:24","slug":"maple-leaf-syrup-50-ml-48-units","status":"publish","type":"product","link":"https:\/\/www.petitecabane.com\/en\/produit\/maple-leaf-syrup-50-ml-48-units\/","title":{"rendered":"Maple Syrup &#8211; Leaf Bottle 50 ml &#8211; 48 units"},"content":{"rendered":"<p>48 units of maple syrup in the famous leaf bottle, Canada&#8217;s emblem, perfect for discovering the authentic flavors of Quebec maple syrup. Renowned for its delicious taste and antioxidant properties, maple syrup is an excellent alternative to white sugar. Use it in all your recipes, sweet or savory: cakes, pancakes, waffles, sundaes, dressings, marinades&#8230; your imagination is the only limit! Premium quality, 100% pure maple syrup. Rich in flavor and nutrients, this syrup is crafted according to tradition. It&#8217;s valued for its many benefits essential for well-being.    <\/p>\n<p>&nbsp;<\/p>\n<h3>Usage Tips<\/h3>\n<p>Note that this syrup can also replace table sugar or honey. It pairs perfectly with your vinaigrettes and marinades, adding that much-loved caramelized and glazed touch. For better preservation, keep it sealed in a cool, dry place, or refrigerate after opening.  <\/p>\n","protected":false},"excerpt":{"rendered":"<p>100% pure amber maple syrup in a decorative bottle, elegant and practical design<\/p>\n<ul>\n<li>A practical and economical pack of 48 x 50 ml bottles for sharing, gifts, or events.<\/li>\n<li>Rich and full-bodied taste, ideal for topping pancakes, desserts, or cooking<\/li>\n<li>Maple leaf-shaped bottle, ideal as a gift or souvenir<\/li>\n<\/ul>\n","protected":false},"featured_media":68263,"template":"","meta":[],"product_brand":[],"product_cat":[346,354],"product_tag":[],"class_list":{"0":"post-67991","1":"product","2":"type-product","3":"status-publish","4":"has-post-thumbnail","6":"product_cat-maple-syrup","7":"product_cat-wholesale-products","9":"first","10":"instock","11":"shipping-taxable","12":"purchasable","13":"product-type-simple"},"yoast_head":"<!-- This site is optimized with the Yoast SEO plugin v27.2 - https:\/\/yoast.com\/product\/yoast-seo-wordpress\/ -->\n<title>Maple Syrup - Leaf Bottle 50 ml - 48 units - La Petite Cabane \u00e0 Sucre de Qu\u00e9bec<\/title>\n<meta name=\"robots\" content=\"index, follow, max-snippet:-1, max-image-preview:large, max-video-preview:-1\" \/>\n<link rel=\"canonical\" href=\"https:\/\/www.petitecabane.com\/en\/produit\/maple-leaf-syrup-50-ml-48-units\/\" \/>\n<meta property=\"og:locale\" content=\"en_US\" \/>\n<meta property=\"og:type\" content=\"article\" \/>\n<meta property=\"og:title\" content=\"Maple Syrup - Leaf Bottle 50 ml - 48 units - La Petite Cabane \u00e0 Sucre de Qu\u00e9bec\" \/>\n<meta property=\"og:description\" content=\"100% pure amber maple syrup in a decorative bottle, elegant and practical design  A practical and economical pack of 48 x 50 ml bottles for sharing, gifts, or events.  Rich and full-bodied taste, ideal for topping pancakes, desserts, or cooking  Maple leaf-shaped bottle, ideal as a gift or souvenir\" \/>\n<meta property=\"og:url\" content=\"https:\/\/www.petitecabane.com\/en\/produit\/maple-leaf-syrup-50-ml-48-units\/\" \/>\n<meta property=\"og:site_name\" content=\"La Petite Cabane \u00e0 Sucre de Qu\u00e9bec\" \/>\n<meta property=\"article:publisher\" content=\"https:\/\/www.facebook.com\/petitecabaneasucredeQuebec\" \/>\n<meta property=\"article:modified_time\" content=\"2026-03-13T18:20:24+00:00\" \/>\n<meta property=\"og:image\" content=\"https:\/\/www.petitecabane.com\/wp-content\/uploads\/2025\/10\/bouteille-feuille-sirop-50ml-48-units.jpg\" \/>\n\t<meta property=\"og:image:width\" content=\"2001\" \/>\n\t<meta property=\"og:image:height\" content=\"2001\" \/>\n\t<meta property=\"og:image:type\" content=\"image\/jpeg\" \/>\n<script type=\"application\/ld+json\" class=\"yoast-schema-graph\">{\"@context\":\"https:\/\/schema.org\",\"@graph\":[{\"@type\":\"WebPage\",\"@id\":\"https:\/\/www.petitecabane.com\/en\/produit\/maple-leaf-syrup-50-ml-48-units\/\",\"url\":\"https:\/\/www.petitecabane.com\/en\/produit\/maple-leaf-syrup-50-ml-48-units\/\",\"name\":\"Maple Syrup - Leaf Bottle 50 ml - 48 units - La Petite Cabane \u00e0 Sucre de Qu\u00e9bec\",\"isPartOf\":{\"@id\":\"https:\/\/www.petitecabane.com\/en\/#website\"},\"primaryImageOfPage\":{\"@id\":\"https:\/\/www.petitecabane.com\/en\/produit\/maple-leaf-syrup-50-ml-48-units\/#primaryimage\"},\"image\":{\"@id\":\"https:\/\/www.petitecabane.com\/en\/produit\/maple-leaf-syrup-50-ml-48-units\/#primaryimage\"},\"thumbnailUrl\":\"https:\/\/www.petitecabane.com\/wp-content\/uploads\/2025\/10\/bouteille-feuille-sirop-50ml-48-units.jpg\",\"datePublished\":\"2025-02-06T23:46:14+00:00\",\"dateModified\":\"2026-03-13T18:20:24+00:00\",\"breadcrumb\":{\"@id\":\"https:\/\/www.petitecabane.com\/en\/produit\/maple-leaf-syrup-50-ml-48-units\/#breadcrumb\"},\"inLanguage\":\"en-US\",\"potentialAction\":[{\"@type\":\"ReadAction\",\"target\":[\"https:\/\/www.petitecabane.com\/en\/produit\/maple-leaf-syrup-50-ml-48-units\/\"]}]},{\"@type\":\"ImageObject\",\"inLanguage\":\"en-US\",\"@id\":\"https:\/\/www.petitecabane.com\/en\/produit\/maple-leaf-syrup-50-ml-48-units\/#primaryimage\",\"url\":\"https:\/\/www.petitecabane.com\/wp-content\/uploads\/2025\/10\/bouteille-feuille-sirop-50ml-48-units.jpg\",\"contentUrl\":\"https:\/\/www.petitecabane.com\/wp-content\/uploads\/2025\/10\/bouteille-feuille-sirop-50ml-48-units.jpg\",\"width\":2001,\"height\":2001},{\"@type\":\"BreadcrumbList\",\"@id\":\"https:\/\/www.petitecabane.com\/en\/produit\/maple-leaf-syrup-50-ml-48-units\/#breadcrumb\",\"itemListElement\":[{\"@type\":\"ListItem\",\"position\":1,\"name\":\"Home\",\"item\":\"https:\/\/www.petitecabane.com\/en\/home\/\"},{\"@type\":\"ListItem\",\"position\":2,\"name\":\"Shop\",\"item\":\"https:\/\/www.petitecabane.com\/en\/shop\/\"},{\"@type\":\"ListItem\",\"position\":3,\"name\":\"Maple Syrup &#8211; Leaf Bottle 50 ml &#8211; 48 units\"}]},{\"@type\":\"WebSite\",\"@id\":\"https:\/\/www.petitecabane.com\/en\/#website\",\"url\":\"https:\/\/www.petitecabane.com\/en\/\",\"name\":\"La Petite Cabane \u00e0 Sucre de Qu\u00e9bec\",\"description\":\"Boutique sp\u00e9cialis\u00e9e de produits d\u2019\u00e9rable\",\"potentialAction\":[{\"@type\":\"SearchAction\",\"target\":{\"@type\":\"EntryPoint\",\"urlTemplate\":\"https:\/\/www.petitecabane.com\/en\/?s={search_term_string}\"},\"query-input\":{\"@type\":\"PropertyValueSpecification\",\"valueRequired\":true,\"valueName\":\"search_term_string\"}}],\"inLanguage\":\"en-US\"}]}<\/script>\n<!-- \/ Yoast SEO plugin. -->","yoast_head_json":{"title":"Maple Syrup - Leaf Bottle 50 ml - 48 units - La Petite Cabane \u00e0 Sucre de Qu\u00e9bec","robots":{"index":"index","follow":"follow","max-snippet":"max-snippet:-1","max-image-preview":"max-image-preview:large","max-video-preview":"max-video-preview:-1"},"canonical":"https:\/\/www.petitecabane.com\/en\/produit\/maple-leaf-syrup-50-ml-48-units\/","og_locale":"en_US","og_type":"article","og_title":"Maple Syrup - Leaf Bottle 50 ml - 48 units - La Petite Cabane \u00e0 Sucre de Qu\u00e9bec","og_description":"100% pure amber maple syrup in a decorative bottle, elegant and practical design  A practical and economical pack of 48 x 50 ml bottles for sharing, gifts, or events.  Rich and full-bodied taste, ideal for topping pancakes, desserts, or cooking  Maple leaf-shaped bottle, ideal as a gift or souvenir","og_url":"https:\/\/www.petitecabane.com\/en\/produit\/maple-leaf-syrup-50-ml-48-units\/","og_site_name":"La Petite Cabane \u00e0 Sucre de Qu\u00e9bec","article_publisher":"https:\/\/www.facebook.com\/petitecabaneasucredeQuebec","article_modified_time":"2026-03-13T18:20:24+00:00","og_image":[{"width":2001,"height":2001,"url":"https:\/\/www.petitecabane.com\/wp-content\/uploads\/2025\/10\/bouteille-feuille-sirop-50ml-48-units.jpg","type":"image\/jpeg"}],"schema":{"@context":"https:\/\/schema.org","@graph":[{"@type":"WebPage","@id":"https:\/\/www.petitecabane.com\/en\/produit\/maple-leaf-syrup-50-ml-48-units\/","url":"https:\/\/www.petitecabane.com\/en\/produit\/maple-leaf-syrup-50-ml-48-units\/","name":"Maple Syrup - Leaf Bottle 50 ml - 48 units - La Petite Cabane \u00e0 Sucre de Qu\u00e9bec","isPartOf":{"@id":"https:\/\/www.petitecabane.com\/en\/#website"},"primaryImageOfPage":{"@id":"https:\/\/www.petitecabane.com\/en\/produit\/maple-leaf-syrup-50-ml-48-units\/#primaryimage"},"image":{"@id":"https:\/\/www.petitecabane.com\/en\/produit\/maple-leaf-syrup-50-ml-48-units\/#primaryimage"},"thumbnailUrl":"https:\/\/www.petitecabane.com\/wp-content\/uploads\/2025\/10\/bouteille-feuille-sirop-50ml-48-units.jpg","datePublished":"2025-02-06T23:46:14+00:00","dateModified":"2026-03-13T18:20:24+00:00","breadcrumb":{"@id":"https:\/\/www.petitecabane.com\/en\/produit\/maple-leaf-syrup-50-ml-48-units\/#breadcrumb"},"inLanguage":"en-US","potentialAction":[{"@type":"ReadAction","target":["https:\/\/www.petitecabane.com\/en\/produit\/maple-leaf-syrup-50-ml-48-units\/"]}]},{"@type":"ImageObject","inLanguage":"en-US","@id":"https:\/\/www.petitecabane.com\/en\/produit\/maple-leaf-syrup-50-ml-48-units\/#primaryimage","url":"https:\/\/www.petitecabane.com\/wp-content\/uploads\/2025\/10\/bouteille-feuille-sirop-50ml-48-units.jpg","contentUrl":"https:\/\/www.petitecabane.com\/wp-content\/uploads\/2025\/10\/bouteille-feuille-sirop-50ml-48-units.jpg","width":2001,"height":2001},{"@type":"BreadcrumbList","@id":"https:\/\/www.petitecabane.com\/en\/produit\/maple-leaf-syrup-50-ml-48-units\/#breadcrumb","itemListElement":[{"@type":"ListItem","position":1,"name":"Home","item":"https:\/\/www.petitecabane.com\/en\/home\/"},{"@type":"ListItem","position":2,"name":"Shop","item":"https:\/\/www.petitecabane.com\/en\/shop\/"},{"@type":"ListItem","position":3,"name":"Maple Syrup &#8211; Leaf Bottle 50 ml &#8211; 48 units"}]},{"@type":"WebSite","@id":"https:\/\/www.petitecabane.com\/en\/#website","url":"https:\/\/www.petitecabane.com\/en\/","name":"La Petite Cabane \u00e0 Sucre de Qu\u00e9bec","description":"Boutique sp\u00e9cialis\u00e9e de produits d\u2019\u00e9rable","potentialAction":[{"@type":"SearchAction","target":{"@type":"EntryPoint","urlTemplate":"https:\/\/www.petitecabane.com\/en\/?s={search_term_string}"},"query-input":{"@type":"PropertyValueSpecification","valueRequired":true,"valueName":"search_term_string"}}],"inLanguage":"en-US"}]}},"_links":{"self":[{"href":"https:\/\/www.petitecabane.com\/en\/wp-json\/wp\/v2\/product\/67991","targetHints":{"allow":["GET"]}}],"collection":[{"href":"https:\/\/www.petitecabane.com\/en\/wp-json\/wp\/v2\/product"}],"about":[{"href":"https:\/\/www.petitecabane.com\/en\/wp-json\/wp\/v2\/types\/product"}],"wp:featuredmedia":[{"embeddable":true,"href":"https:\/\/www.petitecabane.com\/en\/wp-json\/wp\/v2\/media\/68263"}],"wp:attachment":[{"href":"https:\/\/www.petitecabane.com\/en\/wp-json\/wp\/v2\/media?parent=67991"}],"wp:term":[{"taxonomy":"product_brand","embeddable":true,"href":"https:\/\/www.petitecabane.com\/en\/wp-json\/wp\/v2\/product_brand?post=67991"},{"taxonomy":"product_cat","embeddable":true,"href":"https:\/\/www.petitecabane.com\/en\/wp-json\/wp\/v2\/product_cat?post=67991"},{"taxonomy":"product_tag","embeddable":true,"href":"https:\/\/www.petitecabane.com\/en\/wp-json\/wp\/v2\/product_tag?post=67991"}],"curies":[{"name":"wp","href":"https:\/\/api.w.org\/{rel}","templated":true}]}}