{"id":68009,"date":"2025-02-06T22:57:56","date_gmt":"2025-02-07T03:57:56","guid":{"rendered":"https:\/\/www.petitecabane.com\/produit\/maple-lollipops-15-units\/"},"modified":"2025-10-22T08:27:21","modified_gmt":"2025-10-22T12:27:21","slug":"maple-lollipops-15-units","status":"publish","type":"product","link":"https:\/\/www.petitecabane.com\/en\/produit\/maple-lollipops-15-units\/","title":{"rendered":"Maple Lollipops &#8211; 15 Units"},"content":{"rendered":"<p>Enjoy our Quebec maple lollipops, made with 100% pure maple syrup, which gives them their rich and natural taste. Available in a pack of 15, these traditional treats will delight maple lovers. Perfect for personal enjoyment, sharing with family, or as a gourmet gift, they bring a sweet and comforting touch to any occasion.  <\/p>\n<p>&nbsp;<\/p>\n<h3>Storage Tip<br \/>\n<span style=\"color: #555555; font-family: Raleway; font-size: 13px;\">Store your maple lollipops in a cool, dry place, away from moisture and heat.<\/span><\/h3>\n","protected":false},"excerpt":{"rendered":"<p>15 Pure Quebec Maple Lollipops<\/p>\n<ul>\n<li>Made with 100% maple syrup<\/li>\n<li>An authentic treat, perfect for sharing or gifting<\/li>\n<\/ul>\n","protected":false},"featured_media":68010,"template":"","meta":[],"product_brand":[],"product_cat":[348,354],"product_tag":[],"class_list":{"0":"post-68009","1":"product","2":"type-product","3":"status-publish","4":"has-post-thumbnail","6":"product_cat-candies-and-confections","7":"product_cat-wholesale-products","9":"first","10":"instock","11":"taxable","12":"shipping-taxable","13":"purchasable","14":"product-type-simple"},"yoast_head":"<!-- This site is optimized with the Yoast SEO plugin v27.2 - https:\/\/yoast.com\/product\/yoast-seo-wordpress\/ -->\n<title>Maple Lollipops - 15 Units - La Petite Cabane \u00e0 Sucre de Qu\u00e9bec<\/title>\n<meta name=\"robots\" content=\"index, follow, max-snippet:-1, max-image-preview:large, max-video-preview:-1\" \/>\n<link rel=\"canonical\" href=\"https:\/\/www.petitecabane.com\/en\/produit\/maple-lollipops-15-units\/\" \/>\n<meta property=\"og:locale\" content=\"en_US\" \/>\n<meta property=\"og:type\" content=\"article\" \/>\n<meta property=\"og:title\" content=\"Maple Lollipops - 15 Units - La Petite Cabane \u00e0 Sucre de Qu\u00e9bec\" \/>\n<meta property=\"og:description\" content=\"15 Pure Quebec Maple Lollipops  Made with 100% maple syrup  An authentic treat, perfect for sharing or gifting\" \/>\n<meta property=\"og:url\" content=\"https:\/\/www.petitecabane.com\/en\/produit\/maple-lollipops-15-units\/\" \/>\n<meta property=\"og:site_name\" content=\"La Petite Cabane \u00e0 Sucre de Qu\u00e9bec\" \/>\n<meta property=\"article:publisher\" content=\"https:\/\/www.facebook.com\/petitecabaneasucredeQuebec\" \/>\n<meta property=\"article:modified_time\" content=\"2025-10-22T12:27:21+00:00\" \/>\n<meta property=\"og:image\" content=\"https:\/\/www.petitecabane.com\/wp-content\/uploads\/2025\/02\/sucette-sirop-d-erable-1.jpg\" \/>\n\t<meta property=\"og:image:width\" content=\"1024\" \/>\n\t<meta property=\"og:image:height\" content=\"1024\" \/>\n\t<meta property=\"og:image:type\" content=\"image\/jpeg\" \/>\n<script type=\"application\/ld+json\" class=\"yoast-schema-graph\">{\"@context\":\"https:\/\/schema.org\",\"@graph\":[{\"@type\":\"WebPage\",\"@id\":\"https:\/\/www.petitecabane.com\/en\/produit\/maple-lollipops-15-units\/\",\"url\":\"https:\/\/www.petitecabane.com\/en\/produit\/maple-lollipops-15-units\/\",\"name\":\"Maple Lollipops - 15 Units - La Petite Cabane \u00e0 Sucre de Qu\u00e9bec\",\"isPartOf\":{\"@id\":\"https:\/\/www.petitecabane.com\/en\/#website\"},\"primaryImageOfPage\":{\"@id\":\"https:\/\/www.petitecabane.com\/en\/produit\/maple-lollipops-15-units\/#primaryimage\"},\"image\":{\"@id\":\"https:\/\/www.petitecabane.com\/en\/produit\/maple-lollipops-15-units\/#primaryimage\"},\"thumbnailUrl\":\"https:\/\/www.petitecabane.com\/wp-content\/uploads\/2025\/02\/sucette-sirop-d-erable-1.jpg\",\"datePublished\":\"2025-02-07T03:57:56+00:00\",\"dateModified\":\"2025-10-22T12:27:21+00:00\",\"breadcrumb\":{\"@id\":\"https:\/\/www.petitecabane.com\/en\/produit\/maple-lollipops-15-units\/#breadcrumb\"},\"inLanguage\":\"en-US\",\"potentialAction\":[{\"@type\":\"ReadAction\",\"target\":[\"https:\/\/www.petitecabane.com\/en\/produit\/maple-lollipops-15-units\/\"]}]},{\"@type\":\"ImageObject\",\"inLanguage\":\"en-US\",\"@id\":\"https:\/\/www.petitecabane.com\/en\/produit\/maple-lollipops-15-units\/#primaryimage\",\"url\":\"https:\/\/www.petitecabane.com\/wp-content\/uploads\/2025\/02\/sucette-sirop-d-erable-1.jpg\",\"contentUrl\":\"https:\/\/www.petitecabane.com\/wp-content\/uploads\/2025\/02\/sucette-sirop-d-erable-1.jpg\",\"width\":1024,\"height\":1024},{\"@type\":\"BreadcrumbList\",\"@id\":\"https:\/\/www.petitecabane.com\/en\/produit\/maple-lollipops-15-units\/#breadcrumb\",\"itemListElement\":[{\"@type\":\"ListItem\",\"position\":1,\"name\":\"Home\",\"item\":\"https:\/\/www.petitecabane.com\/en\/home\/\"},{\"@type\":\"ListItem\",\"position\":2,\"name\":\"Shop\",\"item\":\"https:\/\/www.petitecabane.com\/en\/shop\/\"},{\"@type\":\"ListItem\",\"position\":3,\"name\":\"Maple Lollipops &#8211; 15 Units\"}]},{\"@type\":\"WebSite\",\"@id\":\"https:\/\/www.petitecabane.com\/en\/#website\",\"url\":\"https:\/\/www.petitecabane.com\/en\/\",\"name\":\"La Petite Cabane \u00e0 Sucre de Qu\u00e9bec\",\"description\":\"Boutique sp\u00e9cialis\u00e9e de produits d\u2019\u00e9rable\",\"potentialAction\":[{\"@type\":\"SearchAction\",\"target\":{\"@type\":\"EntryPoint\",\"urlTemplate\":\"https:\/\/www.petitecabane.com\/en\/?s={search_term_string}\"},\"query-input\":{\"@type\":\"PropertyValueSpecification\",\"valueRequired\":true,\"valueName\":\"search_term_string\"}}],\"inLanguage\":\"en-US\"}]}<\/script>\n<!-- \/ Yoast SEO plugin. -->","yoast_head_json":{"title":"Maple Lollipops - 15 Units - La Petite Cabane \u00e0 Sucre de Qu\u00e9bec","robots":{"index":"index","follow":"follow","max-snippet":"max-snippet:-1","max-image-preview":"max-image-preview:large","max-video-preview":"max-video-preview:-1"},"canonical":"https:\/\/www.petitecabane.com\/en\/produit\/maple-lollipops-15-units\/","og_locale":"en_US","og_type":"article","og_title":"Maple Lollipops - 15 Units - La Petite Cabane \u00e0 Sucre de Qu\u00e9bec","og_description":"15 Pure Quebec Maple Lollipops  Made with 100% maple syrup  An authentic treat, perfect for sharing or gifting","og_url":"https:\/\/www.petitecabane.com\/en\/produit\/maple-lollipops-15-units\/","og_site_name":"La Petite Cabane \u00e0 Sucre de Qu\u00e9bec","article_publisher":"https:\/\/www.facebook.com\/petitecabaneasucredeQuebec","article_modified_time":"2025-10-22T12:27:21+00:00","og_image":[{"width":1024,"height":1024,"url":"https:\/\/www.petitecabane.com\/wp-content\/uploads\/2025\/02\/sucette-sirop-d-erable-1.jpg","type":"image\/jpeg"}],"schema":{"@context":"https:\/\/schema.org","@graph":[{"@type":"WebPage","@id":"https:\/\/www.petitecabane.com\/en\/produit\/maple-lollipops-15-units\/","url":"https:\/\/www.petitecabane.com\/en\/produit\/maple-lollipops-15-units\/","name":"Maple Lollipops - 15 Units - La Petite Cabane \u00e0 Sucre de Qu\u00e9bec","isPartOf":{"@id":"https:\/\/www.petitecabane.com\/en\/#website"},"primaryImageOfPage":{"@id":"https:\/\/www.petitecabane.com\/en\/produit\/maple-lollipops-15-units\/#primaryimage"},"image":{"@id":"https:\/\/www.petitecabane.com\/en\/produit\/maple-lollipops-15-units\/#primaryimage"},"thumbnailUrl":"https:\/\/www.petitecabane.com\/wp-content\/uploads\/2025\/02\/sucette-sirop-d-erable-1.jpg","datePublished":"2025-02-07T03:57:56+00:00","dateModified":"2025-10-22T12:27:21+00:00","breadcrumb":{"@id":"https:\/\/www.petitecabane.com\/en\/produit\/maple-lollipops-15-units\/#breadcrumb"},"inLanguage":"en-US","potentialAction":[{"@type":"ReadAction","target":["https:\/\/www.petitecabane.com\/en\/produit\/maple-lollipops-15-units\/"]}]},{"@type":"ImageObject","inLanguage":"en-US","@id":"https:\/\/www.petitecabane.com\/en\/produit\/maple-lollipops-15-units\/#primaryimage","url":"https:\/\/www.petitecabane.com\/wp-content\/uploads\/2025\/02\/sucette-sirop-d-erable-1.jpg","contentUrl":"https:\/\/www.petitecabane.com\/wp-content\/uploads\/2025\/02\/sucette-sirop-d-erable-1.jpg","width":1024,"height":1024},{"@type":"BreadcrumbList","@id":"https:\/\/www.petitecabane.com\/en\/produit\/maple-lollipops-15-units\/#breadcrumb","itemListElement":[{"@type":"ListItem","position":1,"name":"Home","item":"https:\/\/www.petitecabane.com\/en\/home\/"},{"@type":"ListItem","position":2,"name":"Shop","item":"https:\/\/www.petitecabane.com\/en\/shop\/"},{"@type":"ListItem","position":3,"name":"Maple Lollipops &#8211; 15 Units"}]},{"@type":"WebSite","@id":"https:\/\/www.petitecabane.com\/en\/#website","url":"https:\/\/www.petitecabane.com\/en\/","name":"La Petite Cabane \u00e0 Sucre de Qu\u00e9bec","description":"Boutique sp\u00e9cialis\u00e9e de produits d\u2019\u00e9rable","potentialAction":[{"@type":"SearchAction","target":{"@type":"EntryPoint","urlTemplate":"https:\/\/www.petitecabane.com\/en\/?s={search_term_string}"},"query-input":{"@type":"PropertyValueSpecification","valueRequired":true,"valueName":"search_term_string"}}],"inLanguage":"en-US"}]}},"_links":{"self":[{"href":"https:\/\/www.petitecabane.com\/en\/wp-json\/wp\/v2\/product\/68009","targetHints":{"allow":["GET"]}}],"collection":[{"href":"https:\/\/www.petitecabane.com\/en\/wp-json\/wp\/v2\/product"}],"about":[{"href":"https:\/\/www.petitecabane.com\/en\/wp-json\/wp\/v2\/types\/product"}],"wp:featuredmedia":[{"embeddable":true,"href":"https:\/\/www.petitecabane.com\/en\/wp-json\/wp\/v2\/media\/68010"}],"wp:attachment":[{"href":"https:\/\/www.petitecabane.com\/en\/wp-json\/wp\/v2\/media?parent=68009"}],"wp:term":[{"taxonomy":"product_brand","embeddable":true,"href":"https:\/\/www.petitecabane.com\/en\/wp-json\/wp\/v2\/product_brand?post=68009"},{"taxonomy":"product_cat","embeddable":true,"href":"https:\/\/www.petitecabane.com\/en\/wp-json\/wp\/v2\/product_cat?post=68009"},{"taxonomy":"product_tag","embeddable":true,"href":"https:\/\/www.petitecabane.com\/en\/wp-json\/wp\/v2\/product_tag?post=68009"}],"curies":[{"name":"wp","href":"https:\/\/api.w.org\/{rel}","templated":true}]}}