{"id":68547,"date":"2025-11-24T22:47:41","date_gmt":"2025-11-25T03:47:41","guid":{"rendered":"https:\/\/www.petitecabane.com\/produit\/maple-pancake-and-waffle-mix\/"},"modified":"2025-11-24T22:55:06","modified_gmt":"2025-11-25T03:55:06","slug":"maple-pancake-and-waffle-mix","status":"publish","type":"product","link":"https:\/\/www.petitecabane.com\/en\/produit\/maple-pancake-and-waffle-mix\/","title":{"rendered":"Maple Pancake and Waffle Mix"},"content":{"rendered":"","protected":false},"excerpt":{"rendered":"<p>Ingredients: Wheat flour, Wheat pastry flour, Maple Sugar, Corn Flour, Brown Rice Flour, Buckwheat Flour, Baking Powder, Dried Whole Eggs, Salt, Maple Powder (Maltodextrin, Modified corn starch, Natural flavors, Botanical extracts, Maple syrup). Contains: Wheat, Eggs.<\/p>\n","protected":false},"featured_media":68555,"template":"","meta":[],"product_brand":[],"product_cat":[348],"product_tag":[],"class_list":{"0":"post-68547","1":"product","2":"type-product","3":"status-publish","4":"has-post-thumbnail","6":"product_cat-candies-and-confections","8":"first","9":"instock","10":"shipping-taxable","11":"purchasable","12":"product-type-variable"},"yoast_head":"<!-- This site is optimized with the Yoast SEO plugin v27.2 - https:\/\/yoast.com\/product\/yoast-seo-wordpress\/ -->\n<title>Maple Pancake and Waffle Mix - La Petite Cabane \u00e0 Sucre de Qu\u00e9bec<\/title>\n<meta name=\"robots\" content=\"index, follow, max-snippet:-1, max-image-preview:large, max-video-preview:-1\" \/>\n<link rel=\"canonical\" href=\"https:\/\/www.petitecabane.com\/en\/produit\/maple-pancake-and-waffle-mix\/\" \/>\n<meta property=\"og:locale\" content=\"en_US\" \/>\n<meta property=\"og:type\" content=\"article\" \/>\n<meta property=\"og:title\" content=\"Maple Pancake and Waffle Mix - La Petite Cabane \u00e0 Sucre de Qu\u00e9bec\" \/>\n<meta property=\"og:description\" content=\"Ingredients: Wheat flour, Wheat pastry flour, Maple Sugar, Corn Flour, Brown Rice Flour, Buckwheat Flour, Baking Powder, Dried Whole Eggs, Salt, Maple Powder (Maltodextrin, Modified corn starch, Natural flavors, Botanical extracts, Maple syrup). Contains: Wheat, Eggs.\" \/>\n<meta property=\"og:url\" content=\"https:\/\/www.petitecabane.com\/en\/produit\/maple-pancake-and-waffle-mix\/\" \/>\n<meta property=\"og:site_name\" content=\"La Petite Cabane \u00e0 Sucre de Qu\u00e9bec\" \/>\n<meta property=\"article:publisher\" content=\"https:\/\/www.facebook.com\/petitecabaneasucredeQuebec\" \/>\n<meta property=\"article:modified_time\" content=\"2025-11-25T03:55:06+00:00\" \/>\n<meta property=\"og:image\" content=\"https:\/\/www.petitecabane.com\/wp-content\/uploads\/2025\/11\/Fichier-47.png\" \/>\n\t<meta property=\"og:image:width\" content=\"1202\" \/>\n\t<meta property=\"og:image:height\" content=\"1202\" \/>\n\t<meta property=\"og:image:type\" content=\"image\/png\" \/>\n<script type=\"application\/ld+json\" class=\"yoast-schema-graph\">{\"@context\":\"https:\/\/schema.org\",\"@graph\":[{\"@type\":\"WebPage\",\"@id\":\"https:\/\/www.petitecabane.com\/en\/produit\/maple-pancake-and-waffle-mix\/\",\"url\":\"https:\/\/www.petitecabane.com\/en\/produit\/maple-pancake-and-waffle-mix\/\",\"name\":\"Maple Pancake and Waffle Mix - La Petite Cabane \u00e0 Sucre de Qu\u00e9bec\",\"isPartOf\":{\"@id\":\"https:\/\/www.petitecabane.com\/en\/#website\"},\"primaryImageOfPage\":{\"@id\":\"https:\/\/www.petitecabane.com\/en\/produit\/maple-pancake-and-waffle-mix\/#primaryimage\"},\"image\":{\"@id\":\"https:\/\/www.petitecabane.com\/en\/produit\/maple-pancake-and-waffle-mix\/#primaryimage\"},\"thumbnailUrl\":\"https:\/\/www.petitecabane.com\/wp-content\/uploads\/2025\/11\/Fichier-47.png\",\"datePublished\":\"2025-11-25T03:47:41+00:00\",\"dateModified\":\"2025-11-25T03:55:06+00:00\",\"breadcrumb\":{\"@id\":\"https:\/\/www.petitecabane.com\/en\/produit\/maple-pancake-and-waffle-mix\/#breadcrumb\"},\"inLanguage\":\"en-US\",\"potentialAction\":[{\"@type\":\"ReadAction\",\"target\":[\"https:\/\/www.petitecabane.com\/en\/produit\/maple-pancake-and-waffle-mix\/\"]}]},{\"@type\":\"ImageObject\",\"inLanguage\":\"en-US\",\"@id\":\"https:\/\/www.petitecabane.com\/en\/produit\/maple-pancake-and-waffle-mix\/#primaryimage\",\"url\":\"https:\/\/www.petitecabane.com\/wp-content\/uploads\/2025\/11\/Fichier-47.png\",\"contentUrl\":\"https:\/\/www.petitecabane.com\/wp-content\/uploads\/2025\/11\/Fichier-47.png\",\"width\":1202,\"height\":1202},{\"@type\":\"BreadcrumbList\",\"@id\":\"https:\/\/www.petitecabane.com\/en\/produit\/maple-pancake-and-waffle-mix\/#breadcrumb\",\"itemListElement\":[{\"@type\":\"ListItem\",\"position\":1,\"name\":\"Home\",\"item\":\"https:\/\/www.petitecabane.com\/en\/home\/\"},{\"@type\":\"ListItem\",\"position\":2,\"name\":\"Shop\",\"item\":\"https:\/\/www.petitecabane.com\/en\/shop\/\"},{\"@type\":\"ListItem\",\"position\":3,\"name\":\"Maple Pancake and Waffle Mix\"}]},{\"@type\":\"WebSite\",\"@id\":\"https:\/\/www.petitecabane.com\/en\/#website\",\"url\":\"https:\/\/www.petitecabane.com\/en\/\",\"name\":\"La Petite Cabane \u00e0 Sucre de Qu\u00e9bec\",\"description\":\"Boutique sp\u00e9cialis\u00e9e de produits d\u2019\u00e9rable\",\"potentialAction\":[{\"@type\":\"SearchAction\",\"target\":{\"@type\":\"EntryPoint\",\"urlTemplate\":\"https:\/\/www.petitecabane.com\/en\/?s={search_term_string}\"},\"query-input\":{\"@type\":\"PropertyValueSpecification\",\"valueRequired\":true,\"valueName\":\"search_term_string\"}}],\"inLanguage\":\"en-US\"}]}<\/script>\n<!-- \/ Yoast SEO plugin. -->","yoast_head_json":{"title":"Maple Pancake and Waffle Mix - La Petite Cabane \u00e0 Sucre de Qu\u00e9bec","robots":{"index":"index","follow":"follow","max-snippet":"max-snippet:-1","max-image-preview":"max-image-preview:large","max-video-preview":"max-video-preview:-1"},"canonical":"https:\/\/www.petitecabane.com\/en\/produit\/maple-pancake-and-waffle-mix\/","og_locale":"en_US","og_type":"article","og_title":"Maple Pancake and Waffle Mix - La Petite Cabane \u00e0 Sucre de Qu\u00e9bec","og_description":"Ingredients: Wheat flour, Wheat pastry flour, Maple Sugar, Corn Flour, Brown Rice Flour, Buckwheat Flour, Baking Powder, Dried Whole Eggs, Salt, Maple Powder (Maltodextrin, Modified corn starch, Natural flavors, Botanical extracts, Maple syrup). Contains: Wheat, Eggs.","og_url":"https:\/\/www.petitecabane.com\/en\/produit\/maple-pancake-and-waffle-mix\/","og_site_name":"La Petite Cabane \u00e0 Sucre de Qu\u00e9bec","article_publisher":"https:\/\/www.facebook.com\/petitecabaneasucredeQuebec","article_modified_time":"2025-11-25T03:55:06+00:00","og_image":[{"width":1202,"height":1202,"url":"https:\/\/www.petitecabane.com\/wp-content\/uploads\/2025\/11\/Fichier-47.png","type":"image\/png"}],"schema":{"@context":"https:\/\/schema.org","@graph":[{"@type":"WebPage","@id":"https:\/\/www.petitecabane.com\/en\/produit\/maple-pancake-and-waffle-mix\/","url":"https:\/\/www.petitecabane.com\/en\/produit\/maple-pancake-and-waffle-mix\/","name":"Maple Pancake and Waffle Mix - La Petite Cabane \u00e0 Sucre de Qu\u00e9bec","isPartOf":{"@id":"https:\/\/www.petitecabane.com\/en\/#website"},"primaryImageOfPage":{"@id":"https:\/\/www.petitecabane.com\/en\/produit\/maple-pancake-and-waffle-mix\/#primaryimage"},"image":{"@id":"https:\/\/www.petitecabane.com\/en\/produit\/maple-pancake-and-waffle-mix\/#primaryimage"},"thumbnailUrl":"https:\/\/www.petitecabane.com\/wp-content\/uploads\/2025\/11\/Fichier-47.png","datePublished":"2025-11-25T03:47:41+00:00","dateModified":"2025-11-25T03:55:06+00:00","breadcrumb":{"@id":"https:\/\/www.petitecabane.com\/en\/produit\/maple-pancake-and-waffle-mix\/#breadcrumb"},"inLanguage":"en-US","potentialAction":[{"@type":"ReadAction","target":["https:\/\/www.petitecabane.com\/en\/produit\/maple-pancake-and-waffle-mix\/"]}]},{"@type":"ImageObject","inLanguage":"en-US","@id":"https:\/\/www.petitecabane.com\/en\/produit\/maple-pancake-and-waffle-mix\/#primaryimage","url":"https:\/\/www.petitecabane.com\/wp-content\/uploads\/2025\/11\/Fichier-47.png","contentUrl":"https:\/\/www.petitecabane.com\/wp-content\/uploads\/2025\/11\/Fichier-47.png","width":1202,"height":1202},{"@type":"BreadcrumbList","@id":"https:\/\/www.petitecabane.com\/en\/produit\/maple-pancake-and-waffle-mix\/#breadcrumb","itemListElement":[{"@type":"ListItem","position":1,"name":"Home","item":"https:\/\/www.petitecabane.com\/en\/home\/"},{"@type":"ListItem","position":2,"name":"Shop","item":"https:\/\/www.petitecabane.com\/en\/shop\/"},{"@type":"ListItem","position":3,"name":"Maple Pancake and Waffle Mix"}]},{"@type":"WebSite","@id":"https:\/\/www.petitecabane.com\/en\/#website","url":"https:\/\/www.petitecabane.com\/en\/","name":"La Petite Cabane \u00e0 Sucre de Qu\u00e9bec","description":"Boutique sp\u00e9cialis\u00e9e de produits d\u2019\u00e9rable","potentialAction":[{"@type":"SearchAction","target":{"@type":"EntryPoint","urlTemplate":"https:\/\/www.petitecabane.com\/en\/?s={search_term_string}"},"query-input":{"@type":"PropertyValueSpecification","valueRequired":true,"valueName":"search_term_string"}}],"inLanguage":"en-US"}]}},"_links":{"self":[{"href":"https:\/\/www.petitecabane.com\/en\/wp-json\/wp\/v2\/product\/68547","targetHints":{"allow":["GET"]}}],"collection":[{"href":"https:\/\/www.petitecabane.com\/en\/wp-json\/wp\/v2\/product"}],"about":[{"href":"https:\/\/www.petitecabane.com\/en\/wp-json\/wp\/v2\/types\/product"}],"wp:featuredmedia":[{"embeddable":true,"href":"https:\/\/www.petitecabane.com\/en\/wp-json\/wp\/v2\/media\/68555"}],"wp:attachment":[{"href":"https:\/\/www.petitecabane.com\/en\/wp-json\/wp\/v2\/media?parent=68547"}],"wp:term":[{"taxonomy":"product_brand","embeddable":true,"href":"https:\/\/www.petitecabane.com\/en\/wp-json\/wp\/v2\/product_brand?post=68547"},{"taxonomy":"product_cat","embeddable":true,"href":"https:\/\/www.petitecabane.com\/en\/wp-json\/wp\/v2\/product_cat?post=68547"},{"taxonomy":"product_tag","embeddable":true,"href":"https:\/\/www.petitecabane.com\/en\/wp-json\/wp\/v2\/product_tag?post=68547"}],"curies":[{"name":"wp","href":"https:\/\/api.w.org\/{rel}","templated":true}]}}